{"id":31063,"date":"2021-04-28T09:13:40","date_gmt":"2021-04-28T09:13:40","guid":{"rendered":"http:\/\/tecoi.com:8008\/laser\/"},"modified":"2021-09-22T07:19:35","modified_gmt":"2021-09-22T07:19:35","slug":"laser","status":"publish","type":"page","link":"https:\/\/tecoi.com\/fr\/laser\/","title":{"rendered":"LASER"},"content":{"rendered":"<p>[et_pb_section fb_built=&#8221;1&#8243; admin_label=&#8221;About&#8221; _builder_version=&#8221;4.9.0&#8243; _module_preset=&#8221;default&#8221; width=&#8221;1200px&#8221; width_tablet=&#8221;&#8221; width_phone=&#8221;100%&#8221; width_last_edited=&#8221;on|phone&#8221; max_width=&#8221;1200px&#8221; max_width_tablet=&#8221;&#8221; max_width_phone=&#8221;100%&#8221; max_width_last_edited=&#8221;on|desktop&#8221; module_alignment=&#8221;center&#8221; custom_padding=&#8221;||||false|false&#8221; da_disable_devices=&#8221;off|off|off&#8221; global_colors_info=&#8221;{}&#8221; da_is_popup=&#8221;off&#8221; da_exit_intent=&#8221;off&#8221; da_has_close=&#8221;on&#8221; da_alt_close=&#8221;off&#8221; da_dark_close=&#8221;off&#8221; da_not_modal=&#8221;on&#8221; da_is_singular=&#8221;off&#8221; da_with_loader=&#8221;off&#8221; da_has_shadow=&#8221;on&#8221;][et_pb_row _builder_version=&#8221;4.6.6&#8243; _module_preset=&#8221;default&#8221; custom_margin=&#8221;||||false|false&#8221; global_colors_info=&#8221;{}&#8221;][et_pb_column type=&#8221;4_4&#8243; _builder_version=&#8221;4.6.5&#8243; _module_preset=&#8221;default&#8221; global_colors_info=&#8221;{}&#8221;][et_pb_post_title meta=&#8221;off&#8221; featured_image=&#8221;off&#8221; _builder_version=&#8221;4.9.0&#8243; _module_preset=&#8221;default&#8221; title_level=&#8221;h2&#8243; title_font=&#8221;Bebas Neue||||||||&#8221; title_text_color=&#8221;333&#8243; title_font_size=&#8221;80px&#8221; custom_css_main_element=&#8221;padding-top:30px;||padding-right:30px;||margin-left:30px;||&#8221; border_width_bottom=&#8221;50px&#8221; border_color_bottom=&#8221;#f2b735&#8243; saved_tabs=&#8221;all&#8221; global_colors_info=&#8221;{}&#8221;][\/et_pb_post_title][\/et_pb_column][\/et_pb_row][et_pb_row _builder_version=&#8221;4.9.0&#8243; _module_preset=&#8221;default&#8221; custom_margin=&#8221;20px||||false|false&#8221; global_colors_info=&#8221;{}&#8221;][et_pb_column type=&#8221;4_4&#8243; _builder_version=&#8221;4.9.0&#8243; _module_preset=&#8221;default&#8221; global_colors_info=&#8221;{}&#8221;][et_pb_text content_tablet=&#8221;&#8221; content_phone=&#8221;<\/p>\n<p style=%22text-align: left;%22><strong><br \/><span style=%22font-family: 'Roboto Condensed'; font-size: 20pt; line-height: 1.2;%22>Grands formats et \u00e9paisseurs<\/span><br \/><\/strong><\/p>\n<p>&#8221; content_last_edited=&#8221;on|phone&#8221; _builder_version=&#8221;4.9.7&#8243; _module_preset=&#8221;default&#8221; global_colors_info=&#8221;{}&#8221;]<\/p>\n<p>\n            <strong><br \/>\n              <span style=\"font-family: 'Roboto Condensed'; font-size: 36pt; line-height: 1.2;\">Grands formats et \u00e9paisseurs<\/span><br \/>\n            <\/strong>\n          <\/p>\n<p>[\/et_pb_text][et_pb_divider color=&#8221;#f2b735&#8243; divider_weight=&#8221;10px&#8221; _builder_version=&#8221;4.9.0&#8243; _module_preset=&#8221;default&#8221; global_colors_info=&#8221;{}&#8221;][\/et_pb_divider][\/et_pb_column][\/et_pb_row][et_pb_row column_structure=&#8221;1_2,1_2&#8243; disabled_on=&#8221;off|off|off&#8221; _builder_version=&#8221;4.7.7&#8243; _module_preset=&#8221;default&#8221; global_colors_info=&#8221;{}&#8221;][et_pb_column type=&#8221;1_2&#8243; _builder_version=&#8221;4.7.7&#8243; _module_preset=&#8221;default&#8221; global_colors_info=&#8221;{}&#8221;][et_pb_text _builder_version=&#8221;4.9.0&#8243; _module_preset=&#8221;default&#8221; background_color=&#8221;#f2b73580&#8243; link_option_url=&#8221;https:\/\/tecoi.com\/fr\/ls-t\/&#8221; global_colors_info=&#8221;{}&#8221;]<\/p>\n<h2 style=\"text-align: left; padding-left: 20px; padding-top: 10px;\">\n            <strong>LS-T<\/strong><br \/>\n          <\/h2>\n<p>[\/et_pb_text][et_pb_image src=&#8221;https:\/\/tecoi.com\/wp-content\/uploads\/2021\/01\/LS-T-2.png&#8221; title_text=&#8221;LS T (2)&#8221; url=&#8221;https:\/\/tecoi.com\/fr\/ls-t\/&#8221; align=&#8221;center&#8221; force_fullwidth=&#8221;on&#8221; _builder_version=&#8221;4.8.2&#8243; _module_preset=&#8221;default&#8221; global_colors_info=&#8221;{}&#8221;][\/et_pb_image][\/et_pb_column][et_pb_column type=&#8221;1_2&#8243; _builder_version=&#8221;4.7.7&#8243; _module_preset=&#8221;default&#8221; global_colors_info=&#8221;{}&#8221;][et_pb_text _builder_version=&#8221;4.9.0&#8243; _module_preset=&#8221;default&#8221; background_color=&#8221;#f2b73580&#8243; link_option_url=&#8221;https:\/\/tecoi.com\/fr\/ls-cf\/&#8221; global_colors_info=&#8221;{}&#8221;]<\/p>\n<h2 style=\"text-align: left; padding-left: 20px; padding-top: 10px;\">\n            <strong>LS-CF<\/strong><br \/>\n          <\/h2>\n<p>[\/et_pb_text][et_pb_image src=&#8221;https:\/\/tecoi.com\/wp-content\/uploads\/2021\/01\/LS-CF.png&#8221; title_text=&#8221;LS-CF&#8221; url=&#8221;https:\/\/tecoi.com\/fr\/ls-cf\/&#8221; align=&#8221;center&#8221; force_fullwidth=&#8221;on&#8221; _builder_version=&#8221;4.8.2&#8243; _module_preset=&#8221;default&#8221; global_colors_info=&#8221;{}&#8221;][\/et_pb_image][\/et_pb_column][\/et_pb_row][et_pb_row column_structure=&#8221;1_2,1_2&#8243; disabled_on=&#8221;off|off|off&#8221; _builder_version=&#8221;4.7.7&#8243; _module_preset=&#8221;default&#8221; global_colors_info=&#8221;{}&#8221;][et_pb_column type=&#8221;1_2&#8243; _builder_version=&#8221;4.7.7&#8243; _module_preset=&#8221;default&#8221; global_colors_info=&#8221;{}&#8221;][et_pb_text _builder_version=&#8221;4.9.0&#8243; _module_preset=&#8221;default&#8221; background_color=&#8221;#f2b73580&#8243; link_option_url=&#8221;https:\/\/tecoi.com\/fr\/ls-ct\/&#8221; global_colors_info=&#8221;{}&#8221;]<\/p>\n<h2 style=\"text-align: left; padding-left: 20px; padding-top: 10px;\">\n            <strong>LS-CT<\/strong><br \/>\n          <\/h2>\n<p>[\/et_pb_text][et_pb_image src=&#8221;https:\/\/tecoi.com\/wp-content\/uploads\/2021\/01\/LS-CT_menu.png&#8221; title_text=&#8221;LS-CT_menu&#8221; url=&#8221;https:\/\/tecoi.com\/fr\/ls-ct\/&#8221; align=&#8221;center&#8221; force_fullwidth=&#8221;on&#8221; _builder_version=&#8221;4.8.2&#8243; _module_preset=&#8221;default&#8221; global_colors_info=&#8221;{}&#8221;][\/et_pb_image][\/et_pb_column][et_pb_column type=&#8221;1_2&#8243; _builder_version=&#8221;4.7.7&#8243; _module_preset=&#8221;default&#8221; global_colors_info=&#8221;{}&#8221;][et_pb_text _builder_version=&#8221;4.9.0&#8243; _module_preset=&#8221;default&#8221; background_color=&#8221;#f2b73580&#8243; link_option_url=&#8221;https:\/\/tecoi.com\/fr\/ls-mega\/&#8221; global_colors_info=&#8221;{}&#8221;]<\/p>\n<h2 style=\"text-align: left; padding-left: 20px; padding-top: 10px;\">\n            <strong>LS-MEGA<\/strong><br \/>\n          <\/h2>\n<p>[\/et_pb_text][et_pb_image src=&#8221;https:\/\/tecoi.com\/wp-content\/uploads\/2021\/01\/LS-MEGA.png&#8221; title_text=&#8221;LS MEGA&#8221; url=&#8221;https:\/\/tecoi.com\/fr\/ls-mega\/&#8221; align=&#8221;center&#8221; force_fullwidth=&#8221;on&#8221; _builder_version=&#8221;4.8.2&#8243; _module_preset=&#8221;default&#8221; global_colors_info=&#8221;{}&#8221;][\/et_pb_image][\/et_pb_column][\/et_pb_row][et_pb_row _builder_version=&#8221;4.9.0&#8243; _module_preset=&#8221;default&#8221; custom_margin=&#8221;20px||||false|false&#8221; global_colors_info=&#8221;{}&#8221;][et_pb_column type=&#8221;4_4&#8243; _builder_version=&#8221;4.9.0&#8243; _module_preset=&#8221;default&#8221; global_colors_info=&#8221;{}&#8221;][et_pb_text content_tablet=&#8221;&#8221; content_phone=&#8221;<\/p>\n<p style=%22text-align: left;%22><strong><br \/><span style=%22font-family: 'Roboto Condensed'; font-size: 22pt; line-height: 1.2;%22>D\u00e9coupe de tubes et de profil\u00e9s<\/span><br \/><\/strong><\/p>\n<p>&#8221; content_last_edited=&#8221;on|phone&#8221; _builder_version=&#8221;4.9.7&#8243; _module_preset=&#8221;default&#8221; global_colors_info=&#8221;{}&#8221;]<\/p>\n<p>\n            <strong><br \/>\n              <span style=\"font-family: 'Roboto Condensed'; font-size: 36pt; line-height: 1.2;\">D\u00e9coupe de tubes et de profil\u00e9s<\/span><br \/>\n            <\/strong>\n          <\/p>\n<p>[\/et_pb_text][et_pb_divider color=&#8221;#f2b735&#8243; divider_weight=&#8221;10px&#8221; _builder_version=&#8221;4.9.0&#8243; _module_preset=&#8221;default&#8221; global_colors_info=&#8221;{}&#8221;][\/et_pb_divider][\/et_pb_column][\/et_pb_row][et_pb_row column_structure=&#8221;1_2,1_2&#8243; disabled_on=&#8221;off|off|off&#8221; _builder_version=&#8221;4.7.7&#8243; _module_preset=&#8221;default&#8221; global_colors_info=&#8221;{}&#8221;][et_pb_column type=&#8221;1_2&#8243; _builder_version=&#8221;4.7.7&#8243; _module_preset=&#8221;default&#8221; global_colors_info=&#8221;{}&#8221;][et_pb_text _builder_version=&#8221;4.9.0&#8243; _module_preset=&#8221;default&#8221; background_color=&#8221;#f2b73580&#8243; link_option_url=&#8221;https:\/\/tecoi.com\/fr\/fl\/&#8221; global_colors_info=&#8221;{}&#8221;]<\/p>\n<h2 style=\"text-align: left; padding-left: 20px; padding-top: 10px;\">\n            <strong>FL<\/strong><br \/>\n          <\/h2>\n<p>[\/et_pb_text][et_pb_image src=&#8221;https:\/\/tecoi.com\/wp-content\/uploads\/2021\/03\/FLA-2.jpg&#8221; title_text=&#8221;FLA-(2)&#8221; url=&#8221;https:\/\/tecoi.com\/fr\/fl\/&#8221; align=&#8221;center&#8221; force_fullwidth=&#8221;on&#8221; _builder_version=&#8221;4.9.0&#8243; _module_preset=&#8221;default&#8221; global_colors_info=&#8221;{}&#8221;][\/et_pb_image][\/et_pb_column][et_pb_column type=&#8221;1_2&#8243; _builder_version=&#8221;4.7.7&#8243; _module_preset=&#8221;default&#8221; global_colors_info=&#8221;{}&#8221;][\/et_pb_column][\/et_pb_row][et_pb_row _builder_version=&#8221;4.9.0&#8243; _module_preset=&#8221;default&#8221; custom_margin=&#8221;20px||||false|false&#8221; global_colors_info=&#8221;{}&#8221;][et_pb_column type=&#8221;4_4&#8243; _builder_version=&#8221;4.9.0&#8243; _module_preset=&#8221;default&#8221; global_colors_info=&#8221;{}&#8221;][et_pb_text content_tablet=&#8221;<strong><br \/>\n<span style=%22font-family: 'Roboto Condensed'; font-size: 22pt;%22>Une productivit\u00e9 maximale dans un espace r\u00e9duit<\/span><br \/>\n<\/strong>&#8221; content_phone=&#8221;<strong><br \/>\n<span style=%22font-family: 'Roboto Condensed'; font-size: 22pt;%22>Une productivit\u00e9 maximale dans un espace r\u00e9duit<\/span><br \/>\n<\/strong>&#8221; content_last_edited=&#8221;on|phone&#8221; _builder_version=&#8221;4.9.10&#8243; _module_preset=&#8221;default&#8221; global_colors_info=&#8221;{}&#8221;]<strong><br \/>\n<span style=\"font-family: 'Roboto Condensed'; font-size: 36pt;\">Une productivit\u00e9 maximale dans un espace r\u00e9duit<\/span><br \/>\n<\/strong>[\/et_pb_text][et_pb_divider color=&#8221;#f2b735&#8243; divider_weight=&#8221;10px&#8221; _builder_version=&#8221;4.9.0&#8243; _module_preset=&#8221;default&#8221; global_colors_info=&#8221;{}&#8221;][\/et_pb_divider][\/et_pb_column][\/et_pb_row][et_pb_row column_structure=&#8221;1_2,1_2&#8243; disabled_on=&#8221;off|off|off&#8221; _builder_version=&#8221;4.7.7&#8243; _module_preset=&#8221;default&#8221; global_colors_info=&#8221;{}&#8221;][et_pb_column type=&#8221;1_2&#8243; _builder_version=&#8221;4.7.7&#8243; _module_preset=&#8221;default&#8221; global_colors_info=&#8221;{}&#8221;][et_pb_text disabled_on=&#8221;off|off|off&#8221; _builder_version=&#8221;4.10.6&#8243; _module_preset=&#8221;default&#8221; background_color=&#8221;#f2b73580&#8243; link_option_url=&#8221;https:\/\/tecoi.com\/fr\/mk\/&#8221; hover_enabled=&#8221;0&#8243; global_colors_info=&#8221;{}&#8221; sticky_enabled=&#8221;0&#8243;]<\/p>\n<h2 style=\"text-align: left; padding-left: 20px; padding-top: 10px;\"><strong>MBL<\/strong><\/h2>\n<p>[\/et_pb_text][et_pb_image src=&#8221;https:\/\/tecoi.com\/wp-content\/uploads\/2021\/07\/mb-1k.jpg&#8221; title_text=&#8221;mb-1k&#8221; url=&#8221;https:\/\/tecoi.com\/fr\/mb-l\/&#8221; align=&#8221;center&#8221; force_fullwidth=&#8221;on&#8221; disabled_on=&#8221;off|off|off&#8221; _builder_version=&#8221;4.9.10&#8243; _module_preset=&#8221;default&#8221; global_colors_info=&#8221;{}&#8221;][\/et_pb_image][\/et_pb_column][et_pb_column type=&#8221;1_2&#8243; _builder_version=&#8221;4.7.7&#8243; _module_preset=&#8221;default&#8221; global_colors_info=&#8221;{}&#8221;][\/et_pb_column][\/et_pb_row][et_pb_row _builder_version=&#8221;4.9.0&#8243; _module_preset=&#8221;default&#8221; custom_margin=&#8221;20px||||false|false&#8221; global_colors_info=&#8221;{}&#8221;][et_pb_column type=&#8221;4_4&#8243; _builder_version=&#8221;4.9.0&#8243; _module_preset=&#8221;default&#8221; global_colors_info=&#8221;{}&#8221;][et_pb_text content_tablet=&#8221;&#8221; content_phone=&#8221;<\/p>\n<p style=%22text-align: left;%22><strong><br \/><span style=%22font-family: 'Roboto Condensed'; font-size: 22pt;%22>Machinerie<\/span><br \/><\/strong><\/p>\n<p>&#8221; content_last_edited=&#8221;on|phone&#8221; _builder_version=&#8221;4.9.7&#8243; _module_preset=&#8221;default&#8221; global_colors_info=&#8221;{}&#8221;]<strong><br \/>\n<span style=\"font-family: 'Roboto Condensed'; font-size: 36pt;\">Machinerie<\/span><br \/>\n<\/strong>[\/et_pb_text][et_pb_divider color=&#8221;#f2b735&#8243; divider_weight=&#8221;10px&#8221; _builder_version=&#8221;4.9.0&#8243; _module_preset=&#8221;default&#8221; global_colors_info=&#8221;{}&#8221;][\/et_pb_divider][\/et_pb_column][\/et_pb_row][et_pb_row column_structure=&#8221;1_2,1_2&#8243; disabled_on=&#8221;off|off|off&#8221; _builder_version=&#8221;4.7.7&#8243; _module_preset=&#8221;default&#8221; global_colors_info=&#8221;{}&#8221;][et_pb_column type=&#8221;1_2&#8243; _builder_version=&#8221;4.7.7&#8243; _module_preset=&#8221;default&#8221; global_colors_info=&#8221;{}&#8221;][et_pb_text disabled_on=&#8221;off|off|off&#8221; _builder_version=&#8221;4.9.0&#8243; _module_preset=&#8221;default&#8221; background_color=&#8221;#f2b73580&#8243; link_option_url=&#8221;https:\/\/tecoi.com\/fr\/mk\/&#8221; global_colors_info=&#8221;{}&#8221;]<\/p>\n<h2 style=\"text-align: left; padding-left: 20px; padding-top: 10px;\">\n            <strong>MK<\/strong><br \/>\n          <\/h2>\n<p>[\/et_pb_text][et_pb_image src=&#8221;https:\/\/tecoi.com\/wp-content\/uploads\/2021\/01\/381_MK-3500_MARCADO-LASER-20W_MARCADO-PLASMA-HYPERTHERM-ARC-WRITER_RIPPERS_1920.png&#8221; title_text=&#8221;381_MK-3500_MARCADO-LASER-20W_MARCADO-PLASMA-HYPERTHERM-ARC-WRITER_RIPPERS_1920&#8243; url=&#8221;https:\/\/tecoi.com\/fr\/mk\/&#8221; align=&#8221;center&#8221; force_fullwidth=&#8221;on&#8221; disabled_on=&#8221;off|off|off&#8221; _builder_version=&#8221;4.9.0&#8243; _module_preset=&#8221;default&#8221; global_colors_info=&#8221;{}&#8221;][\/et_pb_image][\/et_pb_column][et_pb_column type=&#8221;1_2&#8243; _builder_version=&#8221;4.7.7&#8243; _module_preset=&#8221;default&#8221; global_colors_info=&#8221;{}&#8221;][\/et_pb_column][\/et_pb_row][et_pb_row column_structure=&#8221;1_2,1_2&#8243; disabled_on=&#8221;on|on|on&#8221; _builder_version=&#8221;4.7.7&#8243; _module_preset=&#8221;default&#8221; disabled=&#8221;on&#8221; global_colors_info=&#8221;{}&#8221;][et_pb_column type=&#8221;1_2&#8243; _builder_version=&#8221;4.7.7&#8243; _module_preset=&#8221;default&#8221; global_colors_info=&#8221;{}&#8221;][et_pb_text _builder_version=&#8221;4.8.2&#8243; _module_preset=&#8221;default&#8221; background_color=&#8221;#f2b73580&#8243; link_option_url=&#8221;https:\/\/tecoi.com\/fr\/stocktec\/&#8221; global_colors_info=&#8221;{}&#8221;]<\/p>\n<h2 style=\"text-align: left; padding-left: 20px; padding-top: 10px;\">\n            <strong>STOCKTEC<\/strong><br \/>\n          <\/h2>\n<p>[\/et_pb_text][et_pb_image src=&#8221;https:\/\/tecoi.com\/wp-content\/uploads\/2021\/01\/STOCKTEC.png&#8221; title_text=&#8221;STOCKTEC&#8221; url=&#8221;https:\/\/tecoi.com\/fr\/stocktec\/&#8221; align=&#8221;center&#8221; force_fullwidth=&#8221;on&#8221; _builder_version=&#8221;4.8.2&#8243; _module_preset=&#8221;default&#8221; global_colors_info=&#8221;{}&#8221;][\/et_pb_image][\/et_pb_column][et_pb_column type=&#8221;1_2&#8243; _builder_version=&#8221;4.7.7&#8243; _module_preset=&#8221;default&#8221; global_colors_info=&#8221;{}&#8221;][\/et_pb_column][\/et_pb_row][\/et_pb_section]<\/p>\n","protected":false},"excerpt":{"rendered":"<p>Grands formats et \u00e9paisseurs LS-T LS-CF LS-CT LS-MEGA D\u00e9coupe de tubes et de profil\u00e9s FL Une productivit\u00e9 maximale dans un espace r\u00e9duit MBL Machinerie MK STOCKTEC<\/p>\n","protected":false},"author":1,"featured_media":0,"parent":0,"menu_order":0,"comment_status":"closed","ping_status":"closed","template":"","meta":{"_et_pb_use_builder":"on","_et_pb_old_content":"","_et_gb_content_width":"","inline_featured_image":false,"footnotes":""},"class_list":["post-31063","page","type-page","status-publish","hentry"],"yoast_head":"<!-- This site is optimized with the Yoast SEO plugin v27.6 - https:\/\/yoast.com\/product\/yoast-seo-wordpress\/ -->\n<title>Laser TECOI<\/title>\n<meta name=\"description\" content=\"Grands formats et \u00e9paisseurs. Coupes de tuyaux et de profils. Marquage.\" \/>\n<meta name=\"robots\" content=\"index, follow, max-snippet:-1, max-image-preview:large, max-video-preview:-1\" \/>\n<link rel=\"canonical\" href=\"https:\/\/tecoi.com\/fr\/laser\/\" \/>\n<meta property=\"og:locale\" content=\"fr_FR\" \/>\n<meta property=\"og:type\" content=\"article\" \/>\n<meta property=\"og:title\" content=\"Laser TECOI\" \/>\n<meta property=\"og:description\" content=\"Grands formats et \u00e9paisseurs. Coupes de tuyaux et de profils. Marquage.\" \/>\n<meta property=\"og:url\" content=\"https:\/\/tecoi.com\/fr\/laser\/\" \/>\n<meta property=\"og:site_name\" content=\"Tecoi.com\" \/>\n<meta property=\"article:modified_time\" content=\"2021-09-22T07:19:35+00:00\" \/>\n<meta name=\"twitter:card\" content=\"summary_large_image\" \/>\n<meta name=\"twitter:label1\" content=\"Dur\u00e9e de lecture estim\u00e9e\" \/>\n\t<meta name=\"twitter:data1\" content=\"7 minutes\" \/>\n<script type=\"application\/ld+json\" class=\"yoast-schema-graph\">{\"@context\":\"https:\\\/\\\/schema.org\",\"@graph\":[{\"@type\":\"WebPage\",\"@id\":\"https:\\\/\\\/tecoi.com\\\/fr\\\/laser\\\/\",\"url\":\"https:\\\/\\\/tecoi.com\\\/fr\\\/laser\\\/\",\"name\":\"Laser TECOI\",\"isPartOf\":{\"@id\":\"https:\\\/\\\/tecoi.com\\\/#website\"},\"datePublished\":\"2021-04-28T09:13:40+00:00\",\"dateModified\":\"2021-09-22T07:19:35+00:00\",\"description\":\"Grands formats et \u00e9paisseurs. Coupes de tuyaux et de profils. Marquage.\",\"breadcrumb\":{\"@id\":\"https:\\\/\\\/tecoi.com\\\/fr\\\/laser\\\/#breadcrumb\"},\"inLanguage\":\"fr-FR\",\"potentialAction\":[{\"@type\":\"ReadAction\",\"target\":[\"https:\\\/\\\/tecoi.com\\\/fr\\\/laser\\\/\"]}]},{\"@type\":\"BreadcrumbList\",\"@id\":\"https:\\\/\\\/tecoi.com\\\/fr\\\/laser\\\/#breadcrumb\",\"itemListElement\":[{\"@type\":\"ListItem\",\"position\":1,\"name\":\"Home\",\"item\":\"https:\\\/\\\/tecoi.com\\\/fr\\\/\"},{\"@type\":\"ListItem\",\"position\":2,\"name\":\"LASER\"}]},{\"@type\":\"WebSite\",\"@id\":\"https:\\\/\\\/tecoi.com\\\/#website\",\"url\":\"https:\\\/\\\/tecoi.com\\\/\",\"name\":\"Tecoi.com\",\"description\":\"Sistemas Avanzados de Procesamiento de Chapa\",\"potentialAction\":[{\"@type\":\"SearchAction\",\"target\":{\"@type\":\"EntryPoint\",\"urlTemplate\":\"https:\\\/\\\/tecoi.com\\\/?s={search_term_string}\"},\"query-input\":{\"@type\":\"PropertyValueSpecification\",\"valueRequired\":true,\"valueName\":\"search_term_string\"}}],\"inLanguage\":\"fr-FR\"}]}<\/script>\n<!-- \/ Yoast SEO plugin. -->","yoast_head_json":{"title":"Laser TECOI","description":"Grands formats et \u00e9paisseurs. Coupes de tuyaux et de profils. Marquage.","robots":{"index":"index","follow":"follow","max-snippet":"max-snippet:-1","max-image-preview":"max-image-preview:large","max-video-preview":"max-video-preview:-1"},"canonical":"https:\/\/tecoi.com\/fr\/laser\/","og_locale":"fr_FR","og_type":"article","og_title":"Laser TECOI","og_description":"Grands formats et \u00e9paisseurs. Coupes de tuyaux et de profils. Marquage.","og_url":"https:\/\/tecoi.com\/fr\/laser\/","og_site_name":"Tecoi.com","article_modified_time":"2021-09-22T07:19:35+00:00","twitter_card":"summary_large_image","twitter_misc":{"Dur\u00e9e de lecture estim\u00e9e":"7 minutes"},"schema":{"@context":"https:\/\/schema.org","@graph":[{"@type":"WebPage","@id":"https:\/\/tecoi.com\/fr\/laser\/","url":"https:\/\/tecoi.com\/fr\/laser\/","name":"Laser TECOI","isPartOf":{"@id":"https:\/\/tecoi.com\/#website"},"datePublished":"2021-04-28T09:13:40+00:00","dateModified":"2021-09-22T07:19:35+00:00","description":"Grands formats et \u00e9paisseurs. Coupes de tuyaux et de profils. Marquage.","breadcrumb":{"@id":"https:\/\/tecoi.com\/fr\/laser\/#breadcrumb"},"inLanguage":"fr-FR","potentialAction":[{"@type":"ReadAction","target":["https:\/\/tecoi.com\/fr\/laser\/"]}]},{"@type":"BreadcrumbList","@id":"https:\/\/tecoi.com\/fr\/laser\/#breadcrumb","itemListElement":[{"@type":"ListItem","position":1,"name":"Home","item":"https:\/\/tecoi.com\/fr\/"},{"@type":"ListItem","position":2,"name":"LASER"}]},{"@type":"WebSite","@id":"https:\/\/tecoi.com\/#website","url":"https:\/\/tecoi.com\/","name":"Tecoi.com","description":"Sistemas Avanzados de Procesamiento de Chapa","potentialAction":[{"@type":"SearchAction","target":{"@type":"EntryPoint","urlTemplate":"https:\/\/tecoi.com\/?s={search_term_string}"},"query-input":{"@type":"PropertyValueSpecification","valueRequired":true,"valueName":"search_term_string"}}],"inLanguage":"fr-FR"}]}},"_links":{"self":[{"href":"https:\/\/tecoi.com\/fr\/wp-json\/wp\/v2\/pages\/31063","targetHints":{"allow":["GET"]}}],"collection":[{"href":"https:\/\/tecoi.com\/fr\/wp-json\/wp\/v2\/pages"}],"about":[{"href":"https:\/\/tecoi.com\/fr\/wp-json\/wp\/v2\/types\/page"}],"author":[{"embeddable":true,"href":"https:\/\/tecoi.com\/fr\/wp-json\/wp\/v2\/users\/1"}],"replies":[{"embeddable":true,"href":"https:\/\/tecoi.com\/fr\/wp-json\/wp\/v2\/comments?post=31063"}],"version-history":[{"count":0,"href":"https:\/\/tecoi.com\/fr\/wp-json\/wp\/v2\/pages\/31063\/revisions"}],"wp:attachment":[{"href":"https:\/\/tecoi.com\/fr\/wp-json\/wp\/v2\/media?parent=31063"}],"curies":[{"name":"wp","href":"https:\/\/api.w.org\/{rel}","templated":true}]}}