{"id":31055,"date":"2021-04-28T09:08:47","date_gmt":"2021-04-28T09:08:47","guid":{"rendered":"http:\/\/tecoi.com:8008\/treuils-et-elevateurs\/"},"modified":"2021-09-20T14:15:57","modified_gmt":"2021-09-20T14:15:57","slug":"treuils-et-elevateurs","status":"publish","type":"page","link":"https:\/\/tecoi.com\/fr\/treuils-et-elevateurs\/","title":{"rendered":"TREUILS ET \u00c9L\u00c9VATEURS"},"content":{"rendered":"<p>[et_pb_section fb_built=&#8221;1&#8243; admin_label=&#8221;About&#8221; _builder_version=&#8221;4.10.6&#8243; _module_preset=&#8221;default&#8221; custom_margin_tablet=&#8221;&#8221; custom_margin_phone=&#8221;|10px||10px|false|false&#8221; custom_margin_last_edited=&#8221;on|phone&#8221; custom_padding=&#8221;||||false|false&#8221; hover_enabled=&#8221;0&#8243; da_disable_devices=&#8221;off|off|off&#8221; global_colors_info=&#8221;{}&#8221; custom_margin=&#8221;|25px||25px|false|true&#8221; sticky_enabled=&#8221;0&#8243; da_is_popup=&#8221;off&#8221; da_exit_intent=&#8221;off&#8221; da_has_close=&#8221;on&#8221; da_alt_close=&#8221;off&#8221; da_dark_close=&#8221;off&#8221; da_not_modal=&#8221;on&#8221; da_is_singular=&#8221;off&#8221; da_with_loader=&#8221;off&#8221; da_has_shadow=&#8221;on&#8221;][et_pb_row _builder_version=&#8221;4.10.6&#8243; _module_preset=&#8221;default&#8221; width=&#8221;100%&#8221; custom_margin=&#8221;0px|0px|0px|0px|false|true&#8221; hover_enabled=&#8221;0&#8243; global_colors_info=&#8221;{}&#8221; sticky_enabled=&#8221;0&#8243;][et_pb_column type=&#8221;4_4&#8243; _builder_version=&#8221;4.6.5&#8243; _module_preset=&#8221;default&#8221; global_colors_info=&#8221;{}&#8221;][et_pb_post_title meta=&#8221;off&#8221; featured_image=&#8221;off&#8221; _builder_version=&#8221;4.10.6&#8243; _module_preset=&#8221;default&#8221; title_level=&#8221;h2&#8243; title_font=&#8221;Bebas Neue||||||||&#8221; title_text_color=&#8221;333&#8243; title_font_size=&#8221;80px&#8221; hover_enabled=&#8221;0&#8243; custom_css_main_element=&#8221;padding-top:30px;||padding-right:30px;||margin-left:30px;||&#8221; border_width_bottom=&#8221;50px&#8221; border_color_bottom=&#8221;#f2b735&#8243; saved_tabs=&#8221;all&#8221; global_colors_info=&#8221;{}&#8221; custom_margin=&#8221;|0px||0px|false|true&#8221; sticky_enabled=&#8221;0&#8243;][\/et_pb_post_title][\/et_pb_column][\/et_pb_row][et_pb_row column_structure=&#8221;1_2,1_2&#8243; disabled_on=&#8221;off|off|off&#8221; _builder_version=&#8221;4.10.6&#8243; _module_preset=&#8221;default&#8221; hover_enabled=&#8221;0&#8243; global_colors_info=&#8221;{}&#8221; width=&#8221;100%&#8221; custom_margin=&#8221;|0px||0px|false|true&#8221; sticky_enabled=&#8221;0&#8243;][et_pb_column type=&#8221;1_2&#8243; _builder_version=&#8221;4.7.7&#8243; _module_preset=&#8221;default&#8221; global_colors_info=&#8221;{}&#8221;][et_pb_text _builder_version=&#8221;4.8.1&#8243; _module_preset=&#8221;default&#8221; background_color=&#8221;#f2b73580&#8243; global_colors_info=&#8221;{}&#8221;]<\/p>\n<h2 style=\"text-align: left; padding-left: 20px; padding-top: 10px;\">\n            <strong>PTA<\/strong><br \/>\n          <\/h2>\n<p>[\/et_pb_text][et_pb_image src=&#8221;https:\/\/tecoi.com\/wp-content\/uploads\/2021\/01\/PTA_menu.png&#8221; title_text=&#8221;PTA_menu&#8221; url=&#8221;https:\/\/tecoi.com\/fr\/pta\/&#8221; align=&#8221;center&#8221; _builder_version=&#8221;4.8.2&#8243; _module_preset=&#8221;default&#8221; custom_css_main_element=&#8221;%91tooltip text=%22Maquinaria%22%93%91\/tooltip%93&#8243; global_colors_info=&#8221;{}&#8221;][\/et_pb_image][et_pb_text _builder_version=&#8221;4.9.0&#8243; _module_preset=&#8221;default&#8221; global_colors_info=&#8221;{}&#8221;]<\/p>\n<h2>\n            <strong>Mandrin \u00e0 m\u00e2choires automatique<\/strong><br \/>\n          <\/h2>\n<ul>\n<li>Ouverture et fermeture automatiques.<\/li>\n<li>Il dispose de trois types d&#8217;embrayages de support, interchangeables selon le type de coupe \u00e0 traiter.<\/li>\n<li>Rotation servo-command\u00e9e.<\/li>\n<li>R\u00e9glage automatique de la hauteur, en fonction du diam\u00e8tre du tuyau \u00e0 couper.<\/li>\n<li>Mouvement de 100 mm dans la direction axiale pour serrer l&#8217;extr\u00e9mit\u00e9 du tube et le rel\u00e2cher une fois la coupe termin\u00e9e.<\/li>\n<li>Arbre creux pour l&#8217;extraction de la fum\u00e9e pendant la coupe.<\/li>\n<li>Pour les tuyaux jusqu&#8217;\u00e0 1 200 mm de diam\u00e8tre (selon le mod\u00e8le).\u00b4<\/li>\n<\/ul>\n<p>[\/et_pb_text][\/et_pb_column][et_pb_column type=&#8221;1_2&#8243; _builder_version=&#8221;4.7.7&#8243; _module_preset=&#8221;default&#8221; global_colors_info=&#8221;{}&#8221;][et_pb_text _builder_version=&#8221;4.7.7&#8243; _module_preset=&#8221;default&#8221; background_color=&#8221;#f2b73580&#8243; global_colors_info=&#8221;{}&#8221;]<\/p>\n<h2 style=\"text-align: left; padding-left:20px; padding-top:10px;\">\n            <strong>SCS<\/strong><br \/>\n          <\/h2>\n<p>[\/et_pb_text][et_pb_image src=&#8221;https:\/\/tecoi.com\/wp-content\/uploads\/2021\/01\/CSC-Tijera_menu.png&#8221; title_text=&#8221;CSC-Tijera_menu&#8221; url=&#8221;https:\/\/tecoi.com\/fr\/scs\/&#8221; align=&#8221;center&#8221; _builder_version=&#8221;4.8.2&#8243; _module_preset=&#8221;default&#8221; global_colors_info=&#8221;{}&#8221;][\/et_pb_image][et_pb_text _builder_version=&#8221;4.9.7&#8243; _module_preset=&#8221;default&#8221; global_colors_info=&#8221;{}&#8221;]<\/p>\n<h2>\n            <strong>Ciseaux de levage automatiques<\/strong><br \/>\n          <\/h2>\n<p>Syst\u00e8me m\u00e9canique de support et de r\u00e9glage de la hauteur du tuyau pour les diff\u00e9rents diam\u00e8tres. Composant motoris\u00e9, il poss\u00e8de une <em>broche<\/em> qui agit sur un syst\u00e8me trap\u00e9zo\u00efdal pour le r\u00e9glage en hauteur des rouleaux lat\u00e9raux, qui permettent la <strong>rotation de toute la gamme de diam\u00e8tres des tubes.<\/strong> Entre chaque groupe de ciseaux, il y a des rouleaux situ\u00e9s des deux c\u00f4t\u00e9s, qui supportent et permettent la rotation de toute la gamme de diam\u00e8tres de tuyaux.<\/p>\n<p>\n            <strong>Adaptable \u00e0 l&#8217;installation de lunette pour la fixation et le traitement des profil\u00e9s.<\/strong>\n          <\/p>\n<p>[\/et_pb_text][\/et_pb_column][\/et_pb_row][et_pb_row column_structure=&#8221;1_2,1_2&#8243; disabled_on=&#8221;off|off|off&#8221; _builder_version=&#8221;4.10.6&#8243; _module_preset=&#8221;default&#8221; hover_enabled=&#8221;0&#8243; global_colors_info=&#8221;{}&#8221; width=&#8221;100%&#8221; custom_margin=&#8221;|0px||0px|false|true&#8221; sticky_enabled=&#8221;0&#8243;][et_pb_column type=&#8221;1_2&#8243; _builder_version=&#8221;4.7.7&#8243; _module_preset=&#8221;default&#8221; global_colors_info=&#8221;{}&#8221;][et_pb_text _builder_version=&#8221;4.7.7&#8243; _module_preset=&#8221;default&#8221; background_color=&#8221;#f2b73580&#8243; global_colors_info=&#8221;{}&#8221;]<\/p>\n<h2 style=\"text-align: left; padding-left:20px; padding-top:10px;\">\n            <strong>TAT<\/strong><br \/>\n          <\/h2>\n<p>[\/et_pb_text][et_pb_image src=&#8221;https:\/\/tecoi.com\/wp-content\/uploads\/2021\/01\/TAT_menu.png&#8221; title_text=&#8221;TAT_menu&#8221; url=&#8221;https:\/\/tecoi.com\/fr\/tat\/&#8221; align=&#8221;center&#8221; _builder_version=&#8221;4.8.2&#8243; _module_preset=&#8221;default&#8221; global_colors_info=&#8221;{}&#8221;][\/et_pb_image][et_pb_text _builder_version=&#8221;4.8.1&#8243; _module_preset=&#8221;default&#8221; global_colors_info=&#8221;{}&#8221;]<\/p>\n<p>Syst\u00e8me de support du tube au moyen de ciseaux hydrauliques \u00e0 commande manuelle install\u00e9s sur deux rails qui permettent d&#8217;ajuster leur position pour une <strong>r\u00e9partition \u00e9quilibr\u00e9e du poids du tube<\/strong>, ainsi que sa <strong>coordination<\/strong> avec les diff\u00e9rents \u00e9l\u00e9ments \u00e0 couper. Les roues d&#8217;appui ont un \u00e9videment pour l&#8217;utilisation de lunette de fixation de profil.<\/p>\n<p>[\/et_pb_text][\/et_pb_column][et_pb_column type=&#8221;1_2&#8243; _builder_version=&#8221;4.7.7&#8243; _module_preset=&#8221;default&#8221; global_colors_info=&#8221;{}&#8221;][et_pb_text _builder_version=&#8221;4.7.7&#8243; _module_preset=&#8221;default&#8221; background_color=&#8221;#f2b73580&#8243; global_colors_info=&#8221;{}&#8221;]<\/p>\n<h2 style=\"text-align: left; padding-left:20px; padding-top:10px;\">\n            <strong>TTM<\/strong><br \/>\n          <\/h2>\n<p>[\/et_pb_text][et_pb_image src=&#8221;https:\/\/tecoi.com\/wp-content\/uploads\/2021\/01\/TTM_menu.png&#8221; title_text=&#8221;TTM_menu&#8221; url=&#8221;https:\/\/tecoi.com\/fr\/ttm\/&#8221; align=&#8221;center&#8221; _builder_version=&#8221;4.9.0&#8243; _module_preset=&#8221;default&#8221; max_height=&#8221;236px&#8221; global_colors_info=&#8221;{}&#8221;][\/et_pb_image][et_pb_text _builder_version=&#8221;4.9.0&#8243; _module_preset=&#8221;default&#8221; global_colors_info=&#8221;{}&#8221;]<\/p>\n<h2>\n            <strong>Plaque \u00e0 griffes manuelle<\/strong><br \/>\n          <\/h2>\n<ul>\n<li>Treuil manuel d&#8217;ouverture et de fermeture.<\/li>\n<li>Rotation servo-command\u00e9e.<\/li>\n<li>Puits creux pour l&#8217;extraction de la fum\u00e9e.<\/li>\n<li>Tuyaux jusqu&#8217;\u00e0 500 mm de diam\u00e8tre.<\/li>\n<\/ul>\n<p>[\/et_pb_text][\/et_pb_column][\/et_pb_row][\/et_pb_section]<\/p>\n","protected":false},"excerpt":{"rendered":"<p>PTA Mandrin \u00e0 m\u00e2choires automatique Ouverture et fermeture automatiques. Il dispose de trois types d&#8217;embrayages de support, interchangeables selon le type de coupe \u00e0 traiter. Rotation servo-command\u00e9e. R\u00e9glage automatique de la hauteur, en fonction du diam\u00e8tre du tuyau \u00e0 couper. Mouvement de 100 mm dans la direction axiale pour serrer l&#8217;extr\u00e9mit\u00e9 du tube et le [&hellip;]<\/p>\n","protected":false},"author":1,"featured_media":0,"parent":0,"menu_order":0,"comment_status":"closed","ping_status":"closed","template":"","meta":{"_et_pb_use_builder":"on","_et_pb_old_content":"","_et_gb_content_width":"","inline_featured_image":false,"footnotes":""},"class_list":["post-31055","page","type-page","status-publish","hentry"],"yoast_head":"<!-- This site is optimized with the Yoast SEO plugin v27.5 - https:\/\/yoast.com\/product\/yoast-seo-wordpress\/ -->\n<title>TECOI, syst\u00e8me de support des tubes<\/title>\n<meta name=\"description\" content=\"Mandrin \u00e0 m\u00e2choires automatique. Ciseaux de levage automatiques. Plaque \u00e0 griffes manuelle.\" \/>\n<meta name=\"robots\" content=\"index, follow, max-snippet:-1, max-image-preview:large, max-video-preview:-1\" \/>\n<link rel=\"canonical\" href=\"https:\/\/tecoi.com\/fr\/tornos-y-elevadores\/\" \/>\n<meta property=\"og:locale\" content=\"fr_FR\" \/>\n<meta property=\"og:type\" content=\"article\" \/>\n<meta property=\"og:title\" content=\"TECOI, syst\u00e8me de support des tubes\" \/>\n<meta property=\"og:description\" content=\"Mandrin \u00e0 m\u00e2choires automatique. Ciseaux de levage automatiques. Plaque \u00e0 griffes manuelle.\" \/>\n<meta property=\"og:url\" content=\"https:\/\/tecoi.com\/tornos-y-elevadores\/\" \/>\n<meta property=\"og:site_name\" content=\"Tecoi.com\" \/>\n<meta property=\"article:modified_time\" content=\"2021-09-20T14:15:57+00:00\" \/>\n<meta name=\"twitter:card\" content=\"summary_large_image\" \/>\n<meta name=\"twitter:label1\" content=\"Dur\u00e9e de lecture estim\u00e9e\" \/>\n\t<meta name=\"twitter:data1\" content=\"4 minutes\" \/>\n<script type=\"application\/ld+json\" class=\"yoast-schema-graph\">{\"@context\":\"https:\\\/\\\/schema.org\",\"@graph\":[{\"@type\":\"WebPage\",\"@id\":\"https:\\\/\\\/tecoi.com\\\/tornos-y-elevadores\\\/\",\"url\":\"https:\\\/\\\/tecoi.com\\\/tornos-y-elevadores\\\/\",\"name\":\"TECOI, syst\u00e8me de support des tubes\",\"isPartOf\":{\"@id\":\"https:\\\/\\\/tecoi.com\\\/#website\"},\"datePublished\":\"2021-04-28T09:08:47+00:00\",\"dateModified\":\"2021-09-20T14:15:57+00:00\",\"description\":\"Mandrin \u00e0 m\u00e2choires automatique. Ciseaux de levage automatiques. Plaque \u00e0 griffes manuelle.\",\"breadcrumb\":{\"@id\":\"https:\\\/\\\/tecoi.com\\\/tornos-y-elevadores\\\/#breadcrumb\"},\"inLanguage\":\"fr-FR\",\"potentialAction\":[{\"@type\":\"ReadAction\",\"target\":[\"https:\\\/\\\/tecoi.com\\\/tornos-y-elevadores\\\/\"]}]},{\"@type\":\"BreadcrumbList\",\"@id\":\"https:\\\/\\\/tecoi.com\\\/tornos-y-elevadores\\\/#breadcrumb\",\"itemListElement\":[{\"@type\":\"ListItem\",\"position\":1,\"name\":\"Home\",\"item\":\"https:\\\/\\\/tecoi.com\\\/fr\\\/\"},{\"@type\":\"ListItem\",\"position\":2,\"name\":\"TREUILS ET \u00c9L\u00c9VATEURS\"}]},{\"@type\":\"WebSite\",\"@id\":\"https:\\\/\\\/tecoi.com\\\/#website\",\"url\":\"https:\\\/\\\/tecoi.com\\\/\",\"name\":\"Tecoi.com\",\"description\":\"Sistemas Avanzados de Procesamiento de Chapa\",\"potentialAction\":[{\"@type\":\"SearchAction\",\"target\":{\"@type\":\"EntryPoint\",\"urlTemplate\":\"https:\\\/\\\/tecoi.com\\\/?s={search_term_string}\"},\"query-input\":{\"@type\":\"PropertyValueSpecification\",\"valueRequired\":true,\"valueName\":\"search_term_string\"}}],\"inLanguage\":\"fr-FR\"}]}<\/script>\n<!-- \/ Yoast SEO plugin. -->","yoast_head_json":{"title":"TECOI, syst\u00e8me de support des tubes","description":"Mandrin \u00e0 m\u00e2choires automatique. Ciseaux de levage automatiques. Plaque \u00e0 griffes manuelle.","robots":{"index":"index","follow":"follow","max-snippet":"max-snippet:-1","max-image-preview":"max-image-preview:large","max-video-preview":"max-video-preview:-1"},"canonical":"https:\/\/tecoi.com\/fr\/tornos-y-elevadores\/","og_locale":"fr_FR","og_type":"article","og_title":"TECOI, syst\u00e8me de support des tubes","og_description":"Mandrin \u00e0 m\u00e2choires automatique. Ciseaux de levage automatiques. Plaque \u00e0 griffes manuelle.","og_url":"https:\/\/tecoi.com\/tornos-y-elevadores\/","og_site_name":"Tecoi.com","article_modified_time":"2021-09-20T14:15:57+00:00","twitter_card":"summary_large_image","twitter_misc":{"Dur\u00e9e de lecture estim\u00e9e":"4 minutes"},"schema":{"@context":"https:\/\/schema.org","@graph":[{"@type":"WebPage","@id":"https:\/\/tecoi.com\/tornos-y-elevadores\/","url":"https:\/\/tecoi.com\/tornos-y-elevadores\/","name":"TECOI, syst\u00e8me de support des tubes","isPartOf":{"@id":"https:\/\/tecoi.com\/#website"},"datePublished":"2021-04-28T09:08:47+00:00","dateModified":"2021-09-20T14:15:57+00:00","description":"Mandrin \u00e0 m\u00e2choires automatique. Ciseaux de levage automatiques. Plaque \u00e0 griffes manuelle.","breadcrumb":{"@id":"https:\/\/tecoi.com\/tornos-y-elevadores\/#breadcrumb"},"inLanguage":"fr-FR","potentialAction":[{"@type":"ReadAction","target":["https:\/\/tecoi.com\/tornos-y-elevadores\/"]}]},{"@type":"BreadcrumbList","@id":"https:\/\/tecoi.com\/tornos-y-elevadores\/#breadcrumb","itemListElement":[{"@type":"ListItem","position":1,"name":"Home","item":"https:\/\/tecoi.com\/fr\/"},{"@type":"ListItem","position":2,"name":"TREUILS ET \u00c9L\u00c9VATEURS"}]},{"@type":"WebSite","@id":"https:\/\/tecoi.com\/#website","url":"https:\/\/tecoi.com\/","name":"Tecoi.com","description":"Sistemas Avanzados de Procesamiento de Chapa","potentialAction":[{"@type":"SearchAction","target":{"@type":"EntryPoint","urlTemplate":"https:\/\/tecoi.com\/?s={search_term_string}"},"query-input":{"@type":"PropertyValueSpecification","valueRequired":true,"valueName":"search_term_string"}}],"inLanguage":"fr-FR"}]}},"_links":{"self":[{"href":"https:\/\/tecoi.com\/fr\/wp-json\/wp\/v2\/pages\/31055","targetHints":{"allow":["GET"]}}],"collection":[{"href":"https:\/\/tecoi.com\/fr\/wp-json\/wp\/v2\/pages"}],"about":[{"href":"https:\/\/tecoi.com\/fr\/wp-json\/wp\/v2\/types\/page"}],"author":[{"embeddable":true,"href":"https:\/\/tecoi.com\/fr\/wp-json\/wp\/v2\/users\/1"}],"replies":[{"embeddable":true,"href":"https:\/\/tecoi.com\/fr\/wp-json\/wp\/v2\/comments?post=31055"}],"version-history":[{"count":0,"href":"https:\/\/tecoi.com\/fr\/wp-json\/wp\/v2\/pages\/31055\/revisions"}],"wp:attachment":[{"href":"https:\/\/tecoi.com\/fr\/wp-json\/wp\/v2\/media?parent=31055"}],"curies":[{"name":"wp","href":"https:\/\/api.w.org\/{rel}","templated":true}]}}