{"id":30995,"date":"2021-04-28T08:53:53","date_gmt":"2021-04-28T08:53:53","guid":{"rendered":"http:\/\/tecoi.com:8008\/filtres\/"},"modified":"2021-09-20T14:29:18","modified_gmt":"2021-09-20T14:29:18","slug":"filtres","status":"publish","type":"page","link":"https:\/\/tecoi.com\/fr\/filtres\/","title":{"rendered":"FILTRES"},"content":{"rendered":"<p>[et_pb_section fb_built=&#8221;1&#8243; admin_label=&#8221;About&#8221; _builder_version=&#8221;4.10.6&#8243; _module_preset=&#8221;default&#8221; custom_margin_tablet=&#8221;&#8221; custom_margin_phone=&#8221;|10px||10px|false|false&#8221; custom_margin_last_edited=&#8221;on|phone&#8221; custom_padding=&#8221;||||false|false&#8221; hover_enabled=&#8221;0&#8243; da_disable_devices=&#8221;off|off|off&#8221; global_colors_info=&#8221;{}&#8221; custom_margin=&#8221;|25px||25px|false|true&#8221; sticky_enabled=&#8221;0&#8243; da_is_popup=&#8221;off&#8221; da_exit_intent=&#8221;off&#8221; da_has_close=&#8221;on&#8221; da_alt_close=&#8221;off&#8221; da_dark_close=&#8221;off&#8221; da_not_modal=&#8221;on&#8221; da_is_singular=&#8221;off&#8221; da_with_loader=&#8221;off&#8221; da_has_shadow=&#8221;on&#8221;][et_pb_row _builder_version=&#8221;4.10.6&#8243; _module_preset=&#8221;default&#8221; custom_margin=&#8221;|0px||0px|false|true&#8221; hover_enabled=&#8221;0&#8243; global_colors_info=&#8221;{}&#8221; width=&#8221;100%&#8221; sticky_enabled=&#8221;0&#8243;][et_pb_column type=&#8221;4_4&#8243; _builder_version=&#8221;4.6.5&#8243; _module_preset=&#8221;default&#8221; global_colors_info=&#8221;{}&#8221;][et_pb_post_title meta=&#8221;off&#8221; featured_image=&#8221;off&#8221; _builder_version=&#8221;4.10.6&#8243; _module_preset=&#8221;default&#8221; title_level=&#8221;h2&#8243; title_font=&#8221;Bebas Neue||||||||&#8221; title_text_color=&#8221;333&#8243; title_font_size=&#8221;80px&#8221; hover_enabled=&#8221;0&#8243; custom_css_main_element=&#8221;padding-top:30px;||padding-right:30px;||margin-left:30px;||&#8221; border_width_bottom=&#8221;50px&#8221; border_color_bottom=&#8221;#f2b735&#8243; saved_tabs=&#8221;all&#8221; global_colors_info=&#8221;{}&#8221; custom_margin=&#8221;|0px||0px|false|true&#8221; sticky_enabled=&#8221;0&#8243;][\/et_pb_post_title][\/et_pb_column][\/et_pb_row][et_pb_row column_structure=&#8221;1_2,1_2&#8243; disabled_on=&#8221;off|off|off&#8221; _builder_version=&#8221;4.10.6&#8243; _module_preset=&#8221;default&#8221; hover_enabled=&#8221;0&#8243; global_colors_info=&#8221;{}&#8221; width=&#8221;100%&#8221; sticky_enabled=&#8221;0&#8243;][et_pb_column type=&#8221;1_2&#8243; _builder_version=&#8221;4.7.7&#8243; _module_preset=&#8221;default&#8221; global_colors_info=&#8221;{}&#8221;][et_pb_text _builder_version=&#8221;4.7.7&#8243; _module_preset=&#8221;default&#8221; background_color=&#8221;#f2b73580&#8243; global_colors_info=&#8221;{}&#8221;]<\/p>\n<h2 style=\"text-align: left; padding-left:20px; padding-top:10px;\">\n            <strong>DUSTEC<\/strong><br \/>\n          <\/h2>\n<p>[\/et_pb_text][et_pb_image src=&#8221;https:\/\/tecoi.com\/wp-content\/uploads\/2021\/01\/Dustec_menu.png&#8221; title_text=&#8221;Dustec_menu&#8221; url=&#8221;https:\/\/tecoi.com\/fr\/dustec\/&#8221; align=&#8221;center&#8221; _builder_version=&#8221;4.8.2&#8243; _module_preset=&#8221;default&#8221; max_height=&#8221;411px&#8221; custom_css_main_element=&#8221;%91tooltip text=%22Maquinaria%22%93%91\/tooltip%93&#8243; global_colors_info=&#8221;{}&#8221;][\/et_pb_image][et_pb_text _builder_version=&#8221;4.8.1&#8243; _module_preset=&#8221;default&#8221; global_colors_info=&#8221;{}&#8221;]<\/p>\n<p>Syst\u00e8me automatique \u00e0 <strong>haute performance qui r\u00e9sout<\/strong> le probl\u00e8me du nettoyage, de l&#8217;extraction et du stockage de la poussi\u00e8re accumul\u00e9e dans plusieurs filtres sans avoir <strong>besoin d&#8217;un op\u00e9rateur.<\/strong> R\u00e9duit consid\u00e9rablement le temps d&#8217;extraction de la poussi\u00e8re par rapport aux proc\u00e9dures manuelles.<\/p>\n<p>[\/et_pb_text][\/et_pb_column][et_pb_column type=&#8221;1_2&#8243; _builder_version=&#8221;4.7.7&#8243; _module_preset=&#8221;default&#8221; global_colors_info=&#8221;{}&#8221;][et_pb_text _builder_version=&#8221;4.7.7&#8243; _module_preset=&#8221;default&#8221; background_color=&#8221;#f2b73580&#8243; global_colors_info=&#8221;{}&#8221;]<\/p>\n<h2 style=\"text-align: left; padding-left:20px; padding-top:10px;\">\n            <strong>DUSTEC MINI<\/strong><br \/>\n          <\/h2>\n<p>[\/et_pb_text][et_pb_image src=&#8221;https:\/\/tecoi.com\/wp-content\/uploads\/2021\/01\/DUSTEC-MINI_menu-1.png&#8221; title_text=&#8221;DUSTEC-MINI_menu&#8221; url=&#8221;\/ductec-mini&#8221; align=&#8221;center&#8221; _builder_version=&#8221;4.8.2&#8243; _module_preset=&#8221;default&#8221; global_colors_info=&#8221;{}&#8221;][\/et_pb_image][et_pb_text _builder_version=&#8221;4.9.7&#8243; _module_preset=&#8221;default&#8221; global_colors_info=&#8221;{}&#8221;]<\/p>\n<p>Couper et dynamiter le moyen de d\u00e9poussi\u00e9rage sans avoir besoin d&#8217;\u00e9nergie \u00e9lectrique, en d\u00e9posant les restes dans un <em>big-bag<\/em>. <strong>R\u00e9duit le temps d&#8217;extraction des poussi\u00e8res <\/strong>par rapport aux proc\u00e9dures manuelles.<\/p>\n<p>[\/et_pb_text][\/et_pb_column][\/et_pb_row][et_pb_row column_structure=&#8221;1_2,1_2&#8243; disabled_on=&#8221;off|off|off&#8221; _builder_version=&#8221;4.7.7&#8243; _module_preset=&#8221;default&#8221; global_colors_info=&#8221;{}&#8221; width=&#8221;100%&#8221;][et_pb_column type=&#8221;1_2&#8243; _builder_version=&#8221;4.7.7&#8243; _module_preset=&#8221;default&#8221; global_colors_info=&#8221;{}&#8221;][et_pb_text _builder_version=&#8221;4.7.7&#8243; _module_preset=&#8221;default&#8221; background_color=&#8221;#f2b73580&#8243; global_colors_info=&#8221;{}&#8221;]<\/p>\n<h2 style=\"text-align: left; padding-left:20px; padding-top:10px;\">\n            <strong>ECOTEC<\/strong><br \/>\n          <\/h2>\n<p>[\/et_pb_text][et_pb_image src=&#8221;https:\/\/tecoi.com\/wp-content\/uploads\/2021\/01\/ECOTEC_menu.png&#8221; title_text=&#8221;ECOTEC_menu&#8221; url=&#8221;https:\/\/tecoi.com\/fr\/ecotec\/&#8221; align=&#8221;center&#8221; _builder_version=&#8221;4.8.2&#8243; _module_preset=&#8221;default&#8221; global_colors_info=&#8221;{}&#8221;][\/et_pb_image][et_pb_text _builder_version=&#8221;4.9.7&#8243; _module_preset=&#8221;default&#8221; global_colors_info=&#8221;{}&#8221;]<\/p>\n<p>Equipement sp\u00e9cifique pour les proc\u00e9d\u00e9s de d\u00e9coupe au plasma avec des puissances comprises entre 60 et 800 Amp\u00e8res. Les moteurs des filtres ont un variateur, qui permet d&#8217;ajuster la puissance de fonctionnement \u00e0 la quantit\u00e9 de fum\u00e9e g\u00e9n\u00e9r\u00e9e pendant la coupe. Ces filtres sont command\u00e9s depuis le tableau de commande de la machine ou depuis son panneau \u00e9lectrique situ\u00e9 sur la paroi de l&#8217;enceinte.<\/p>\n<p>Il est \u00e9quip\u00e9 de la derni\u00e8re g\u00e9n\u00e9ration de cartouches retardatrices de <strong>flamme (disponibles de 4 \u00e0 32 cartouches) et d&#8217;un syst\u00e8me anti-\u00e9tincelles.<\/strong> Gr\u00e2ce \u00e0 cela, on obtient une purification optimale des gaz r\u00e9sultant du processus de production.<\/p>\n<p>Chaque filtre est dot\u00e9 d&#8217;un <strong>syst\u00e8me de nettoyage automatique <\/strong>qui \u00e9vite de devoir effectuer un entretien \u00e0 court terme. P ossibilit\u00e9 de s&#8217;\u00e9quiper avec les normes Silentec et Atex.<\/p>\n<p>[\/et_pb_text][\/et_pb_column][et_pb_column type=&#8221;1_2&#8243; _builder_version=&#8221;4.7.7&#8243; _module_preset=&#8221;default&#8221; global_colors_info=&#8221;{}&#8221;][et_pb_text _builder_version=&#8221;4.7.7&#8243; _module_preset=&#8221;default&#8221; background_color=&#8221;#f2b73580&#8243; global_colors_info=&#8221;{}&#8221;]<\/p>\n<h2 style=\"text-align: left; padding-left:20px; padding-top:10px;\">\n            <strong>SILENTEC<\/strong><br \/>\n          <\/h2>\n<p>[\/et_pb_text][et_pb_image src=&#8221;https:\/\/tecoi.com\/wp-content\/uploads\/2021\/01\/Silentec-2020_menu.png&#8221; title_text=&#8221;Silentec-2020_menu&#8221; url=&#8221;https:\/\/tecoi.com\/fr\/silentec\/&#8221; align=&#8221;center&#8221; _builder_version=&#8221;4.8.2&#8243; _module_preset=&#8221;default&#8221; global_colors_info=&#8221;{}&#8221;][\/et_pb_image][et_pb_text _builder_version=&#8221;4.9.7&#8243; _module_preset=&#8221;default&#8221; global_colors_info=&#8221;{}&#8221;]<\/p>\n<p>Syst\u00e8me de <strong>r\u00e9duction du bruit <\/strong>jusqu&#8217;\u00e0 -10 dB pour les filtres ECOTEC avec une structure sp\u00e9cialement con\u00e7ue pour leur mission acoustique. Il permet l&#8217;installation de filtres ECOTEC \u00e0 l&#8217;int\u00e9rieur de l&#8217;usine, respectant ainsi la r\u00e9glementation en mati\u00e8re de bruit.<\/p>\n<p>[\/et_pb_text][\/et_pb_column][\/et_pb_row][et_pb_row _builder_version=&#8221;4.8.1&#8243; _module_preset=&#8221;default&#8221; global_colors_info=&#8221;{}&#8221;][et_pb_column type=&#8221;4_4&#8243; _builder_version=&#8221;4.8.1&#8243; _module_preset=&#8221;default&#8221; global_colors_info=&#8221;{}&#8221;][et_pb_text _builder_version=&#8221;4.9.7&#8243; _module_preset=&#8221;default&#8221; global_colors_info=&#8221;{}&#8221;]<\/p>\n<h3 style=\"text-align: center;\"><strong>Enti\u00e8rement con\u00e7u par TECOI<\/strong><\/h3>\n<p>[\/et_pb_text][\/et_pb_column][\/et_pb_row][\/et_pb_section]<\/p>\n","protected":false},"excerpt":{"rendered":"<p>DUSTEC Syst\u00e8me automatique \u00e0 haute performance qui r\u00e9sout le probl\u00e8me du nettoyage, de l&#8217;extraction et du stockage de la poussi\u00e8re accumul\u00e9e dans plusieurs filtres sans avoir besoin d&#8217;un op\u00e9rateur. R\u00e9duit consid\u00e9rablement le temps d&#8217;extraction de la poussi\u00e8re par rapport aux proc\u00e9dures manuelles. DUSTEC MINI Couper et dynamiter le moyen de d\u00e9poussi\u00e9rage sans avoir besoin d&#8217;\u00e9nergie [&hellip;]<\/p>\n","protected":false},"author":1,"featured_media":0,"parent":0,"menu_order":0,"comment_status":"closed","ping_status":"closed","template":"","meta":{"_et_pb_use_builder":"on","_et_pb_old_content":"","_et_gb_content_width":"","inline_featured_image":false,"footnotes":""},"class_list":["post-30995","page","type-page","status-publish","hentry"],"yoast_head":"<!-- This site is optimized with the Yoast SEO plugin v27.4 - https:\/\/yoast.com\/product\/yoast-seo-wordpress\/ -->\n<title>Filtres, syst\u00e8mes automatiques qui r\u00e9sout le probl\u00e8me du nettoyage, de l\u2019extraction et du stockage de la poussi\u00e8re accumul\u00e9e<\/title>\n<meta name=\"description\" content=\"R\u00e9duit consid\u00e9rablement le temps d\u2019extraction de la poussi\u00e8re par rapport aux proc\u00e9dures manuelles.\" \/>\n<meta name=\"robots\" content=\"index, follow, max-snippet:-1, max-image-preview:large, max-video-preview:-1\" \/>\n<link rel=\"canonical\" href=\"https:\/\/tecoi.com\/fr\/filtres\/\" \/>\n<meta property=\"og:locale\" content=\"fr_FR\" \/>\n<meta property=\"og:type\" content=\"article\" \/>\n<meta property=\"og:title\" content=\"Filtres, syst\u00e8mes automatiques qui r\u00e9sout le probl\u00e8me du nettoyage, de l\u2019extraction et du stockage de la poussi\u00e8re accumul\u00e9e\" \/>\n<meta property=\"og:description\" content=\"R\u00e9duit consid\u00e9rablement le temps d\u2019extraction de la poussi\u00e8re par rapport aux proc\u00e9dures manuelles.\" \/>\n<meta property=\"og:url\" content=\"https:\/\/tecoi.com\/fr\/filtres\/\" \/>\n<meta property=\"og:site_name\" content=\"Tecoi.com\" \/>\n<meta property=\"article:modified_time\" content=\"2021-09-20T14:29:18+00:00\" \/>\n<meta name=\"twitter:card\" content=\"summary_large_image\" \/>\n<meta name=\"twitter:label1\" content=\"Dur\u00e9e de lecture estim\u00e9e\" \/>\n\t<meta name=\"twitter:data1\" content=\"5 minutes\" \/>\n<script type=\"application\/ld+json\" class=\"yoast-schema-graph\">{\"@context\":\"https:\\\/\\\/schema.org\",\"@graph\":[{\"@type\":\"WebPage\",\"@id\":\"https:\\\/\\\/tecoi.com\\\/fr\\\/filtres\\\/\",\"url\":\"https:\\\/\\\/tecoi.com\\\/fr\\\/filtres\\\/\",\"name\":\"Filtres, syst\u00e8mes automatiques qui r\u00e9sout le probl\u00e8me du nettoyage, de l\u2019extraction et du stockage de la poussi\u00e8re accumul\u00e9e\",\"isPartOf\":{\"@id\":\"https:\\\/\\\/tecoi.com\\\/#website\"},\"datePublished\":\"2021-04-28T08:53:53+00:00\",\"dateModified\":\"2021-09-20T14:29:18+00:00\",\"description\":\"R\u00e9duit consid\u00e9rablement le temps d\u2019extraction de la poussi\u00e8re par rapport aux proc\u00e9dures manuelles.\",\"breadcrumb\":{\"@id\":\"https:\\\/\\\/tecoi.com\\\/fr\\\/filtres\\\/#breadcrumb\"},\"inLanguage\":\"fr-FR\",\"potentialAction\":[{\"@type\":\"ReadAction\",\"target\":[\"https:\\\/\\\/tecoi.com\\\/fr\\\/filtres\\\/\"]}]},{\"@type\":\"BreadcrumbList\",\"@id\":\"https:\\\/\\\/tecoi.com\\\/fr\\\/filtres\\\/#breadcrumb\",\"itemListElement\":[{\"@type\":\"ListItem\",\"position\":1,\"name\":\"Home\",\"item\":\"https:\\\/\\\/tecoi.com\\\/fr\\\/\"},{\"@type\":\"ListItem\",\"position\":2,\"name\":\"FILTRES\"}]},{\"@type\":\"WebSite\",\"@id\":\"https:\\\/\\\/tecoi.com\\\/#website\",\"url\":\"https:\\\/\\\/tecoi.com\\\/\",\"name\":\"Tecoi.com\",\"description\":\"Sistemas Avanzados de Procesamiento de Chapa\",\"potentialAction\":[{\"@type\":\"SearchAction\",\"target\":{\"@type\":\"EntryPoint\",\"urlTemplate\":\"https:\\\/\\\/tecoi.com\\\/?s={search_term_string}\"},\"query-input\":{\"@type\":\"PropertyValueSpecification\",\"valueRequired\":true,\"valueName\":\"search_term_string\"}}],\"inLanguage\":\"fr-FR\"}]}<\/script>\n<!-- \/ Yoast SEO plugin. -->","yoast_head_json":{"title":"Filtres, syst\u00e8mes automatiques qui r\u00e9sout le probl\u00e8me du nettoyage, de l\u2019extraction et du stockage de la poussi\u00e8re accumul\u00e9e","description":"R\u00e9duit consid\u00e9rablement le temps d\u2019extraction de la poussi\u00e8re par rapport aux proc\u00e9dures manuelles.","robots":{"index":"index","follow":"follow","max-snippet":"max-snippet:-1","max-image-preview":"max-image-preview:large","max-video-preview":"max-video-preview:-1"},"canonical":"https:\/\/tecoi.com\/fr\/filtres\/","og_locale":"fr_FR","og_type":"article","og_title":"Filtres, syst\u00e8mes automatiques qui r\u00e9sout le probl\u00e8me du nettoyage, de l\u2019extraction et du stockage de la poussi\u00e8re accumul\u00e9e","og_description":"R\u00e9duit consid\u00e9rablement le temps d\u2019extraction de la poussi\u00e8re par rapport aux proc\u00e9dures manuelles.","og_url":"https:\/\/tecoi.com\/fr\/filtres\/","og_site_name":"Tecoi.com","article_modified_time":"2021-09-20T14:29:18+00:00","twitter_card":"summary_large_image","twitter_misc":{"Dur\u00e9e de lecture estim\u00e9e":"5 minutes"},"schema":{"@context":"https:\/\/schema.org","@graph":[{"@type":"WebPage","@id":"https:\/\/tecoi.com\/fr\/filtres\/","url":"https:\/\/tecoi.com\/fr\/filtres\/","name":"Filtres, syst\u00e8mes automatiques qui r\u00e9sout le probl\u00e8me du nettoyage, de l\u2019extraction et du stockage de la poussi\u00e8re accumul\u00e9e","isPartOf":{"@id":"https:\/\/tecoi.com\/#website"},"datePublished":"2021-04-28T08:53:53+00:00","dateModified":"2021-09-20T14:29:18+00:00","description":"R\u00e9duit consid\u00e9rablement le temps d\u2019extraction de la poussi\u00e8re par rapport aux proc\u00e9dures manuelles.","breadcrumb":{"@id":"https:\/\/tecoi.com\/fr\/filtres\/#breadcrumb"},"inLanguage":"fr-FR","potentialAction":[{"@type":"ReadAction","target":["https:\/\/tecoi.com\/fr\/filtres\/"]}]},{"@type":"BreadcrumbList","@id":"https:\/\/tecoi.com\/fr\/filtres\/#breadcrumb","itemListElement":[{"@type":"ListItem","position":1,"name":"Home","item":"https:\/\/tecoi.com\/fr\/"},{"@type":"ListItem","position":2,"name":"FILTRES"}]},{"@type":"WebSite","@id":"https:\/\/tecoi.com\/#website","url":"https:\/\/tecoi.com\/","name":"Tecoi.com","description":"Sistemas Avanzados de Procesamiento de Chapa","potentialAction":[{"@type":"SearchAction","target":{"@type":"EntryPoint","urlTemplate":"https:\/\/tecoi.com\/?s={search_term_string}"},"query-input":{"@type":"PropertyValueSpecification","valueRequired":true,"valueName":"search_term_string"}}],"inLanguage":"fr-FR"}]}},"_links":{"self":[{"href":"https:\/\/tecoi.com\/fr\/wp-json\/wp\/v2\/pages\/30995","targetHints":{"allow":["GET"]}}],"collection":[{"href":"https:\/\/tecoi.com\/fr\/wp-json\/wp\/v2\/pages"}],"about":[{"href":"https:\/\/tecoi.com\/fr\/wp-json\/wp\/v2\/types\/page"}],"author":[{"embeddable":true,"href":"https:\/\/tecoi.com\/fr\/wp-json\/wp\/v2\/users\/1"}],"replies":[{"embeddable":true,"href":"https:\/\/tecoi.com\/fr\/wp-json\/wp\/v2\/comments?post=30995"}],"version-history":[{"count":0,"href":"https:\/\/tecoi.com\/fr\/wp-json\/wp\/v2\/pages\/30995\/revisions"}],"wp:attachment":[{"href":"https:\/\/tecoi.com\/fr\/wp-json\/wp\/v2\/media?parent=30995"}],"curies":[{"name":"wp","href":"https:\/\/api.w.org\/{rel}","templated":true}]}}