{"id":30960,"date":"2021-04-28T08:47:27","date_gmt":"2021-04-28T08:47:27","guid":{"rendered":"http:\/\/tecoi.com:8008\/banques\/"},"modified":"2021-09-20T14:37:27","modified_gmt":"2021-09-20T14:37:27","slug":"banques","status":"publish","type":"page","link":"https:\/\/tecoi.com\/fr\/banques\/","title":{"rendered":"BANQUES"},"content":{"rendered":"<p>[et_pb_section fb_built=&#8221;1&#8243; admin_label=&#8221;About&#8221; _builder_version=&#8221;4.10.6&#8243; _module_preset=&#8221;default&#8221; custom_margin_tablet=&#8221;&#8221; custom_margin_phone=&#8221;|10px||10px|false|false&#8221; custom_margin_last_edited=&#8221;on|phone&#8221; custom_padding=&#8221;||||false|false&#8221; hover_enabled=&#8221;0&#8243; da_disable_devices=&#8221;off|off|off&#8221; global_colors_info=&#8221;{}&#8221; custom_margin=&#8221;|25px||25px|false|true&#8221; sticky_enabled=&#8221;0&#8243; da_is_popup=&#8221;off&#8221; da_exit_intent=&#8221;off&#8221; da_has_close=&#8221;on&#8221; da_alt_close=&#8221;off&#8221; da_dark_close=&#8221;off&#8221; da_not_modal=&#8221;on&#8221; da_is_singular=&#8221;off&#8221; da_with_loader=&#8221;off&#8221; da_has_shadow=&#8221;on&#8221;][et_pb_row _builder_version=&#8221;4.10.6&#8243; _module_preset=&#8221;default&#8221; custom_margin=&#8221;|0px||0px|false|true&#8221; hover_enabled=&#8221;0&#8243; global_colors_info=&#8221;{}&#8221; width=&#8221;100%&#8221; sticky_enabled=&#8221;0&#8243;][et_pb_column type=&#8221;4_4&#8243; _builder_version=&#8221;4.6.5&#8243; _module_preset=&#8221;default&#8221; global_colors_info=&#8221;{}&#8221;][et_pb_post_title meta=&#8221;off&#8221; featured_image=&#8221;off&#8221; _builder_version=&#8221;4.10.6&#8243; _module_preset=&#8221;default&#8221; title_level=&#8221;h2&#8243; title_font=&#8221;Bebas Neue||||||||&#8221; title_text_color=&#8221;333&#8243; title_font_size=&#8221;80px&#8221; hover_enabled=&#8221;0&#8243; custom_css_main_element=&#8221;padding-top:30px;||padding-right:30px;||margin-left:30px;||&#8221; border_width_bottom=&#8221;50px&#8221; border_color_bottom=&#8221;#f2b735&#8243; saved_tabs=&#8221;all&#8221; global_colors_info=&#8221;{}&#8221; custom_margin=&#8221;|0px||0px|false|true&#8221; sticky_enabled=&#8221;0&#8243;][\/et_pb_post_title][\/et_pb_column][\/et_pb_row][et_pb_row disabled_on=&#8221;on|on|on&#8221; _builder_version=&#8221;4.7.7&#8243; _module_preset=&#8221;default&#8221; disabled=&#8221;on&#8221; global_colors_info=&#8221;{}&#8221;][et_pb_column type=&#8221;4_4&#8243; _builder_version=&#8221;4.7.7&#8243; _module_preset=&#8221;default&#8221; global_colors_info=&#8221;{}&#8221;][et_pb_text _builder_version=&#8221;4.7.7&#8243; _module_preset=&#8221;default&#8221; global_colors_info=&#8221;{}&#8221;]<\/p>\n<div class=\"cuatro\">\n            <span class='et-tooltip'><img loading=\"lazy\" decoding=\"async\" src=\"https:\/\/tecoi.com\/wp-content\/uploads\/2021\/01\/BCC_menu.png\" width=\"300\" height=\"166\" alt=\"\" class=\"wp-image-1383 alignnone size-full\"><span class='et-tooltip-box'>BCC<span class='et-tooltip-arrow'><\/span><\/span><\/span>\n          <\/div>\n<div class=\"cuatro\">\n            <span class='et-tooltip'><img loading=\"lazy\" decoding=\"async\" src=\"https:\/\/tecoi.com\/wp-content\/uploads\/2021\/01\/BCR_menu.png\" width=\"300\" height=\"208\" alt=\"\" class=\"wp-image-1389 alignnone size-full\"><span class='et-tooltip-box'>BCR<span class='et-tooltip-arrow'><\/span><\/span><\/span>\n          <\/div>\n<div class=\"cuatro\">\n            <span class='et-tooltip'><img loading=\"lazy\" decoding=\"async\" src=\"https:\/\/tecoi.com\/wp-content\/uploads\/2021\/01\/BDI_menu.png\" width=\"300\" height=\"173\" alt=\"\" class=\"wp-image-1401 alignnone size-full\"><span class='et-tooltip-box'>BDI<span class='et-tooltip-arrow'><\/span><\/span><\/span>\n          <\/div>\n<div class=\"cuatro\">\n            <span class='et-tooltip'><img loading=\"lazy\" decoding=\"async\" src=\"https:\/\/tecoi.com\/wp-content\/uploads\/2021\/01\/BDV-MULTY_menu.png\" width=\"300\" height=\"132\" alt=\"\" class=\"wp-image-1407 alignnone size-full\"><span class='et-tooltip-box'>BDV MULTY<span class='et-tooltip-arrow'><\/span><\/span><\/span>\n          <\/div>\n<p>[\/et_pb_text][\/et_pb_column][\/et_pb_row][et_pb_row column_structure=&#8221;1_2,1_2&#8243; disabled_on=&#8221;off|off|off&#8221; _builder_version=&#8221;4.10.6&#8243; _module_preset=&#8221;default&#8221; hover_enabled=&#8221;0&#8243; global_colors_info=&#8221;{}&#8221; width=&#8221;100%&#8221; sticky_enabled=&#8221;0&#8243;][et_pb_column type=&#8221;1_2&#8243; _builder_version=&#8221;4.7.7&#8243; _module_preset=&#8221;default&#8221; global_colors_info=&#8221;{}&#8221;][et_pb_text _builder_version=&#8221;4.8.0&#8243; _module_preset=&#8221;default&#8221; background_color=&#8221;#f2b73580&#8243; link_option_url=&#8221;https:\/\/tecoi.com\/fr\/bcc\/&#8221; global_colors_info=&#8221;{}&#8221;]<\/p>\n<h2 style=\"text-align: left; padding-left: 20px; padding-top: 10px;\">\n            <strong>BCC<\/strong><br \/>\n          <\/h2>\n<p>[\/et_pb_text][et_pb_image src=&#8221;https:\/\/tecoi.com\/wp-content\/uploads\/2021\/01\/BCC.png&#8221; title_text=&#8221;BCC&#8221; url=&#8221;https:\/\/tecoi.com\/fr\/bcc\/&#8221; align=&#8221;center&#8221; force_fullwidth=&#8221;on&#8221; _builder_version=&#8221;4.9.0&#8243; _module_preset=&#8221;default&#8221; global_colors_info=&#8221;{}&#8221;][\/et_pb_image][et_pb_text _builder_version=&#8221;4.8.2&#8243; _module_preset=&#8221;default&#8221; global_colors_info=&#8221;{}&#8221;]<\/p>\n<p>Le syst\u00e8me de banc BCC forme un bloc avec la grille de coupe, dispose d&#8217;un conteneur et de cendrier ind\u00e9pendants et d&#8217;un syst\u00e8me d&#8217;accrochage pour pouvoir les soulever et les transporter hors des locaux pour les vider. Il s&#8217;agit d&#8217;une conception robuste, pour la <strong>d\u00e9coupe de mat\u00e9riaux de grande<\/strong> \u00e9paisseur, et qui g\u00e9n\u00e8rent un <strong>grand volume de scories<\/strong>.<\/p>\n<p>L&#8217;\u00e9change de cendriers peut se faire de mani\u00e8re agile, et il permet de disposer d&#8217;un stock de cendriers de rechange avec lesquels on peut tourner et \u00eatre en mesure d&#8217;\u00e9liminer les d\u00e9chets. L&#8217;extraction des fum\u00e9es s&#8217;effectue au moyen de conduits ind\u00e9pendants ancr\u00e9s au sol des deux c\u00f4t\u00e9s du cendrier, compl\u00e8tement isol\u00e9s de la zone de coupe.<\/p>\n<p>[\/et_pb_text][\/et_pb_column][et_pb_column type=&#8221;1_2&#8243; _builder_version=&#8221;4.7.7&#8243; _module_preset=&#8221;default&#8221; global_colors_info=&#8221;{}&#8221;][et_pb_text _builder_version=&#8221;4.8.0&#8243; _module_preset=&#8221;default&#8221; background_color=&#8221;#f2b73580&#8243; link_option_url=&#8221;https:\/\/tecoi.com\/fr\/bcr\/&#8221; global_colors_info=&#8221;{}&#8221;]<\/p>\n<h2 style=\"text-align: left; padding-left: 20px; padding-top: 10px;\">\n            <strong>BCR<\/strong><br \/>\n          <\/h2>\n<p>[\/et_pb_text][et_pb_image src=&#8221;https:\/\/tecoi.com\/wp-content\/uploads\/2021\/01\/BCR.jpg&#8221; title_text=&#8221;BCR&#8221; url=&#8221;https:\/\/tecoi.com\/fr\/bcr\/&#8221; align=&#8221;center&#8221; force_fullwidth=&#8221;on&#8221; _builder_version=&#8221;4.9.0&#8243; _module_preset=&#8221;default&#8221; global_colors_info=&#8221;{}&#8221;][\/et_pb_image][et_pb_text _builder_version=&#8221;4.8.2&#8243; _module_preset=&#8221;default&#8221; global_colors_info=&#8221;{}&#8221;]<\/p>\n<p>Table int\u00e9rieure renforc\u00e9e con\u00e7ue pour supporter <strong>les op\u00e9rations de d\u00e9coupe combin\u00e9es plasma\/oxyg\u00e8ne<\/strong> ou uniquement la d\u00e9coupe d\u2019oxycoupage avec des exigences \u00e9lev\u00e9es <strong>(\u00e9paisseur jusqu&#8217;\u00e0 250 mm).<\/strong> Le BCR peut \u00eatre configur\u00e9 avec une grille de plateaux pour la d\u00e9coupe thermique, ou avec une grille en grille avec des broches en laiton, pour \u00e9quiper des machines avec t\u00eate DRILTEC ou pour le mod\u00e8le THOR avec centre d&#8217;usinage.<\/p>\n<p>[\/et_pb_text][\/et_pb_column][\/et_pb_row][et_pb_row column_structure=&#8221;1_2,1_2&#8243; disabled_on=&#8221;off|off|off&#8221; _builder_version=&#8221;4.7.7&#8243; _module_preset=&#8221;default&#8221; global_colors_info=&#8221;{}&#8221; width=&#8221;100%&#8221;][et_pb_column type=&#8221;1_2&#8243; _builder_version=&#8221;4.7.7&#8243; _module_preset=&#8221;default&#8221; global_colors_info=&#8221;{}&#8221;][et_pb_text _builder_version=&#8221;4.8.0&#8243; _module_preset=&#8221;default&#8221; background_color=&#8221;#f2b73580&#8243; link_option_url=&#8221;https:\/\/tecoi.com\/fr\/bdi\/&#8221; global_colors_info=&#8221;{}&#8221;]<\/p>\n<h2 style=\"text-align: left; padding-left: 20px; padding-top: 10px;\">\n            <strong>BDI<\/strong><br \/>\n          <\/h2>\n<p>[\/et_pb_text][et_pb_image src=&#8221;https:\/\/tecoi.com\/wp-content\/uploads\/2021\/01\/BDI.png&#8221; title_text=&#8221;BDI&#8221; url=&#8221;https:\/\/tecoi.com\/fr\/bdi\/&#8221; align=&#8221;center&#8221; force_fullwidth=&#8221;on&#8221; _builder_version=&#8221;4.9.0&#8243; _module_preset=&#8221;default&#8221; global_colors_info=&#8221;{}&#8221;][\/et_pb_image][et_pb_text _builder_version=&#8221;4.9.7&#8243; _module_preset=&#8221;default&#8221; global_colors_info=&#8221;{}&#8221;]<\/p>\n<p>Table int\u00e9rieure totalement ind\u00e9pendante du banc de guidage. Il se compose d&#8217;un cadre de levage autoportant qui <strong>facilite le nettoyage de la machine,<\/strong> et d&#8217;une base avec des cloisons et des profils structurels pour une r\u00e9partition <strong>optimale de la charge.<\/strong><\/p>\n<p>Le BDI est un syst\u00e8me modulaire qui est fabriqu\u00e9 <strong>pour diff\u00e9rentes hauteurs de coupe<\/strong>, en fonction de la puissance du plasma install\u00e9, afin de garantir son fonctionnement et sa durabilit\u00e9, avec des supports et des mises \u00e0 niveau dans chacun des modules.<\/p>\n<p>Le gril peut \u00eatre configur\u00e9 avec <strong>diff\u00e9rents types de plaques<\/strong> (droites, dentel\u00e9es, plates, S, C, diagonales, avec des broches en laiton) pour s&#8217;adapter au type de travail \u00e0 effectuer. L&#8217;extraction des fum\u00e9es est r\u00e9alis\u00e9e par un double conduit avec entra\u00eenement pneumatique des portes g\u00e9r\u00e9 depuis la CNC de la machine, formant un syst\u00e8me robuste qui ne n\u00e9cessite pas d&#8217;entretien.<\/p>\n<p>[\/et_pb_text][\/et_pb_column][et_pb_column type=&#8221;1_2&#8243; _builder_version=&#8221;4.7.7&#8243; _module_preset=&#8221;default&#8221; global_colors_info=&#8221;{}&#8221;][et_pb_text _builder_version=&#8221;4.9.0&#8243; _module_preset=&#8221;default&#8221; background_color=&#8221;#f2b73580&#8243; link_option_url=&#8221;https:\/\/tecoi.com\/fr\/bdv-multy\/&#8221; global_colors_info=&#8221;{}&#8221;]<\/p>\n<h2 style=\"text-align: left; padding-left: 20px; padding-top: 10px;\">\n            <strong>BDV<\/strong><br \/>\n          <\/h2>\n<p>[\/et_pb_text][et_pb_image src=&#8221;https:\/\/tecoi.com\/wp-content\/uploads\/2021\/01\/BDV-MULTY.png&#8221; title_text=&#8221;BDV MULTY&#8221; url=&#8221;https:\/\/tecoi.com\/fr\/bdv-multy\/&#8221; align=&#8221;center&#8221; force_fullwidth=&#8221;on&#8221; _builder_version=&#8221;4.9.0&#8243; _module_preset=&#8221;default&#8221; global_colors_info=&#8221;{}&#8221;][\/et_pb_image][et_pb_text _builder_version=&#8221;4.8.2&#8243; _module_preset=&#8221;default&#8221; global_colors_info=&#8221;{}&#8221;]<\/p>\n<p>Table int\u00e9rieure totalement ind\u00e9pendante du banc de guidage. Il se compose d&#8217;un cadre de levage autoportant qui <strong>facilite le nettoyage de la machine<\/strong>et d&#8217;une base avec des cloisons et des profils structurels pour une r\u00e9partition optimale de la charge.<\/p>\n<p>Le BDV est un syst\u00e8me modulaire qui est fabriqu\u00e9 <strong>pour diff\u00e9rentes hauteurs de coupe<\/strong>, en fonction de la puissance du plasma install\u00e9, afin de garantir son fonctionnement et sa durabilit\u00e9, avec des supports et un nivellement dans chacun des modules, tant \u00e0 l&#8217;ext\u00e9rieur qu&#8217;au centre, pour une capacit\u00e9 de charge maximale. <strong>Le syst\u00e8me VIBRATEC est inclus en standard. <\/strong> Le gril peut \u00eatre configur\u00e9 avec <strong>diff\u00e9rents types de plaques<\/strong> (droites, dentel\u00e9es, plates, S, C, diagonales, avec des broches en laiton) pour s&#8217;adapter au type de travail \u00e0 effectuer.<\/p>\n<p>L&#8217;extraction des fum\u00e9es est r\u00e9alis\u00e9e par un double conduit avec entra\u00eenement pneumatique des volets. Cet automatisme et le chevauchement des ouvertures sont configur\u00e9s et g\u00e9r\u00e9s par le biais d&#8217;un bus de donn\u00e9es provenant de la CNC de la machine, formant ainsi un syst\u00e8me robuste qui ne n\u00e9cessite pas de maintenance. <strong>La gestion de l&#8217;aspiration est sp\u00e9cifique \u00e0 chaque configuration de machine.<\/strong> Le BDV peut \u00eatre configur\u00e9 avec une grille de plateaux pour la d\u00e9coupe thermique, ou avec une grille \u00e9quip\u00e9 de plots en laiton, pour \u00e9quiper des machines \u00e0 t\u00eate DRILTEC ou pour le mod\u00e8le THOR avec centre d&#8217;usinage.<\/p>\n<p>[\/et_pb_text][\/et_pb_column][\/et_pb_row][et_pb_row column_structure=&#8221;1_2,1_2&#8243; disabled_on=&#8221;off|off|off&#8221; _builder_version=&#8221;4.7.7&#8243; _module_preset=&#8221;default&#8221; global_colors_info=&#8221;{}&#8221; width=&#8221;100%&#8221;][et_pb_column type=&#8221;1_2&#8243; _builder_version=&#8221;4.7.7&#8243; _module_preset=&#8221;default&#8221; global_colors_info=&#8221;{}&#8221;][et_pb_text _builder_version=&#8221;4.8.1&#8243; _module_preset=&#8221;default&#8221; background_color=&#8221;#f2b73580&#8243; link_option_url=&#8221;https:\/\/tecoi.com\/fr\/bdi\/&#8221; global_colors_info=&#8221;{}&#8221;]<\/p>\n<h2 style=\"text-align: left; padding-left: 20px; padding-top: 10px;\">\n            <strong>MAR<\/strong><br \/>\n          <\/h2>\n<p>[\/et_pb_text][et_pb_image src=&#8221;https:\/\/tecoi.com\/wp-content\/uploads\/2021\/01\/MAR.png&#8221; title_text=&#8221;MAR&#8221; url=&#8221;https:\/\/tecoi.com\/fr\/bdi\/&#8221; align=&#8221;center&#8221; force_fullwidth=&#8221;on&#8221; _builder_version=&#8221;4.8.2&#8243; _module_preset=&#8221;default&#8221; global_colors_info=&#8221;{}&#8221;][\/et_pb_image][et_pb_text _builder_version=&#8221;4.8.2&#8243; _module_preset=&#8221;default&#8221; global_colors_info=&#8221;{}&#8221;]<\/p>\n<p>Syst\u00e8me de rouleaux pour <strong>l&#8217;extraction des plaques<\/strong> du lit vers la zone d&#8217;attente. Comprend une console de commande pour les syst\u00e8mes d&#8217;entr\u00e9e et de sortie des mat\u00e9riaux et une unit\u00e9 hydraulique enti\u00e8rement automatis\u00e9e.<\/p>\n<p>[\/et_pb_text][\/et_pb_column][et_pb_column type=&#8221;1_2&#8243; _builder_version=&#8221;4.7.7&#8243; _module_preset=&#8221;default&#8221; global_colors_info=&#8221;{}&#8221;][\/et_pb_column][\/et_pb_row][et_pb_row _builder_version=&#8221;4.8.2&#8243; _module_preset=&#8221;default&#8221; global_colors_info=&#8221;{}&#8221;][et_pb_column type=&#8221;4_4&#8243; _builder_version=&#8221;4.8.2&#8243; _module_preset=&#8221;default&#8221; global_colors_info=&#8221;{}&#8221;][et_pb_text _builder_version=&#8221;4.10.6&#8243; _module_preset=&#8221;default&#8221; hover_enabled=&#8221;0&#8243; global_colors_info=&#8221;{}&#8221; sticky_enabled=&#8221;0&#8243;]<\/p>\n<h3 style=\"text-align: center;\"><strong>Les bancs sont enti\u00e8rement con\u00e7us et fabriqu\u00e9s par TECOI et sont compatibles avec toute autre machine sur le march\u00e9.<\/strong><\/h3>\n<p>[\/et_pb_text][\/et_pb_column][\/et_pb_row][\/et_pb_section]<\/p>\n","protected":false},"excerpt":{"rendered":"<p><span class='et-tooltip'><span class='et-tooltip-box'>BCC<span class='et-tooltip-arrow'><\/span><\/span><\/span> <span class='et-tooltip'><span class='et-tooltip-box'>BCR<span class='et-tooltip-arrow'><\/span><\/span><\/span> <span class='et-tooltip'><span class='et-tooltip-box'>BDI<span class='et-tooltip-arrow'><\/span><\/span><\/span> <span class='et-tooltip'><span class='et-tooltip-box'>BDV MULTY<span class='et-tooltip-arrow'><\/span><\/span><\/span> BCC Le syst\u00e8me de banc BCC forme un bloc avec la grille de coupe, dispose d&#8217;un conteneur et de cendrier ind\u00e9pendants et d&#8217;un syst\u00e8me d&#8217;accrochage pour pouvoir les soulever et les transporter hors des locaux pour les vider. Il s&#8217;agit d&#8217;une conception [&hellip;]<\/p>\n","protected":false},"author":1,"featured_media":0,"parent":0,"menu_order":0,"comment_status":"closed","ping_status":"closed","template":"","meta":{"_et_pb_use_builder":"on","_et_pb_old_content":"","_et_gb_content_width":"","inline_featured_image":false,"footnotes":""},"class_list":["post-30960","page","type-page","status-publish","hentry"],"yoast_head":"<!-- This site is optimized with the Yoast SEO plugin v27.4 - https:\/\/yoast.com\/product\/yoast-seo-wordpress\/ -->\n<title>Sistemas de bancadas para el corte de material | TECOI<\/title>\n<meta name=\"description\" content=\"Op\u00e9rations combin\u00e9es de d\u00e9coupe thermique et d&#039;usinage, grandes \u00e9paisseurs et diff\u00e9rentes hauteurs de coupe.\" \/>\n<meta name=\"robots\" content=\"index, follow, max-snippet:-1, max-image-preview:large, max-video-preview:-1\" \/>\n<link rel=\"canonical\" href=\"https:\/\/tecoi.com\/fr\/banques\/\" \/>\n<meta property=\"og:locale\" content=\"fr_FR\" \/>\n<meta property=\"og:type\" content=\"article\" \/>\n<meta property=\"og:title\" content=\"Sistemas de bancadas para el corte de material | TECOI\" \/>\n<meta property=\"og:description\" content=\"Op\u00e9rations combin\u00e9es de d\u00e9coupe thermique et d&#039;usinage, grandes \u00e9paisseurs et diff\u00e9rentes hauteurs de coupe.\" \/>\n<meta property=\"og:url\" content=\"https:\/\/tecoi.com\/fr\/banques\/\" \/>\n<meta property=\"og:site_name\" content=\"Tecoi.com\" \/>\n<meta property=\"article:modified_time\" content=\"2021-09-20T14:37:27+00:00\" \/>\n<meta property=\"og:image\" content=\"https:\/\/tecoi.com\/wp-content\/uploads\/2021\/01\/BCC_menu.png\" \/>\n<meta name=\"twitter:card\" content=\"summary_large_image\" \/>\n<meta name=\"twitter:label1\" content=\"Dur\u00e9e de lecture estim\u00e9e\" \/>\n\t<meta name=\"twitter:data1\" content=\"8 minutes\" \/>\n<script type=\"application\/ld+json\" class=\"yoast-schema-graph\">{\"@context\":\"https:\\\/\\\/schema.org\",\"@graph\":[{\"@type\":\"WebPage\",\"@id\":\"https:\\\/\\\/tecoi.com\\\/fr\\\/banques\\\/\",\"url\":\"https:\\\/\\\/tecoi.com\\\/fr\\\/banques\\\/\",\"name\":\"Sistemas de bancadas para el corte de material | TECOI\",\"isPartOf\":{\"@id\":\"https:\\\/\\\/tecoi.com\\\/#website\"},\"primaryImageOfPage\":{\"@id\":\"https:\\\/\\\/tecoi.com\\\/fr\\\/banques\\\/#primaryimage\"},\"image\":{\"@id\":\"https:\\\/\\\/tecoi.com\\\/fr\\\/banques\\\/#primaryimage\"},\"thumbnailUrl\":\"https:\\\/\\\/tecoi.com\\\/wp-content\\\/uploads\\\/2021\\\/01\\\/BCC_menu.png\",\"datePublished\":\"2021-04-28T08:47:27+00:00\",\"dateModified\":\"2021-09-20T14:37:27+00:00\",\"description\":\"Op\u00e9rations combin\u00e9es de d\u00e9coupe thermique et d'usinage, grandes \u00e9paisseurs et diff\u00e9rentes hauteurs de coupe.\",\"breadcrumb\":{\"@id\":\"https:\\\/\\\/tecoi.com\\\/fr\\\/banques\\\/#breadcrumb\"},\"inLanguage\":\"fr-FR\",\"potentialAction\":[{\"@type\":\"ReadAction\",\"target\":[\"https:\\\/\\\/tecoi.com\\\/fr\\\/banques\\\/\"]}]},{\"@type\":\"ImageObject\",\"inLanguage\":\"fr-FR\",\"@id\":\"https:\\\/\\\/tecoi.com\\\/fr\\\/banques\\\/#primaryimage\",\"url\":\"https:\\\/\\\/tecoi.com\\\/wp-content\\\/uploads\\\/2021\\\/01\\\/BCC_menu.png\",\"contentUrl\":\"https:\\\/\\\/tecoi.com\\\/wp-content\\\/uploads\\\/2021\\\/01\\\/BCC_menu.png\"},{\"@type\":\"BreadcrumbList\",\"@id\":\"https:\\\/\\\/tecoi.com\\\/fr\\\/banques\\\/#breadcrumb\",\"itemListElement\":[{\"@type\":\"ListItem\",\"position\":1,\"name\":\"Home\",\"item\":\"https:\\\/\\\/tecoi.com\\\/fr\\\/\"},{\"@type\":\"ListItem\",\"position\":2,\"name\":\"BANQUES\"}]},{\"@type\":\"WebSite\",\"@id\":\"https:\\\/\\\/tecoi.com\\\/#website\",\"url\":\"https:\\\/\\\/tecoi.com\\\/\",\"name\":\"Tecoi.com\",\"description\":\"Sistemas Avanzados de Procesamiento de Chapa\",\"potentialAction\":[{\"@type\":\"SearchAction\",\"target\":{\"@type\":\"EntryPoint\",\"urlTemplate\":\"https:\\\/\\\/tecoi.com\\\/?s={search_term_string}\"},\"query-input\":{\"@type\":\"PropertyValueSpecification\",\"valueRequired\":true,\"valueName\":\"search_term_string\"}}],\"inLanguage\":\"fr-FR\"}]}<\/script>\n<!-- \/ Yoast SEO plugin. -->","yoast_head_json":{"title":"Sistemas de bancadas para el corte de material | TECOI","description":"Op\u00e9rations combin\u00e9es de d\u00e9coupe thermique et d'usinage, grandes \u00e9paisseurs et diff\u00e9rentes hauteurs de coupe.","robots":{"index":"index","follow":"follow","max-snippet":"max-snippet:-1","max-image-preview":"max-image-preview:large","max-video-preview":"max-video-preview:-1"},"canonical":"https:\/\/tecoi.com\/fr\/banques\/","og_locale":"fr_FR","og_type":"article","og_title":"Sistemas de bancadas para el corte de material | TECOI","og_description":"Op\u00e9rations combin\u00e9es de d\u00e9coupe thermique et d'usinage, grandes \u00e9paisseurs et diff\u00e9rentes hauteurs de coupe.","og_url":"https:\/\/tecoi.com\/fr\/banques\/","og_site_name":"Tecoi.com","article_modified_time":"2021-09-20T14:37:27+00:00","og_image":[{"url":"https:\/\/tecoi.com\/wp-content\/uploads\/2021\/01\/BCC_menu.png","type":"","width":"","height":""}],"twitter_card":"summary_large_image","twitter_misc":{"Dur\u00e9e de lecture estim\u00e9e":"8 minutes"},"schema":{"@context":"https:\/\/schema.org","@graph":[{"@type":"WebPage","@id":"https:\/\/tecoi.com\/fr\/banques\/","url":"https:\/\/tecoi.com\/fr\/banques\/","name":"Sistemas de bancadas para el corte de material | TECOI","isPartOf":{"@id":"https:\/\/tecoi.com\/#website"},"primaryImageOfPage":{"@id":"https:\/\/tecoi.com\/fr\/banques\/#primaryimage"},"image":{"@id":"https:\/\/tecoi.com\/fr\/banques\/#primaryimage"},"thumbnailUrl":"https:\/\/tecoi.com\/wp-content\/uploads\/2021\/01\/BCC_menu.png","datePublished":"2021-04-28T08:47:27+00:00","dateModified":"2021-09-20T14:37:27+00:00","description":"Op\u00e9rations combin\u00e9es de d\u00e9coupe thermique et d'usinage, grandes \u00e9paisseurs et diff\u00e9rentes hauteurs de coupe.","breadcrumb":{"@id":"https:\/\/tecoi.com\/fr\/banques\/#breadcrumb"},"inLanguage":"fr-FR","potentialAction":[{"@type":"ReadAction","target":["https:\/\/tecoi.com\/fr\/banques\/"]}]},{"@type":"ImageObject","inLanguage":"fr-FR","@id":"https:\/\/tecoi.com\/fr\/banques\/#primaryimage","url":"https:\/\/tecoi.com\/wp-content\/uploads\/2021\/01\/BCC_menu.png","contentUrl":"https:\/\/tecoi.com\/wp-content\/uploads\/2021\/01\/BCC_menu.png"},{"@type":"BreadcrumbList","@id":"https:\/\/tecoi.com\/fr\/banques\/#breadcrumb","itemListElement":[{"@type":"ListItem","position":1,"name":"Home","item":"https:\/\/tecoi.com\/fr\/"},{"@type":"ListItem","position":2,"name":"BANQUES"}]},{"@type":"WebSite","@id":"https:\/\/tecoi.com\/#website","url":"https:\/\/tecoi.com\/","name":"Tecoi.com","description":"Sistemas Avanzados de Procesamiento de Chapa","potentialAction":[{"@type":"SearchAction","target":{"@type":"EntryPoint","urlTemplate":"https:\/\/tecoi.com\/?s={search_term_string}"},"query-input":{"@type":"PropertyValueSpecification","valueRequired":true,"valueName":"search_term_string"}}],"inLanguage":"fr-FR"}]}},"_links":{"self":[{"href":"https:\/\/tecoi.com\/fr\/wp-json\/wp\/v2\/pages\/30960","targetHints":{"allow":["GET"]}}],"collection":[{"href":"https:\/\/tecoi.com\/fr\/wp-json\/wp\/v2\/pages"}],"about":[{"href":"https:\/\/tecoi.com\/fr\/wp-json\/wp\/v2\/types\/page"}],"author":[{"embeddable":true,"href":"https:\/\/tecoi.com\/fr\/wp-json\/wp\/v2\/users\/1"}],"replies":[{"embeddable":true,"href":"https:\/\/tecoi.com\/fr\/wp-json\/wp\/v2\/comments?post=30960"}],"version-history":[{"count":0,"href":"https:\/\/tecoi.com\/fr\/wp-json\/wp\/v2\/pages\/30960\/revisions"}],"wp:attachment":[{"href":"https:\/\/tecoi.com\/fr\/wp-json\/wp\/v2\/media?parent=30960"}],"curies":[{"name":"wp","href":"https:\/\/api.w.org\/{rel}","templated":true}]}}