{"id":30770,"date":"2021-04-27T11:44:37","date_gmt":"2021-04-27T11:44:37","guid":{"rendered":"http:\/\/tecoi.com:8008\/ecotec\/"},"modified":"2021-08-12T06:45:55","modified_gmt":"2021-08-12T06:45:55","slug":"ecotec","status":"publish","type":"page","link":"https:\/\/tecoi.com\/fr\/ecotec\/","title":{"rendered":"ECOTEC"},"content":{"rendered":"<p>[et_pb_section fb_built=&#8221;1&#8243; admin_label=&#8221;About&#8221; _builder_version=&#8221;4.6.6&#8243; _module_preset=&#8221;default&#8221; custom_padding=&#8221;||||false|false&#8221; da_disable_devices=&#8221;off|off|off&#8221; da_is_popup=&#8221;off&#8221; da_exit_intent=&#8221;off&#8221; da_has_close=&#8221;on&#8221; da_alt_close=&#8221;off&#8221; da_dark_close=&#8221;off&#8221; da_not_modal=&#8221;on&#8221; da_is_singular=&#8221;off&#8221; da_with_loader=&#8221;off&#8221; da_has_shadow=&#8221;on&#8221;][et_pb_row column_structure=&#8221;1_2,1_2&#8243; _builder_version=&#8221;4.6.6&#8243; _module_preset=&#8221;default&#8221; custom_margin=&#8221;||||false|false&#8221;][et_pb_column type=&#8221;1_2&#8243; _builder_version=&#8221;4.6.5&#8243; _module_preset=&#8221;default&#8221;][et_pb_image src=&#8221;https:\/\/tecoi.com\/wp-content\/uploads\/2021\/01\/ECOTEC.png&#8221; title_text=&#8221;ECOTEC&#8221; _builder_version=&#8221;4.9.0&#8243; _module_preset=&#8221;default&#8221;][\/et_pb_image][\/et_pb_column][et_pb_column type=&#8221;1_2&#8243; _builder_version=&#8221;4.6.5&#8243; _module_preset=&#8221;default&#8221;][et_pb_post_title meta=&#8221;off&#8221; featured_image=&#8221;off&#8221; _builder_version=&#8221;4.9.0&#8243; _module_preset=&#8221;default&#8221; title_level=&#8221;h2&#8243; title_font=&#8221;Bebas Neue||||||||&#8221; title_text_color=&#8221;333&#8243; title_font_size=&#8221;80px&#8221; custom_css_main_element=&#8221;padding-top:30px;||padding-right:30px;||margin-left:30px;||&#8221; border_width_bottom=&#8221;50px&#8221; border_color_bottom=&#8221;#f2b735&#8243; saved_tabs=&#8221;all&#8221;][\/et_pb_post_title][et_pb_text _builder_version=&#8221;4.9.7&#8243; _module_preset=&#8221;default&#8221; text_font_size=&#8221;16px&#8221; text_line_height=&#8221;1.8em&#8221; text_font_size_tablet=&#8221;&#8221; text_font_size_phone=&#8221;14px&#8221; text_font_size_last_edited=&#8221;on|phone&#8221;]<\/p>\n<p>Equipement sp\u00e9cifique pour les proc\u00e9d\u00e9s de d\u00e9coupe au plasma avec des puissances comprises entre 60 et 800 Amp\u00e8res. Les moteurs des filtres ont un variateur, qui permet d&#8217;ajuster la puissance de fonctionnement \u00e0 la quantit\u00e9 de fum\u00e9e g\u00e9n\u00e9r\u00e9e pendant la coupe. Ces filtres sont command\u00e9s depuis le tableau de commande de la machine ou depuis son panneau \u00e9lectrique situ\u00e9 sur la paroi de l&#8217;enceinte.<\/p>\n<p>Il est \u00e9quip\u00e9 de la derni\u00e8re g\u00e9n\u00e9ration de cartouches retardatrices de<strong>flamme (disponibles de 4 \u00e0 32 cartouches) et d&#8217;un syst\u00e8me anti-\u00e9tincelles.<\/strong> Gr\u00e2ce \u00e0 cela, on obtient une purification optimale des gaz r\u00e9sultant du processus de production.<\/p>\n<p>Chaque filtre est dot\u00e9 d&#8217;un<strong>syst\u00e8me de nettoyage automatique<\/strong> qui \u00e9vite de devoir effectuer un entretien \u00e0 court terme. P ossibilit\u00e9 de s&#8217;\u00e9quiper avec les normes Silentec et Atex.<\/p>\n<p>[\/et_pb_text][\/et_pb_column][\/et_pb_row][\/et_pb_section]<\/p>\n","protected":false},"excerpt":{"rendered":"<p>Equipement sp\u00e9cifique pour les proc\u00e9d\u00e9s de d\u00e9coupe au plasma avec des puissances comprises entre 60 et 800 Amp\u00e8res. Les moteurs des filtres ont un variateur, qui permet d&#8217;ajuster la puissance de fonctionnement \u00e0 la quantit\u00e9 de fum\u00e9e g\u00e9n\u00e9r\u00e9e pendant la coupe. Ces filtres sont command\u00e9s depuis le tableau de commande de la machine ou depuis [&hellip;]<\/p>\n","protected":false},"author":1,"featured_media":0,"parent":0,"menu_order":0,"comment_status":"closed","ping_status":"closed","template":"","meta":{"_et_pb_use_builder":"on","_et_pb_old_content":"","_et_gb_content_width":"","inline_featured_image":false,"footnotes":""},"class_list":["post-30770","page","type-page","status-publish","hentry"],"yoast_head":"<!-- This site is optimized with the Yoast SEO plugin v27.4 - https:\/\/yoast.com\/product\/yoast-seo-wordpress\/ -->\n<title>EcoTEC, equipement sp\u00e9cifique pour les proc\u00e9d\u00e9s de d\u00e9coupe au plasma avec des puissances comprises entre 60 et 800 Amp\u00e8res<\/title>\n<meta name=\"description\" content=\"Ces filtres sont command\u00e9s depuis le tableau de commande de la machine ou depuis son panneau \u00e9lectrique situ\u00e9 sur la paroi de l\u2019enceinte.\" \/>\n<meta name=\"robots\" content=\"index, follow, max-snippet:-1, max-image-preview:large, max-video-preview:-1\" \/>\n<link rel=\"canonical\" href=\"https:\/\/tecoi.com\/fr\/ecotec\/\" \/>\n<meta property=\"og:locale\" content=\"fr_FR\" \/>\n<meta property=\"og:type\" content=\"article\" \/>\n<meta property=\"og:title\" content=\"EcoTEC, equipement sp\u00e9cifique pour les proc\u00e9d\u00e9s de d\u00e9coupe au plasma avec des puissances comprises entre 60 et 800 Amp\u00e8res\" \/>\n<meta property=\"og:description\" content=\"Ces filtres sont command\u00e9s depuis le tableau de commande de la machine ou depuis son panneau \u00e9lectrique situ\u00e9 sur la paroi de l\u2019enceinte.\" \/>\n<meta property=\"og:url\" content=\"https:\/\/tecoi.com\/ecotec\/\" \/>\n<meta property=\"og:site_name\" content=\"Tecoi.com\" \/>\n<meta property=\"article:modified_time\" content=\"2021-08-12T06:45:55+00:00\" \/>\n<meta name=\"twitter:card\" content=\"summary_large_image\" \/>\n<meta name=\"twitter:label1\" content=\"Dur\u00e9e de lecture estim\u00e9e\" \/>\n\t<meta name=\"twitter:data1\" content=\"2 minutes\" \/>\n<script type=\"application\/ld+json\" class=\"yoast-schema-graph\">{\"@context\":\"https:\\\/\\\/schema.org\",\"@graph\":[{\"@type\":\"WebPage\",\"@id\":\"https:\\\/\\\/tecoi.com\\\/ecotec\\\/\",\"url\":\"https:\\\/\\\/tecoi.com\\\/ecotec\\\/\",\"name\":\"EcoTEC, equipement sp\u00e9cifique pour les proc\u00e9d\u00e9s de d\u00e9coupe au plasma avec des puissances comprises entre 60 et 800 Amp\u00e8res\",\"isPartOf\":{\"@id\":\"https:\\\/\\\/tecoi.com\\\/#website\"},\"datePublished\":\"2021-04-27T11:44:37+00:00\",\"dateModified\":\"2021-08-12T06:45:55+00:00\",\"description\":\"Ces filtres sont command\u00e9s depuis le tableau de commande de la machine ou depuis son panneau \u00e9lectrique situ\u00e9 sur la paroi de l\u2019enceinte.\",\"breadcrumb\":{\"@id\":\"https:\\\/\\\/tecoi.com\\\/ecotec\\\/#breadcrumb\"},\"inLanguage\":\"fr-FR\",\"potentialAction\":[{\"@type\":\"ReadAction\",\"target\":[\"https:\\\/\\\/tecoi.com\\\/ecotec\\\/\"]}]},{\"@type\":\"BreadcrumbList\",\"@id\":\"https:\\\/\\\/tecoi.com\\\/ecotec\\\/#breadcrumb\",\"itemListElement\":[{\"@type\":\"ListItem\",\"position\":1,\"name\":\"Home\",\"item\":\"https:\\\/\\\/tecoi.com\\\/fr\\\/\"},{\"@type\":\"ListItem\",\"position\":2,\"name\":\"ECOTEC\"}]},{\"@type\":\"WebSite\",\"@id\":\"https:\\\/\\\/tecoi.com\\\/#website\",\"url\":\"https:\\\/\\\/tecoi.com\\\/\",\"name\":\"Tecoi.com\",\"description\":\"Sistemas Avanzados de Procesamiento de Chapa\",\"potentialAction\":[{\"@type\":\"SearchAction\",\"target\":{\"@type\":\"EntryPoint\",\"urlTemplate\":\"https:\\\/\\\/tecoi.com\\\/?s={search_term_string}\"},\"query-input\":{\"@type\":\"PropertyValueSpecification\",\"valueRequired\":true,\"valueName\":\"search_term_string\"}}],\"inLanguage\":\"fr-FR\"}]}<\/script>\n<!-- \/ Yoast SEO plugin. -->","yoast_head_json":{"title":"EcoTEC, equipement sp\u00e9cifique pour les proc\u00e9d\u00e9s de d\u00e9coupe au plasma avec des puissances comprises entre 60 et 800 Amp\u00e8res","description":"Ces filtres sont command\u00e9s depuis le tableau de commande de la machine ou depuis son panneau \u00e9lectrique situ\u00e9 sur la paroi de l\u2019enceinte.","robots":{"index":"index","follow":"follow","max-snippet":"max-snippet:-1","max-image-preview":"max-image-preview:large","max-video-preview":"max-video-preview:-1"},"canonical":"https:\/\/tecoi.com\/fr\/ecotec\/","og_locale":"fr_FR","og_type":"article","og_title":"EcoTEC, equipement sp\u00e9cifique pour les proc\u00e9d\u00e9s de d\u00e9coupe au plasma avec des puissances comprises entre 60 et 800 Amp\u00e8res","og_description":"Ces filtres sont command\u00e9s depuis le tableau de commande de la machine ou depuis son panneau \u00e9lectrique situ\u00e9 sur la paroi de l\u2019enceinte.","og_url":"https:\/\/tecoi.com\/ecotec\/","og_site_name":"Tecoi.com","article_modified_time":"2021-08-12T06:45:55+00:00","twitter_card":"summary_large_image","twitter_misc":{"Dur\u00e9e de lecture estim\u00e9e":"2 minutes"},"schema":{"@context":"https:\/\/schema.org","@graph":[{"@type":"WebPage","@id":"https:\/\/tecoi.com\/ecotec\/","url":"https:\/\/tecoi.com\/ecotec\/","name":"EcoTEC, equipement sp\u00e9cifique pour les proc\u00e9d\u00e9s de d\u00e9coupe au plasma avec des puissances comprises entre 60 et 800 Amp\u00e8res","isPartOf":{"@id":"https:\/\/tecoi.com\/#website"},"datePublished":"2021-04-27T11:44:37+00:00","dateModified":"2021-08-12T06:45:55+00:00","description":"Ces filtres sont command\u00e9s depuis le tableau de commande de la machine ou depuis son panneau \u00e9lectrique situ\u00e9 sur la paroi de l\u2019enceinte.","breadcrumb":{"@id":"https:\/\/tecoi.com\/ecotec\/#breadcrumb"},"inLanguage":"fr-FR","potentialAction":[{"@type":"ReadAction","target":["https:\/\/tecoi.com\/ecotec\/"]}]},{"@type":"BreadcrumbList","@id":"https:\/\/tecoi.com\/ecotec\/#breadcrumb","itemListElement":[{"@type":"ListItem","position":1,"name":"Home","item":"https:\/\/tecoi.com\/fr\/"},{"@type":"ListItem","position":2,"name":"ECOTEC"}]},{"@type":"WebSite","@id":"https:\/\/tecoi.com\/#website","url":"https:\/\/tecoi.com\/","name":"Tecoi.com","description":"Sistemas Avanzados de Procesamiento de Chapa","potentialAction":[{"@type":"SearchAction","target":{"@type":"EntryPoint","urlTemplate":"https:\/\/tecoi.com\/?s={search_term_string}"},"query-input":{"@type":"PropertyValueSpecification","valueRequired":true,"valueName":"search_term_string"}}],"inLanguage":"fr-FR"}]}},"_links":{"self":[{"href":"https:\/\/tecoi.com\/fr\/wp-json\/wp\/v2\/pages\/30770","targetHints":{"allow":["GET"]}}],"collection":[{"href":"https:\/\/tecoi.com\/fr\/wp-json\/wp\/v2\/pages"}],"about":[{"href":"https:\/\/tecoi.com\/fr\/wp-json\/wp\/v2\/types\/page"}],"author":[{"embeddable":true,"href":"https:\/\/tecoi.com\/fr\/wp-json\/wp\/v2\/users\/1"}],"replies":[{"embeddable":true,"href":"https:\/\/tecoi.com\/fr\/wp-json\/wp\/v2\/comments?post=30770"}],"version-history":[{"count":0,"href":"https:\/\/tecoi.com\/fr\/wp-json\/wp\/v2\/pages\/30770\/revisions"}],"wp:attachment":[{"href":"https:\/\/tecoi.com\/fr\/wp-json\/wp\/v2\/media?parent=30770"}],"curies":[{"name":"wp","href":"https:\/\/api.w.org\/{rel}","templated":true}]}}