{"id":30752,"date":"2021-04-27T11:41:26","date_gmt":"2021-04-27T11:41:26","guid":{"rendered":"http:\/\/tecoi.com:8008\/vibratec\/"},"modified":"2021-08-12T08:32:48","modified_gmt":"2021-08-12T08:32:48","slug":"vibratec","status":"publish","type":"page","link":"https:\/\/tecoi.com\/fr\/vibratec\/","title":{"rendered":"VIBRATEC"},"content":{"rendered":"<p>[et_pb_section fb_built=&#8221;1&#8243; admin_label=&#8221;About&#8221; _builder_version=&#8221;4.6.6&#8243; _module_preset=&#8221;default&#8221; custom_padding=&#8221;||||false|false&#8221; da_disable_devices=&#8221;off|off|off&#8221; da_is_popup=&#8221;off&#8221; da_exit_intent=&#8221;off&#8221; da_has_close=&#8221;on&#8221; da_alt_close=&#8221;off&#8221; da_dark_close=&#8221;off&#8221; da_not_modal=&#8221;on&#8221; da_is_singular=&#8221;off&#8221; da_with_loader=&#8221;off&#8221; da_has_shadow=&#8221;on&#8221;][et_pb_row column_structure=&#8221;1_2,1_2&#8243; _builder_version=&#8221;4.6.6&#8243; _module_preset=&#8221;default&#8221; custom_margin=&#8221;||||false|false&#8221;][et_pb_column type=&#8221;1_2&#8243; _builder_version=&#8221;4.6.5&#8243; _module_preset=&#8221;default&#8221;][et_pb_image src=&#8221;https:\/\/tecoi.com\/wp-content\/uploads\/2021\/01\/VIBRATEC.png&#8221; title_text=&#8221;VIBRATEC&#8221; _builder_version=&#8221;4.9.0&#8243; _module_preset=&#8221;default&#8221;][\/et_pb_image][\/et_pb_column][et_pb_column type=&#8221;1_2&#8243; _builder_version=&#8221;4.6.5&#8243; _module_preset=&#8221;default&#8221;][et_pb_post_title meta=&#8221;off&#8221; featured_image=&#8221;off&#8221; _builder_version=&#8221;4.9.0&#8243; _module_preset=&#8221;default&#8221; title_level=&#8221;h2&#8243; title_font=&#8221;Bebas Neue||||||||&#8221; title_text_color=&#8221;333&#8243; title_font_size=&#8221;80px&#8221; custom_css_main_element=&#8221;padding-top:30px;||padding-right:30px;||margin-left:30px;||&#8221; border_width_bottom=&#8221;50px&#8221; border_color_bottom=&#8221;#f2b735&#8243; saved_tabs=&#8221;all&#8221;][\/et_pb_post_title][et_pb_text _builder_version=&#8221;4.9.7&#8243; _module_preset=&#8221;default&#8221; text_font_size=&#8221;16px&#8221; text_line_height=&#8221;1.8em&#8221; text_font_size_tablet=&#8221;&#8221; text_font_size_phone=&#8221;14px&#8221; text_font_size_last_edited=&#8221;on|phone&#8221;]<\/p>\n<p>Syst\u00e8me <strong>d&#8217;\u00e9vacuation des scories g\u00e9n\u00e9r\u00e9es lors du processus de coupe<\/strong>, ainsi que des petits morceaux qui ne restent pas sur la grille. Combin\u00e9 avec les bancs TECOI, il permet un fonctionnement optimal du syst\u00e8me d&#8217;aspiration.<\/p>\n<p>Il permet <strong>de r\u00e9aliser des \u00e9conomies importantes en termes de temps<\/strong> d&#8217;arr\u00eat et de fonctionnement des machines lors des op\u00e9rations de nettoyage,<strong>d&#8217;entretien et d&#8217;\u00e9limination des d\u00e9chets.<\/strong><\/p>\n<p>Le syst\u00e8me est pr\u00e9par\u00e9 pour d\u00e9verser les scories et les pi\u00e8ces collect\u00e9es dans un conteneur situ\u00e9 sous le plan d&#8217;appui de la machine, bien qu&#8217;il soit \u00e9galement possible d&#8217;installer un tapis roulant pour la collecte et le d\u00e9versement lat\u00e9ral.<\/p>\n<p>[\/et_pb_text][\/et_pb_column][\/et_pb_row][\/et_pb_section]<\/p>\n","protected":false},"excerpt":{"rendered":"<p>Syst\u00e8me d&#8217;\u00e9vacuation des scories g\u00e9n\u00e9r\u00e9es lors du processus de coupe, ainsi que des petits morceaux qui ne restent pas sur la grille. Combin\u00e9 avec les bancs TECOI, il permet un fonctionnement optimal du syst\u00e8me d&#8217;aspiration. Il permet de r\u00e9aliser des \u00e9conomies importantes en termes de temps d&#8217;arr\u00eat et de fonctionnement des machines lors des op\u00e9rations [&hellip;]<\/p>\n","protected":false},"author":1,"featured_media":0,"parent":0,"menu_order":0,"comment_status":"closed","ping_status":"closed","template":"","meta":{"_et_pb_use_builder":"on","_et_pb_old_content":"","_et_gb_content_width":"","inline_featured_image":false,"footnotes":""},"class_list":["post-30752","page","type-page","status-publish","hentry"],"yoast_head":"<!-- This site is optimized with the Yoast SEO plugin v27.4 - https:\/\/yoast.com\/product\/yoast-seo-wordpress\/ -->\n<title>VibraTEC, syst\u00e8me d\u2019\u00e9vacuation des scories<\/title>\n<meta name=\"description\" content=\"Combin\u00e9 avec les bancs TECOI, il permet un fonctionnement optimal du syst\u00e8me d\u2019aspiration. Il permet de r\u00e9aliser des \u00e9conomies importantes en termes de temps d\u2019arr\u00eat.\" \/>\n<meta name=\"robots\" content=\"index, follow, max-snippet:-1, max-image-preview:large, max-video-preview:-1\" \/>\n<link rel=\"canonical\" href=\"https:\/\/tecoi.com\/fr\/vibratec\/\" \/>\n<meta property=\"og:locale\" content=\"fr_FR\" \/>\n<meta property=\"og:type\" content=\"article\" \/>\n<meta property=\"og:title\" content=\"VibraTEC, syst\u00e8me d\u2019\u00e9vacuation des scories\" \/>\n<meta property=\"og:description\" content=\"Combin\u00e9 avec les bancs TECOI, il permet un fonctionnement optimal du syst\u00e8me d\u2019aspiration. Il permet de r\u00e9aliser des \u00e9conomies importantes en termes de temps d\u2019arr\u00eat.\" \/>\n<meta property=\"og:url\" content=\"https:\/\/tecoi.com\/vibratec\/\" \/>\n<meta property=\"og:site_name\" content=\"Tecoi.com\" \/>\n<meta property=\"article:modified_time\" content=\"2021-08-12T08:32:48+00:00\" \/>\n<meta name=\"twitter:card\" content=\"summary_large_image\" \/>\n<meta name=\"twitter:label1\" content=\"Dur\u00e9e de lecture estim\u00e9e\" \/>\n\t<meta name=\"twitter:data1\" content=\"2 minutes\" \/>\n<script type=\"application\/ld+json\" class=\"yoast-schema-graph\">{\"@context\":\"https:\\\/\\\/schema.org\",\"@graph\":[{\"@type\":\"WebPage\",\"@id\":\"https:\\\/\\\/tecoi.com\\\/vibratec\\\/\",\"url\":\"https:\\\/\\\/tecoi.com\\\/vibratec\\\/\",\"name\":\"VibraTEC, syst\u00e8me d\u2019\u00e9vacuation des scories\",\"isPartOf\":{\"@id\":\"https:\\\/\\\/tecoi.com\\\/#website\"},\"datePublished\":\"2021-04-27T11:41:26+00:00\",\"dateModified\":\"2021-08-12T08:32:48+00:00\",\"description\":\"Combin\u00e9 avec les bancs TECOI, il permet un fonctionnement optimal du syst\u00e8me d\u2019aspiration. Il permet de r\u00e9aliser des \u00e9conomies importantes en termes de temps d\u2019arr\u00eat.\",\"breadcrumb\":{\"@id\":\"https:\\\/\\\/tecoi.com\\\/vibratec\\\/#breadcrumb\"},\"inLanguage\":\"fr-FR\",\"potentialAction\":[{\"@type\":\"ReadAction\",\"target\":[\"https:\\\/\\\/tecoi.com\\\/vibratec\\\/\"]}]},{\"@type\":\"BreadcrumbList\",\"@id\":\"https:\\\/\\\/tecoi.com\\\/vibratec\\\/#breadcrumb\",\"itemListElement\":[{\"@type\":\"ListItem\",\"position\":1,\"name\":\"Home\",\"item\":\"https:\\\/\\\/tecoi.com\\\/fr\\\/\"},{\"@type\":\"ListItem\",\"position\":2,\"name\":\"VIBRATEC\"}]},{\"@type\":\"WebSite\",\"@id\":\"https:\\\/\\\/tecoi.com\\\/#website\",\"url\":\"https:\\\/\\\/tecoi.com\\\/\",\"name\":\"Tecoi.com\",\"description\":\"Sistemas Avanzados de Procesamiento de Chapa\",\"potentialAction\":[{\"@type\":\"SearchAction\",\"target\":{\"@type\":\"EntryPoint\",\"urlTemplate\":\"https:\\\/\\\/tecoi.com\\\/?s={search_term_string}\"},\"query-input\":{\"@type\":\"PropertyValueSpecification\",\"valueRequired\":true,\"valueName\":\"search_term_string\"}}],\"inLanguage\":\"fr-FR\"}]}<\/script>\n<!-- \/ Yoast SEO plugin. -->","yoast_head_json":{"title":"VibraTEC, syst\u00e8me d\u2019\u00e9vacuation des scories","description":"Combin\u00e9 avec les bancs TECOI, il permet un fonctionnement optimal du syst\u00e8me d\u2019aspiration. Il permet de r\u00e9aliser des \u00e9conomies importantes en termes de temps d\u2019arr\u00eat.","robots":{"index":"index","follow":"follow","max-snippet":"max-snippet:-1","max-image-preview":"max-image-preview:large","max-video-preview":"max-video-preview:-1"},"canonical":"https:\/\/tecoi.com\/fr\/vibratec\/","og_locale":"fr_FR","og_type":"article","og_title":"VibraTEC, syst\u00e8me d\u2019\u00e9vacuation des scories","og_description":"Combin\u00e9 avec les bancs TECOI, il permet un fonctionnement optimal du syst\u00e8me d\u2019aspiration. Il permet de r\u00e9aliser des \u00e9conomies importantes en termes de temps d\u2019arr\u00eat.","og_url":"https:\/\/tecoi.com\/vibratec\/","og_site_name":"Tecoi.com","article_modified_time":"2021-08-12T08:32:48+00:00","twitter_card":"summary_large_image","twitter_misc":{"Dur\u00e9e de lecture estim\u00e9e":"2 minutes"},"schema":{"@context":"https:\/\/schema.org","@graph":[{"@type":"WebPage","@id":"https:\/\/tecoi.com\/vibratec\/","url":"https:\/\/tecoi.com\/vibratec\/","name":"VibraTEC, syst\u00e8me d\u2019\u00e9vacuation des scories","isPartOf":{"@id":"https:\/\/tecoi.com\/#website"},"datePublished":"2021-04-27T11:41:26+00:00","dateModified":"2021-08-12T08:32:48+00:00","description":"Combin\u00e9 avec les bancs TECOI, il permet un fonctionnement optimal du syst\u00e8me d\u2019aspiration. Il permet de r\u00e9aliser des \u00e9conomies importantes en termes de temps d\u2019arr\u00eat.","breadcrumb":{"@id":"https:\/\/tecoi.com\/vibratec\/#breadcrumb"},"inLanguage":"fr-FR","potentialAction":[{"@type":"ReadAction","target":["https:\/\/tecoi.com\/vibratec\/"]}]},{"@type":"BreadcrumbList","@id":"https:\/\/tecoi.com\/vibratec\/#breadcrumb","itemListElement":[{"@type":"ListItem","position":1,"name":"Home","item":"https:\/\/tecoi.com\/fr\/"},{"@type":"ListItem","position":2,"name":"VIBRATEC"}]},{"@type":"WebSite","@id":"https:\/\/tecoi.com\/#website","url":"https:\/\/tecoi.com\/","name":"Tecoi.com","description":"Sistemas Avanzados de Procesamiento de Chapa","potentialAction":[{"@type":"SearchAction","target":{"@type":"EntryPoint","urlTemplate":"https:\/\/tecoi.com\/?s={search_term_string}"},"query-input":{"@type":"PropertyValueSpecification","valueRequired":true,"valueName":"search_term_string"}}],"inLanguage":"fr-FR"}]}},"_links":{"self":[{"href":"https:\/\/tecoi.com\/fr\/wp-json\/wp\/v2\/pages\/30752","targetHints":{"allow":["GET"]}}],"collection":[{"href":"https:\/\/tecoi.com\/fr\/wp-json\/wp\/v2\/pages"}],"about":[{"href":"https:\/\/tecoi.com\/fr\/wp-json\/wp\/v2\/types\/page"}],"author":[{"embeddable":true,"href":"https:\/\/tecoi.com\/fr\/wp-json\/wp\/v2\/users\/1"}],"replies":[{"embeddable":true,"href":"https:\/\/tecoi.com\/fr\/wp-json\/wp\/v2\/comments?post=30752"}],"version-history":[{"count":0,"href":"https:\/\/tecoi.com\/fr\/wp-json\/wp\/v2\/pages\/30752\/revisions"}],"wp:attachment":[{"href":"https:\/\/tecoi.com\/fr\/wp-json\/wp\/v2\/media?parent=30752"}],"curies":[{"name":"wp","href":"https:\/\/api.w.org\/{rel}","templated":true}]}}