{"id":30720,"date":"2021-04-27T11:31:54","date_gmt":"2021-04-27T11:31:54","guid":{"rendered":"http:\/\/tecoi.com:8008\/bdi\/"},"modified":"2021-08-12T06:31:08","modified_gmt":"2021-08-12T06:31:08","slug":"bdi","status":"publish","type":"page","link":"https:\/\/tecoi.com\/fr\/bdi\/","title":{"rendered":"BDI"},"content":{"rendered":"<p>[et_pb_section fb_built=&#8221;1&#8243; admin_label=&#8221;About&#8221; _builder_version=&#8221;4.6.6&#8243; _module_preset=&#8221;default&#8221; custom_padding=&#8221;||||false|false&#8221; da_disable_devices=&#8221;off|off|off&#8221; da_is_popup=&#8221;off&#8221; da_exit_intent=&#8221;off&#8221; da_has_close=&#8221;on&#8221; da_alt_close=&#8221;off&#8221; da_dark_close=&#8221;off&#8221; da_not_modal=&#8221;on&#8221; da_is_singular=&#8221;off&#8221; da_with_loader=&#8221;off&#8221; da_has_shadow=&#8221;on&#8221;][et_pb_row column_structure=&#8221;1_2,1_2&#8243; _builder_version=&#8221;4.6.6&#8243; _module_preset=&#8221;default&#8221; custom_margin=&#8221;||||false|false&#8221;][et_pb_column type=&#8221;1_2&#8243; _builder_version=&#8221;4.6.5&#8243; _module_preset=&#8221;default&#8221;][et_pb_image src=&#8221;https:\/\/tecoi.com\/wp-content\/uploads\/2021\/01\/BDI.png&#8221; title_text=&#8221;BDI&#8221; _builder_version=&#8221;4.9.0&#8243; _module_preset=&#8221;default&#8221;][\/et_pb_image][\/et_pb_column][et_pb_column type=&#8221;1_2&#8243; _builder_version=&#8221;4.6.5&#8243; _module_preset=&#8221;default&#8221;][et_pb_post_title meta=&#8221;off&#8221; featured_image=&#8221;off&#8221; _builder_version=&#8221;4.9.0&#8243; _module_preset=&#8221;default&#8221; title_level=&#8221;h2&#8243; title_font=&#8221;Bebas Neue||||||||&#8221; title_text_color=&#8221;333&#8243; title_font_size=&#8221;80px&#8221; custom_css_main_element=&#8221;padding-top:30px;||padding-right:30px;||margin-left:30px;||&#8221; border_width_bottom=&#8221;50px&#8221; border_color_bottom=&#8221;#f2b735&#8243; saved_tabs=&#8221;all&#8221;][\/et_pb_post_title][et_pb_text _builder_version=&#8221;4.8.0&#8243; _module_preset=&#8221;default&#8221; text_font_size=&#8221;16px&#8221; text_line_height=&#8221;1.8em&#8221; text_font_size_tablet=&#8221;&#8221; text_font_size_phone=&#8221;14px&#8221; text_font_size_last_edited=&#8221;on|phone&#8221;]<\/p>\n<p>Table int\u00e9rieure totalement ind\u00e9pendante du banc de guidage. Il se compose d&#8217;un cadre de levage autoportant qui<strong>facilite le nettoyage de la machine,<\/strong> et d&#8217;une base avec des cloisons et des profils structurels pour une r\u00e9partition<strong>optimale de la charge.<\/strong><\/p>\n<p>Le BDI est un syst\u00e8me modulaire qui est fabriqu\u00e9<strong>pour diff\u00e9rentes hauteurs de coupe<\/strong>, en fonction de la puissance du plasma install\u00e9, afin de garantir son fonctionnement et sa durabilit\u00e9, avec des supports et des mises \u00e0 niveau dans chacun des modules.<\/p>\n<p>Le gril peut \u00eatre configur\u00e9 avec <strong>diff\u00e9rents types de plaques<\/strong> (droites, dentel\u00e9es, plates, S, C, diagonales, avec des broches en laiton) pour s&#8217;adapter au type de travail \u00e0 effectuer. L&#8217;extraction des fum\u00e9es est r\u00e9alis\u00e9e par un double conduit avec entra\u00eenement pneumatique des portes g\u00e9r\u00e9 depuis la CNC de la machine, formant un syst\u00e8me robuste qui ne n\u00e9cessite pas d&#8217;entretien.<\/p>\n<p>\n            <strong>Les bancs sont enti\u00e8rement con\u00e7us et fabriqu\u00e9s par TECOI et sont compatibles avec toute autre machine sur le march\u00e9.<\/strong>\n          <\/p>\n<p>[\/et_pb_text][\/et_pb_column][\/et_pb_row][\/et_pb_section]<\/p>\n","protected":false},"excerpt":{"rendered":"<p>Table int\u00e9rieure totalement ind\u00e9pendante du banc de guidage. Il se compose d&#8217;un cadre de levage autoportant quifacilite le nettoyage de la machine, et d&#8217;une base avec des cloisons et des profils structurels pour une r\u00e9partitionoptimale de la charge. Le BDI est un syst\u00e8me modulaire qui est fabriqu\u00e9pour diff\u00e9rentes hauteurs de coupe, en fonction de la [&hellip;]<\/p>\n","protected":false},"author":1,"featured_media":0,"parent":0,"menu_order":0,"comment_status":"closed","ping_status":"closed","template":"","meta":{"_et_pb_use_builder":"on","_et_pb_old_content":"","_et_gb_content_width":"","inline_featured_image":false,"footnotes":""},"class_list":["post-30720","page","type-page","status-publish","hentry"],"yoast_head":"<!-- This site is optimized with the Yoast SEO plugin v27.4 - https:\/\/yoast.com\/product\/yoast-seo-wordpress\/ -->\n<title>BDI, table int\u00e9rieure ind\u00e9pendante du banc de guidage<\/title>\n<meta name=\"description\" content=\"BDI facilite le nettoyage de la machine et la r\u00e9partition optimale de la charge.\" \/>\n<meta name=\"robots\" content=\"index, follow, max-snippet:-1, max-image-preview:large, max-video-preview:-1\" \/>\n<link rel=\"canonical\" href=\"https:\/\/tecoi.com\/fr\/bdi\/\" \/>\n<meta property=\"og:locale\" content=\"fr_FR\" \/>\n<meta property=\"og:type\" content=\"article\" \/>\n<meta property=\"og:title\" content=\"BDI, table int\u00e9rieure ind\u00e9pendante du banc de guidage\" \/>\n<meta property=\"og:description\" content=\"BDI facilite le nettoyage de la machine et la r\u00e9partition optimale de la charge.\" \/>\n<meta property=\"og:url\" content=\"https:\/\/tecoi.com\/bdi\/\" \/>\n<meta property=\"og:site_name\" content=\"Tecoi.com\" \/>\n<meta property=\"article:modified_time\" content=\"2021-08-12T06:31:08+00:00\" \/>\n<meta name=\"twitter:card\" content=\"summary_large_image\" \/>\n<meta name=\"twitter:label1\" content=\"Dur\u00e9e de lecture estim\u00e9e\" \/>\n\t<meta name=\"twitter:data1\" content=\"2 minutes\" \/>\n<script type=\"application\/ld+json\" class=\"yoast-schema-graph\">{\"@context\":\"https:\\\/\\\/schema.org\",\"@graph\":[{\"@type\":\"WebPage\",\"@id\":\"https:\\\/\\\/tecoi.com\\\/bdi\\\/\",\"url\":\"https:\\\/\\\/tecoi.com\\\/bdi\\\/\",\"name\":\"BDI, table int\u00e9rieure ind\u00e9pendante du banc de guidage\",\"isPartOf\":{\"@id\":\"https:\\\/\\\/tecoi.com\\\/#website\"},\"datePublished\":\"2021-04-27T11:31:54+00:00\",\"dateModified\":\"2021-08-12T06:31:08+00:00\",\"description\":\"BDI facilite le nettoyage de la machine et la r\u00e9partition optimale de la charge.\",\"breadcrumb\":{\"@id\":\"https:\\\/\\\/tecoi.com\\\/bdi\\\/#breadcrumb\"},\"inLanguage\":\"fr-FR\",\"potentialAction\":[{\"@type\":\"ReadAction\",\"target\":[\"https:\\\/\\\/tecoi.com\\\/bdi\\\/\"]}]},{\"@type\":\"BreadcrumbList\",\"@id\":\"https:\\\/\\\/tecoi.com\\\/bdi\\\/#breadcrumb\",\"itemListElement\":[{\"@type\":\"ListItem\",\"position\":1,\"name\":\"Home\",\"item\":\"https:\\\/\\\/tecoi.com\\\/fr\\\/\"},{\"@type\":\"ListItem\",\"position\":2,\"name\":\"BDI\"}]},{\"@type\":\"WebSite\",\"@id\":\"https:\\\/\\\/tecoi.com\\\/#website\",\"url\":\"https:\\\/\\\/tecoi.com\\\/\",\"name\":\"Tecoi.com\",\"description\":\"Sistemas Avanzados de Procesamiento de Chapa\",\"potentialAction\":[{\"@type\":\"SearchAction\",\"target\":{\"@type\":\"EntryPoint\",\"urlTemplate\":\"https:\\\/\\\/tecoi.com\\\/?s={search_term_string}\"},\"query-input\":{\"@type\":\"PropertyValueSpecification\",\"valueRequired\":true,\"valueName\":\"search_term_string\"}}],\"inLanguage\":\"fr-FR\"}]}<\/script>\n<!-- \/ Yoast SEO plugin. -->","yoast_head_json":{"title":"BDI, table int\u00e9rieure ind\u00e9pendante du banc de guidage","description":"BDI facilite le nettoyage de la machine et la r\u00e9partition optimale de la charge.","robots":{"index":"index","follow":"follow","max-snippet":"max-snippet:-1","max-image-preview":"max-image-preview:large","max-video-preview":"max-video-preview:-1"},"canonical":"https:\/\/tecoi.com\/fr\/bdi\/","og_locale":"fr_FR","og_type":"article","og_title":"BDI, table int\u00e9rieure ind\u00e9pendante du banc de guidage","og_description":"BDI facilite le nettoyage de la machine et la r\u00e9partition optimale de la charge.","og_url":"https:\/\/tecoi.com\/bdi\/","og_site_name":"Tecoi.com","article_modified_time":"2021-08-12T06:31:08+00:00","twitter_card":"summary_large_image","twitter_misc":{"Dur\u00e9e de lecture estim\u00e9e":"2 minutes"},"schema":{"@context":"https:\/\/schema.org","@graph":[{"@type":"WebPage","@id":"https:\/\/tecoi.com\/bdi\/","url":"https:\/\/tecoi.com\/bdi\/","name":"BDI, table int\u00e9rieure ind\u00e9pendante du banc de guidage","isPartOf":{"@id":"https:\/\/tecoi.com\/#website"},"datePublished":"2021-04-27T11:31:54+00:00","dateModified":"2021-08-12T06:31:08+00:00","description":"BDI facilite le nettoyage de la machine et la r\u00e9partition optimale de la charge.","breadcrumb":{"@id":"https:\/\/tecoi.com\/bdi\/#breadcrumb"},"inLanguage":"fr-FR","potentialAction":[{"@type":"ReadAction","target":["https:\/\/tecoi.com\/bdi\/"]}]},{"@type":"BreadcrumbList","@id":"https:\/\/tecoi.com\/bdi\/#breadcrumb","itemListElement":[{"@type":"ListItem","position":1,"name":"Home","item":"https:\/\/tecoi.com\/fr\/"},{"@type":"ListItem","position":2,"name":"BDI"}]},{"@type":"WebSite","@id":"https:\/\/tecoi.com\/#website","url":"https:\/\/tecoi.com\/","name":"Tecoi.com","description":"Sistemas Avanzados de Procesamiento de Chapa","potentialAction":[{"@type":"SearchAction","target":{"@type":"EntryPoint","urlTemplate":"https:\/\/tecoi.com\/?s={search_term_string}"},"query-input":{"@type":"PropertyValueSpecification","valueRequired":true,"valueName":"search_term_string"}}],"inLanguage":"fr-FR"}]}},"_links":{"self":[{"href":"https:\/\/tecoi.com\/fr\/wp-json\/wp\/v2\/pages\/30720","targetHints":{"allow":["GET"]}}],"collection":[{"href":"https:\/\/tecoi.com\/fr\/wp-json\/wp\/v2\/pages"}],"about":[{"href":"https:\/\/tecoi.com\/fr\/wp-json\/wp\/v2\/types\/page"}],"author":[{"embeddable":true,"href":"https:\/\/tecoi.com\/fr\/wp-json\/wp\/v2\/users\/1"}],"replies":[{"embeddable":true,"href":"https:\/\/tecoi.com\/fr\/wp-json\/wp\/v2\/comments?post=30720"}],"version-history":[{"count":0,"href":"https:\/\/tecoi.com\/fr\/wp-json\/wp\/v2\/pages\/30720\/revisions"}],"wp:attachment":[{"href":"https:\/\/tecoi.com\/fr\/wp-json\/wp\/v2\/media?parent=30720"}],"curies":[{"name":"wp","href":"https:\/\/api.w.org\/{rel}","templated":true}]}}