{"id":30673,"date":"2021-04-27T09:09:30","date_gmt":"2021-04-27T09:09:30","guid":{"rendered":"http:\/\/tecoi.com:8008\/tete-triple-oxycoupage\/"},"modified":"2021-08-12T08:22:04","modified_gmt":"2021-08-12T08:22:04","slug":"tete-triple-oxycoupage","status":"publish","type":"page","link":"https:\/\/tecoi.com\/fr\/tete-triple-oxycoupage\/","title":{"rendered":"T\u00caTE TRIPLE OXYCOUPAGE"},"content":{"rendered":"<p>[et_pb_section fb_built=&#8221;1&#8243; admin_label=&#8221;About&#8221; _builder_version=&#8221;4.6.6&#8243; _module_preset=&#8221;default&#8221; custom_padding=&#8221;||||false|false&#8221; da_disable_devices=&#8221;off|off|off&#8221; da_is_popup=&#8221;off&#8221; da_exit_intent=&#8221;off&#8221; da_has_close=&#8221;on&#8221; da_alt_close=&#8221;off&#8221; da_dark_close=&#8221;off&#8221; da_not_modal=&#8221;on&#8221; da_is_singular=&#8221;off&#8221; da_with_loader=&#8221;off&#8221; da_has_shadow=&#8221;on&#8221;][et_pb_row column_structure=&#8221;1_2,1_2&#8243; _builder_version=&#8221;4.6.6&#8243; _module_preset=&#8221;default&#8221; custom_margin=&#8221;||||false|false&#8221;][et_pb_column type=&#8221;1_2&#8243; _builder_version=&#8221;4.6.5&#8243; _module_preset=&#8221;default&#8221;][et_pb_video image_src=&#8221;https:\/\/tecoi.com\/wp-content\/uploads\/2020\/12\/FLA-2-1.jpg&#8221; thumbnail_overlay_color=&#8221;rgba(0,0,0,0.6)&#8221; _builder_version=&#8221;4.8.0&#8243; _module_preset=&#8221;default&#8221;][\/et_pb_video][et_pb_gallery gallery_ids=&#8221;2601,2607&#8243; fullwidth=&#8221;on&#8221; _builder_version=&#8221;4.8.2&#8243; _module_preset=&#8221;default&#8221;][\/et_pb_gallery][\/et_pb_column][et_pb_column type=&#8221;1_2&#8243; _builder_version=&#8221;4.6.5&#8243; _module_preset=&#8221;default&#8221;][et_pb_post_title meta=&#8221;off&#8221; featured_image=&#8221;off&#8221; _builder_version=&#8221;4.9.0&#8243; _module_preset=&#8221;default&#8221; title_level=&#8221;h2&#8243; title_font=&#8221;Bebas Neue||||||||&#8221; title_text_color=&#8221;333&#8243; title_font_size=&#8221;80px&#8221; custom_css_main_element=&#8221;padding-top:30px;||padding-right:30px;||margin-left:30px;||&#8221; border_width_bottom=&#8221;50px&#8221; border_color_bottom=&#8221;#f2b735&#8243; saved_tabs=&#8221;all&#8221;][\/et_pb_post_title][et_pb_text _builder_version=&#8221;4.9.9&#8243; _module_preset=&#8221;default&#8221; text_font_size=&#8221;16px&#8221; text_line_height=&#8221;1.8em&#8221; text_font_size_tablet=&#8221;&#8221; text_font_size_phone=&#8221;14px&#8221; text_font_size_last_edited=&#8221;on|phone&#8221;]<\/p>\n<p>T\u00eate \u00e0 trois chalumeaux con\u00e7ue pour couper des bords biseaut\u00e9s en rotation continue sur <strong>des t\u00f4les d&#8217;acier au carbone.<\/strong> Il s&#8217;agit d&#8217;une t\u00eate ind\u00e9pendante, avec levage automatique et contr\u00f4le de la hauteur par le biais d&#8217;une sonde m\u00e9canique glissant sur la t\u00f4le, avec levage motoris\u00e9 FANUC et contr\u00f4le de la hauteur capacitif. Il est capable de couper des biseaux de type V, Y et K avec un angle de biseau maximum de 60\u00ba.<\/p>\n<p>Les capacit\u00e9s de coupe sont beaucoup plus \u00e9lev\u00e9es que celles des t\u00eates similaires d&#8217;autres fabricants :<\/p>\n<ul>\n<li>Extension de la plage de degr\u00e9s maximum et minimum qui <strong>permet l&#8217;inclinaison des torches.<\/strong><\/li>\n<li>Bo\u00eetier sp\u00e9cial en acier inoxydable pour <strong>prot\u00e9ger tous les m\u00e9canismes de r\u00e9glage sensibles.<\/strong><\/li>\n<li>Optimisation de la <strong>visibilit\u00e9<\/strong> du degr\u00e9 et des r\u00e8gles de s\u00e9paration.<\/li>\n<li>Suppression de toute l&#8217;\u00e9lectronique et des connecteurs sur le fond rotatif, ce qui donne une t\u00eate <strong>compacte et robuste.<\/strong><\/li>\n<\/ul>\n<p>[\/et_pb_text][\/et_pb_column][\/et_pb_row][\/et_pb_section]<\/p>\n","protected":false},"excerpt":{"rendered":"<p>T\u00eate \u00e0 trois chalumeaux con\u00e7ue pour couper des bords biseaut\u00e9s en rotation continue sur des t\u00f4les d&#8217;acier au carbone. Il s&#8217;agit d&#8217;une t\u00eate ind\u00e9pendante, avec levage automatique et contr\u00f4le de la hauteur par le biais d&#8217;une sonde m\u00e9canique glissant sur la t\u00f4le, avec levage motoris\u00e9 FANUC et contr\u00f4le de la hauteur capacitif. Il est capable [&hellip;]<\/p>\n","protected":false},"author":1,"featured_media":0,"parent":0,"menu_order":0,"comment_status":"closed","ping_status":"closed","template":"","meta":{"_et_pb_use_builder":"on","_et_pb_old_content":"","_et_gb_content_width":"","inline_featured_image":false,"footnotes":""},"class_list":["post-30673","page","type-page","status-publish","hentry"],"yoast_head":"<!-- This site is optimized with the Yoast SEO plugin v27.5 - https:\/\/yoast.com\/product\/yoast-seo-wordpress\/ -->\n<title>T\u00eate triple oxycoupage TECOI<\/title>\n<meta name=\"description\" content=\"T\u00eate \u00e0 trois chalumeaux con\u00e7ue pour couper des bords biseaut\u00e9s en rotation continue sur des t\u00f4les d\u2019acier au carbone.\" \/>\n<meta name=\"robots\" content=\"index, follow, max-snippet:-1, max-image-preview:large, max-video-preview:-1\" \/>\n<link rel=\"canonical\" href=\"https:\/\/tecoi.com\/fr\/cabezal-de-oxicorte-triple\/\" \/>\n<meta property=\"og:locale\" content=\"fr_FR\" \/>\n<meta property=\"og:type\" content=\"article\" \/>\n<meta property=\"og:title\" content=\"T\u00eate triple oxycoupage TECOI\" \/>\n<meta property=\"og:description\" content=\"T\u00eate \u00e0 trois chalumeaux con\u00e7ue pour couper des bords biseaut\u00e9s en rotation continue sur des t\u00f4les d\u2019acier au carbone.\" \/>\n<meta property=\"og:url\" content=\"https:\/\/tecoi.com\/cabezal-de-oxicorte-triple\/\" \/>\n<meta property=\"og:site_name\" content=\"Tecoi.com\" \/>\n<meta property=\"article:modified_time\" content=\"2021-08-12T08:22:04+00:00\" \/>\n<meta name=\"twitter:card\" content=\"summary_large_image\" \/>\n<meta name=\"twitter:label1\" content=\"Dur\u00e9e de lecture estim\u00e9e\" \/>\n\t<meta name=\"twitter:data1\" content=\"2 minutes\" \/>\n<script type=\"application\/ld+json\" class=\"yoast-schema-graph\">{\"@context\":\"https:\\\/\\\/schema.org\",\"@graph\":[{\"@type\":\"WebPage\",\"@id\":\"https:\\\/\\\/tecoi.com\\\/cabezal-de-oxicorte-triple\\\/\",\"url\":\"https:\\\/\\\/tecoi.com\\\/cabezal-de-oxicorte-triple\\\/\",\"name\":\"T\u00eate triple oxycoupage TECOI\",\"isPartOf\":{\"@id\":\"https:\\\/\\\/tecoi.com\\\/#website\"},\"datePublished\":\"2021-04-27T09:09:30+00:00\",\"dateModified\":\"2021-08-12T08:22:04+00:00\",\"description\":\"T\u00eate \u00e0 trois chalumeaux con\u00e7ue pour couper des bords biseaut\u00e9s en rotation continue sur des t\u00f4les d\u2019acier au carbone.\",\"breadcrumb\":{\"@id\":\"https:\\\/\\\/tecoi.com\\\/cabezal-de-oxicorte-triple\\\/#breadcrumb\"},\"inLanguage\":\"fr-FR\",\"potentialAction\":[{\"@type\":\"ReadAction\",\"target\":[\"https:\\\/\\\/tecoi.com\\\/cabezal-de-oxicorte-triple\\\/\"]}]},{\"@type\":\"BreadcrumbList\",\"@id\":\"https:\\\/\\\/tecoi.com\\\/cabezal-de-oxicorte-triple\\\/#breadcrumb\",\"itemListElement\":[{\"@type\":\"ListItem\",\"position\":1,\"name\":\"Home\",\"item\":\"https:\\\/\\\/tecoi.com\\\/fr\\\/\"},{\"@type\":\"ListItem\",\"position\":2,\"name\":\"T\u00caTE TRIPLE OXYCOUPAGE\"}]},{\"@type\":\"WebSite\",\"@id\":\"https:\\\/\\\/tecoi.com\\\/#website\",\"url\":\"https:\\\/\\\/tecoi.com\\\/\",\"name\":\"Tecoi.com\",\"description\":\"Sistemas Avanzados de Procesamiento de Chapa\",\"potentialAction\":[{\"@type\":\"SearchAction\",\"target\":{\"@type\":\"EntryPoint\",\"urlTemplate\":\"https:\\\/\\\/tecoi.com\\\/?s={search_term_string}\"},\"query-input\":{\"@type\":\"PropertyValueSpecification\",\"valueRequired\":true,\"valueName\":\"search_term_string\"}}],\"inLanguage\":\"fr-FR\"}]}<\/script>\n<!-- \/ Yoast SEO plugin. -->","yoast_head_json":{"title":"T\u00eate triple oxycoupage TECOI","description":"T\u00eate \u00e0 trois chalumeaux con\u00e7ue pour couper des bords biseaut\u00e9s en rotation continue sur des t\u00f4les d\u2019acier au carbone.","robots":{"index":"index","follow":"follow","max-snippet":"max-snippet:-1","max-image-preview":"max-image-preview:large","max-video-preview":"max-video-preview:-1"},"canonical":"https:\/\/tecoi.com\/fr\/cabezal-de-oxicorte-triple\/","og_locale":"fr_FR","og_type":"article","og_title":"T\u00eate triple oxycoupage TECOI","og_description":"T\u00eate \u00e0 trois chalumeaux con\u00e7ue pour couper des bords biseaut\u00e9s en rotation continue sur des t\u00f4les d\u2019acier au carbone.","og_url":"https:\/\/tecoi.com\/cabezal-de-oxicorte-triple\/","og_site_name":"Tecoi.com","article_modified_time":"2021-08-12T08:22:04+00:00","twitter_card":"summary_large_image","twitter_misc":{"Dur\u00e9e de lecture estim\u00e9e":"2 minutes"},"schema":{"@context":"https:\/\/schema.org","@graph":[{"@type":"WebPage","@id":"https:\/\/tecoi.com\/cabezal-de-oxicorte-triple\/","url":"https:\/\/tecoi.com\/cabezal-de-oxicorte-triple\/","name":"T\u00eate triple oxycoupage TECOI","isPartOf":{"@id":"https:\/\/tecoi.com\/#website"},"datePublished":"2021-04-27T09:09:30+00:00","dateModified":"2021-08-12T08:22:04+00:00","description":"T\u00eate \u00e0 trois chalumeaux con\u00e7ue pour couper des bords biseaut\u00e9s en rotation continue sur des t\u00f4les d\u2019acier au carbone.","breadcrumb":{"@id":"https:\/\/tecoi.com\/cabezal-de-oxicorte-triple\/#breadcrumb"},"inLanguage":"fr-FR","potentialAction":[{"@type":"ReadAction","target":["https:\/\/tecoi.com\/cabezal-de-oxicorte-triple\/"]}]},{"@type":"BreadcrumbList","@id":"https:\/\/tecoi.com\/cabezal-de-oxicorte-triple\/#breadcrumb","itemListElement":[{"@type":"ListItem","position":1,"name":"Home","item":"https:\/\/tecoi.com\/fr\/"},{"@type":"ListItem","position":2,"name":"T\u00caTE TRIPLE OXYCOUPAGE"}]},{"@type":"WebSite","@id":"https:\/\/tecoi.com\/#website","url":"https:\/\/tecoi.com\/","name":"Tecoi.com","description":"Sistemas Avanzados de Procesamiento de Chapa","potentialAction":[{"@type":"SearchAction","target":{"@type":"EntryPoint","urlTemplate":"https:\/\/tecoi.com\/?s={search_term_string}"},"query-input":{"@type":"PropertyValueSpecification","valueRequired":true,"valueName":"search_term_string"}}],"inLanguage":"fr-FR"}]}},"_links":{"self":[{"href":"https:\/\/tecoi.com\/fr\/wp-json\/wp\/v2\/pages\/30673","targetHints":{"allow":["GET"]}}],"collection":[{"href":"https:\/\/tecoi.com\/fr\/wp-json\/wp\/v2\/pages"}],"about":[{"href":"https:\/\/tecoi.com\/fr\/wp-json\/wp\/v2\/types\/page"}],"author":[{"embeddable":true,"href":"https:\/\/tecoi.com\/fr\/wp-json\/wp\/v2\/users\/1"}],"replies":[{"embeddable":true,"href":"https:\/\/tecoi.com\/fr\/wp-json\/wp\/v2\/comments?post=30673"}],"version-history":[{"count":0,"href":"https:\/\/tecoi.com\/fr\/wp-json\/wp\/v2\/pages\/30673\/revisions"}],"wp:attachment":[{"href":"https:\/\/tecoi.com\/fr\/wp-json\/wp\/v2\/media?parent=30673"}],"curies":[{"name":"wp","href":"https:\/\/api.w.org\/{rel}","templated":true}]}}