{"id":30646,"date":"2021-04-27T08:51:52","date_gmt":"2021-04-27T08:51:52","guid":{"rendered":"http:\/\/tecoi.com:8008\/driltec\/"},"modified":"2021-07-27T08:34:42","modified_gmt":"2021-07-27T08:34:42","slug":"driltec","status":"publish","type":"page","link":"https:\/\/tecoi.com\/fr\/driltec\/","title":{"rendered":"DRILTEC"},"content":{"rendered":"<p>[et_pb_section fb_built=&#8221;1&#8243; admin_label=&#8221;About&#8221; _builder_version=&#8221;4.9.0&#8243; _module_preset=&#8221;default&#8221; custom_margin=&#8221;0px|0px|0px|0px|false|false&#8221; custom_padding=&#8221;0px|0px|0px|0px|false|false&#8221; da_disable_devices=&#8221;off|off|off&#8221; da_is_popup=&#8221;off&#8221; da_exit_intent=&#8221;off&#8221; da_has_close=&#8221;on&#8221; da_alt_close=&#8221;off&#8221; da_dark_close=&#8221;off&#8221; da_not_modal=&#8221;on&#8221; da_is_singular=&#8221;off&#8221; da_with_loader=&#8221;off&#8221; da_has_shadow=&#8221;on&#8221;][et_pb_row column_structure=&#8221;1_2,1_2&#8243; _builder_version=&#8221;4.6.6&#8243; _module_preset=&#8221;default&#8221; custom_margin=&#8221;||||false|false&#8221;][et_pb_column type=&#8221;1_2&#8243; _builder_version=&#8221;4.6.5&#8243; _module_preset=&#8221;default&#8221;][et_pb_image src=&#8221;https:\/\/tecoi.com\/wp-content\/uploads\/2021\/01\/DRILTEC.png&#8221; title_text=&#8221;DRILTEC&#8221; align=&#8221;center&#8221; _builder_version=&#8221;4.9.0&#8243; _module_preset=&#8221;default&#8221; module_alignment=&#8221;center&#8221; height=&#8221;552px&#8221; max_height=&#8221;600px&#8221;][\/et_pb_image][\/et_pb_column][et_pb_column type=&#8221;1_2&#8243; _builder_version=&#8221;4.6.5&#8243; _module_preset=&#8221;default&#8221;][et_pb_post_title meta=&#8221;off&#8221; featured_image=&#8221;off&#8221; _builder_version=&#8221;4.9.9&#8243; _module_preset=&#8221;default&#8221; title_level=&#8221;h2&#8243; title_font=&#8221;Bebas Neue||||||||&#8221; title_text_color=&#8221;333&#8243; title_font_size=&#8221;80px&#8221; hover_enabled=&#8221;0&#8243; custom_css_main_element=&#8221;padding-top:30px;||padding-right:30px;||margin-left:30px;||&#8221; border_width_bottom=&#8221;50px&#8221; border_color_bottom=&#8221;#f2b735&#8243; saved_tabs=&#8221;all&#8221; sticky_enabled=&#8221;0&#8243;][\/et_pb_post_title][et_pb_text _builder_version=&#8221;4.9.9&#8243; _module_preset=&#8221;default&#8221; text_font_size=&#8221;16px&#8221; text_line_height=&#8221;1.8em&#8221; hover_enabled=&#8221;0&#8243; text_font_size_tablet=&#8221;&#8221; text_font_size_phone=&#8221;14px&#8221; text_font_size_last_edited=&#8221;on|phone&#8221; sticky_enabled=&#8221;0&#8243;]<\/p>\n<p>T\u00eate de per\u00e7age configur\u00e9e pour fonctionner avec des c\u00f4nes de type <strong>ISO 50 et avec une puissance de broche de 30 \u00e0 50kW (S1) selon la configuration.<\/strong> Les puissances de travail sp\u00e9cifi\u00e9es par TECOI sont en conditions de service S1, ce qui signifie qu&#8217;elles peuvent <strong>maintenir ces caract\u00e9ristiques ind\u00e9finiment.<\/strong> Il peut \u00eatre \u00e9quip\u00e9 d&#8217;un syst\u00e8me de lubrification et de refroidissement par micro-brouillard d&#8217;air et d&#8217;huile ou d&#8217;une lubrification interne du foret \u00e0 haute pression, selon les besoins. Il dispose d&#8217;un dispositif de serrage et de mesure de la plaque et de syst\u00e8mes de contr\u00f4le, de d\u00e9tection et de guidage. Magasin de <strong>5 outils de position peuvent \u00eatre s\u00e9lectionn\u00e9s jusqu&#8217;\u00e0 un maximum de 32 outils.\u00a0<\/strong><\/p>\n<p>[\/et_pb_text][\/et_pb_column][\/et_pb_row][\/et_pb_section]<\/p>\n","protected":false},"excerpt":{"rendered":"<p>T\u00eate de per\u00e7age configur\u00e9e pour fonctionner avec des c\u00f4nes de type ISO 50 et avec une puissance de broche de 30 \u00e0 50kW (S1) selon la configuration. Les puissances de travail sp\u00e9cifi\u00e9es par TECOI sont en conditions de service S1, ce qui signifie qu&#8217;elles peuvent maintenir ces caract\u00e9ristiques ind\u00e9finiment. Il peut \u00eatre \u00e9quip\u00e9 d&#8217;un syst\u00e8me [&hellip;]<\/p>\n","protected":false},"author":1,"featured_media":0,"parent":0,"menu_order":0,"comment_status":"closed","ping_status":"closed","template":"","meta":{"_et_pb_use_builder":"on","_et_pb_old_content":"","_et_gb_content_width":"","inline_featured_image":false,"footnotes":""},"class_list":["post-30646","page","type-page","status-publish","hentry"],"yoast_head":"<!-- This site is optimized with the Yoast SEO plugin v27.5 - https:\/\/yoast.com\/product\/yoast-seo-wordpress\/ -->\n<title>DrilTEC, t\u00eate de per\u00e7age<\/title>\n<meta name=\"description\" content=\"Configur\u00e9e pour fonctionner avec des c\u00f4nes de typeISO 50 et avec une puissance de broche de 30 \u00e0 50kW (S1).\" \/>\n<meta name=\"robots\" content=\"index, follow, max-snippet:-1, max-image-preview:large, max-video-preview:-1\" \/>\n<link rel=\"canonical\" href=\"https:\/\/tecoi.com\/fr\/driltec\/\" \/>\n<meta property=\"og:locale\" content=\"fr_FR\" \/>\n<meta property=\"og:type\" content=\"article\" \/>\n<meta property=\"og:title\" content=\"DrilTEC, t\u00eate de per\u00e7age\" \/>\n<meta property=\"og:description\" content=\"Configur\u00e9e pour fonctionner avec des c\u00f4nes de typeISO 50 et avec une puissance de broche de 30 \u00e0 50kW (S1).\" \/>\n<meta property=\"og:url\" content=\"https:\/\/tecoi.com\/driltec\/\" \/>\n<meta property=\"og:site_name\" content=\"Tecoi.com\" \/>\n<meta property=\"article:modified_time\" content=\"2021-07-27T08:34:42+00:00\" \/>\n<meta name=\"twitter:card\" content=\"summary_large_image\" \/>\n<meta name=\"twitter:label1\" content=\"Dur\u00e9e de lecture estim\u00e9e\" \/>\n\t<meta name=\"twitter:data1\" content=\"2 minutes\" \/>\n<script type=\"application\/ld+json\" class=\"yoast-schema-graph\">{\"@context\":\"https:\\\/\\\/schema.org\",\"@graph\":[{\"@type\":\"WebPage\",\"@id\":\"https:\\\/\\\/tecoi.com\\\/driltec\\\/\",\"url\":\"https:\\\/\\\/tecoi.com\\\/driltec\\\/\",\"name\":\"DrilTEC, t\u00eate de per\u00e7age\",\"isPartOf\":{\"@id\":\"https:\\\/\\\/tecoi.com\\\/#website\"},\"datePublished\":\"2021-04-27T08:51:52+00:00\",\"dateModified\":\"2021-07-27T08:34:42+00:00\",\"description\":\"Configur\u00e9e pour fonctionner avec des c\u00f4nes de typeISO 50 et avec une puissance de broche de 30 \u00e0 50kW (S1).\",\"breadcrumb\":{\"@id\":\"https:\\\/\\\/tecoi.com\\\/driltec\\\/#breadcrumb\"},\"inLanguage\":\"fr-FR\",\"potentialAction\":[{\"@type\":\"ReadAction\",\"target\":[\"https:\\\/\\\/tecoi.com\\\/driltec\\\/\"]}]},{\"@type\":\"BreadcrumbList\",\"@id\":\"https:\\\/\\\/tecoi.com\\\/driltec\\\/#breadcrumb\",\"itemListElement\":[{\"@type\":\"ListItem\",\"position\":1,\"name\":\"Home\",\"item\":\"https:\\\/\\\/tecoi.com\\\/fr\\\/\"},{\"@type\":\"ListItem\",\"position\":2,\"name\":\"DRILTEC\"}]},{\"@type\":\"WebSite\",\"@id\":\"https:\\\/\\\/tecoi.com\\\/#website\",\"url\":\"https:\\\/\\\/tecoi.com\\\/\",\"name\":\"Tecoi.com\",\"description\":\"Sistemas Avanzados de Procesamiento de Chapa\",\"potentialAction\":[{\"@type\":\"SearchAction\",\"target\":{\"@type\":\"EntryPoint\",\"urlTemplate\":\"https:\\\/\\\/tecoi.com\\\/?s={search_term_string}\"},\"query-input\":{\"@type\":\"PropertyValueSpecification\",\"valueRequired\":true,\"valueName\":\"search_term_string\"}}],\"inLanguage\":\"fr-FR\"}]}<\/script>\n<!-- \/ Yoast SEO plugin. -->","yoast_head_json":{"title":"DrilTEC, t\u00eate de per\u00e7age","description":"Configur\u00e9e pour fonctionner avec des c\u00f4nes de typeISO 50 et avec une puissance de broche de 30 \u00e0 50kW (S1).","robots":{"index":"index","follow":"follow","max-snippet":"max-snippet:-1","max-image-preview":"max-image-preview:large","max-video-preview":"max-video-preview:-1"},"canonical":"https:\/\/tecoi.com\/fr\/driltec\/","og_locale":"fr_FR","og_type":"article","og_title":"DrilTEC, t\u00eate de per\u00e7age","og_description":"Configur\u00e9e pour fonctionner avec des c\u00f4nes de typeISO 50 et avec une puissance de broche de 30 \u00e0 50kW (S1).","og_url":"https:\/\/tecoi.com\/driltec\/","og_site_name":"Tecoi.com","article_modified_time":"2021-07-27T08:34:42+00:00","twitter_card":"summary_large_image","twitter_misc":{"Dur\u00e9e de lecture estim\u00e9e":"2 minutes"},"schema":{"@context":"https:\/\/schema.org","@graph":[{"@type":"WebPage","@id":"https:\/\/tecoi.com\/driltec\/","url":"https:\/\/tecoi.com\/driltec\/","name":"DrilTEC, t\u00eate de per\u00e7age","isPartOf":{"@id":"https:\/\/tecoi.com\/#website"},"datePublished":"2021-04-27T08:51:52+00:00","dateModified":"2021-07-27T08:34:42+00:00","description":"Configur\u00e9e pour fonctionner avec des c\u00f4nes de typeISO 50 et avec une puissance de broche de 30 \u00e0 50kW (S1).","breadcrumb":{"@id":"https:\/\/tecoi.com\/driltec\/#breadcrumb"},"inLanguage":"fr-FR","potentialAction":[{"@type":"ReadAction","target":["https:\/\/tecoi.com\/driltec\/"]}]},{"@type":"BreadcrumbList","@id":"https:\/\/tecoi.com\/driltec\/#breadcrumb","itemListElement":[{"@type":"ListItem","position":1,"name":"Home","item":"https:\/\/tecoi.com\/fr\/"},{"@type":"ListItem","position":2,"name":"DRILTEC"}]},{"@type":"WebSite","@id":"https:\/\/tecoi.com\/#website","url":"https:\/\/tecoi.com\/","name":"Tecoi.com","description":"Sistemas Avanzados de Procesamiento de Chapa","potentialAction":[{"@type":"SearchAction","target":{"@type":"EntryPoint","urlTemplate":"https:\/\/tecoi.com\/?s={search_term_string}"},"query-input":{"@type":"PropertyValueSpecification","valueRequired":true,"valueName":"search_term_string"}}],"inLanguage":"fr-FR"}]}},"_links":{"self":[{"href":"https:\/\/tecoi.com\/fr\/wp-json\/wp\/v2\/pages\/30646","targetHints":{"allow":["GET"]}}],"collection":[{"href":"https:\/\/tecoi.com\/fr\/wp-json\/wp\/v2\/pages"}],"about":[{"href":"https:\/\/tecoi.com\/fr\/wp-json\/wp\/v2\/types\/page"}],"author":[{"embeddable":true,"href":"https:\/\/tecoi.com\/fr\/wp-json\/wp\/v2\/users\/1"}],"replies":[{"embeddable":true,"href":"https:\/\/tecoi.com\/fr\/wp-json\/wp\/v2\/comments?post=30646"}],"version-history":[{"count":0,"href":"https:\/\/tecoi.com\/fr\/wp-json\/wp\/v2\/pages\/30646\/revisions"}],"wp:attachment":[{"href":"https:\/\/tecoi.com\/fr\/wp-json\/wp\/v2\/media?parent=30646"}],"curies":[{"name":"wp","href":"https:\/\/api.w.org\/{rel}","templated":true}]}}