{"id":30616,"date":"2021-04-27T08:43:29","date_gmt":"2021-04-27T08:43:29","guid":{"rendered":"http:\/\/tecoi.com:8008\/sac\/"},"modified":"2021-08-12T07:46:53","modified_gmt":"2021-08-12T07:46:53","slug":"sac","status":"publish","type":"page","link":"https:\/\/tecoi.com\/fr\/sac\/","title":{"rendered":"SAC"},"content":{"rendered":"<p>[et_pb_section fb_built=&#8221;1&#8243; admin_label=&#8221;About&#8221; _builder_version=&#8221;4.6.6&#8243; _module_preset=&#8221;default&#8221; custom_padding=&#8221;||||false|false&#8221; da_disable_devices=&#8221;off|off|off&#8221; da_is_popup=&#8221;off&#8221; da_exit_intent=&#8221;off&#8221; da_has_close=&#8221;on&#8221; da_alt_close=&#8221;off&#8221; da_dark_close=&#8221;off&#8221; da_not_modal=&#8221;on&#8221; da_is_singular=&#8221;off&#8221; da_with_loader=&#8221;off&#8221; da_has_shadow=&#8221;on&#8221;][et_pb_row column_structure=&#8221;1_2,1_2&#8243; _builder_version=&#8221;4.6.6&#8243; _module_preset=&#8221;default&#8221; custom_margin=&#8221;||||false|false&#8221;][et_pb_column type=&#8221;1_2&#8243; _builder_version=&#8221;4.6.5&#8243; _module_preset=&#8221;default&#8221;][et_pb_image src=&#8221;https:\/\/tecoi.com\/wp-content\/uploads\/2021\/01\/SAC-Laser-scaled.jpg&#8221; title_text=&#8221;SAC Laser&#8221; _builder_version=&#8221;4.8.2&#8243; _module_preset=&#8221;default&#8221;][\/et_pb_image][\/et_pb_column][et_pb_column type=&#8221;1_2&#8243; _builder_version=&#8221;4.6.5&#8243; _module_preset=&#8221;default&#8221;][et_pb_post_title meta=&#8221;off&#8221; featured_image=&#8221;off&#8221; _builder_version=&#8221;4.9.0&#8243; _module_preset=&#8221;default&#8221; title_level=&#8221;h2&#8243; title_font=&#8221;Bebas Neue||||||||&#8221; title_text_color=&#8221;333&#8243; title_font_size=&#8221;80px&#8221; custom_css_main_element=&#8221;padding-top:30px;||padding-right:30px;||margin-left:30px;||&#8221; border_width_bottom=&#8221;50px&#8221; border_color_bottom=&#8221;#f2b735&#8243; saved_tabs=&#8221;all&#8221;][\/et_pb_post_title][et_pb_text _builder_version=&#8221;4.9.9&#8243; _module_preset=&#8221;default&#8221; text_font_size=&#8221;16px&#8221; text_line_height=&#8221;1.8em&#8221; text_font_size_tablet=&#8221;&#8221; text_font_size_phone=&#8221;14px&#8221; text_font_size_last_edited=&#8221;on|phone&#8221;]Syst\u00e8me anticollision tridimensionnel \u00e0 grande vitesse qui assure la <strong>s\u00e9curit\u00e9 <\/strong>des <strong>torches<\/strong> et <strong>garantit un positionnement <\/strong>correct apr\u00e8s des collisions non contr\u00f4l\u00e9es pour les t\u00e2ches ult\u00e9rieures de coupe droite et de chanfreinage. Le syst\u00e8me peut \u00eatre v\u00e9rifi\u00e9 \u00e0 l&#8217;aide d&#8217;un capteur de positionnement automatique fourni avec la machine.<br \/>\n[\/et_pb_text][\/et_pb_column][\/et_pb_row][\/et_pb_section]<\/p>\n","protected":false},"excerpt":{"rendered":"<p>Syst\u00e8me anticollision tridimensionnel \u00e0 grande vitesse qui assure la s\u00e9curit\u00e9 des torches et garantit un positionnement correct apr\u00e8s des collisions non contr\u00f4l\u00e9es pour les t\u00e2ches ult\u00e9rieures de coupe droite et de chanfreinage. Le syst\u00e8me peut \u00eatre v\u00e9rifi\u00e9 \u00e0 l&#8217;aide d&#8217;un capteur de positionnement automatique fourni avec la machine.<\/p>\n","protected":false},"author":1,"featured_media":0,"parent":0,"menu_order":0,"comment_status":"closed","ping_status":"closed","template":"","meta":{"_et_pb_use_builder":"on","_et_pb_old_content":"","_et_gb_content_width":"","inline_featured_image":false,"footnotes":""},"class_list":["post-30616","page","type-page","status-publish","hentry"],"yoast_head":"<!-- This site is optimized with the Yoast SEO plugin v27.5 - https:\/\/yoast.com\/product\/yoast-seo-wordpress\/ -->\n<title>SAC, syst\u00e8me anticollision tridimensionnel<\/title>\n<meta name=\"description\" content=\"Syst\u00e8me qui assure la s\u00e9curit\u00e9 des torches et garantit un positionnement correct apr\u00e8s des collisions non contr\u00f4l\u00e9es.\" \/>\n<meta name=\"robots\" content=\"index, follow, max-snippet:-1, max-image-preview:large, max-video-preview:-1\" \/>\n<link rel=\"canonical\" href=\"https:\/\/tecoi.com\/fr\/sac\/\" \/>\n<meta property=\"og:locale\" content=\"fr_FR\" \/>\n<meta property=\"og:type\" content=\"article\" \/>\n<meta property=\"og:title\" content=\"SAC, syst\u00e8me anticollision tridimensionnel\" \/>\n<meta property=\"og:description\" content=\"Syst\u00e8me qui assure la s\u00e9curit\u00e9 des torches et garantit un positionnement correct apr\u00e8s des collisions non contr\u00f4l\u00e9es.\" \/>\n<meta property=\"og:url\" content=\"https:\/\/tecoi.com\/sac\/\" \/>\n<meta property=\"og:site_name\" content=\"Tecoi.com\" \/>\n<meta property=\"article:modified_time\" content=\"2021-08-12T07:46:53+00:00\" \/>\n<meta name=\"twitter:card\" content=\"summary_large_image\" \/>\n<meta name=\"twitter:label1\" content=\"Dur\u00e9e de lecture estim\u00e9e\" \/>\n\t<meta name=\"twitter:data1\" content=\"1 minute\" \/>\n<script type=\"application\/ld+json\" class=\"yoast-schema-graph\">{\"@context\":\"https:\\\/\\\/schema.org\",\"@graph\":[{\"@type\":\"WebPage\",\"@id\":\"https:\\\/\\\/tecoi.com\\\/sac\\\/\",\"url\":\"https:\\\/\\\/tecoi.com\\\/sac\\\/\",\"name\":\"SAC, syst\u00e8me anticollision tridimensionnel\",\"isPartOf\":{\"@id\":\"https:\\\/\\\/tecoi.com\\\/#website\"},\"datePublished\":\"2021-04-27T08:43:29+00:00\",\"dateModified\":\"2021-08-12T07:46:53+00:00\",\"description\":\"Syst\u00e8me qui assure la s\u00e9curit\u00e9 des torches et garantit un positionnement correct apr\u00e8s des collisions non contr\u00f4l\u00e9es.\",\"breadcrumb\":{\"@id\":\"https:\\\/\\\/tecoi.com\\\/sac\\\/#breadcrumb\"},\"inLanguage\":\"fr-FR\",\"potentialAction\":[{\"@type\":\"ReadAction\",\"target\":[\"https:\\\/\\\/tecoi.com\\\/sac\\\/\"]}]},{\"@type\":\"BreadcrumbList\",\"@id\":\"https:\\\/\\\/tecoi.com\\\/sac\\\/#breadcrumb\",\"itemListElement\":[{\"@type\":\"ListItem\",\"position\":1,\"name\":\"Home\",\"item\":\"https:\\\/\\\/tecoi.com\\\/fr\\\/\"},{\"@type\":\"ListItem\",\"position\":2,\"name\":\"SAC\"}]},{\"@type\":\"WebSite\",\"@id\":\"https:\\\/\\\/tecoi.com\\\/#website\",\"url\":\"https:\\\/\\\/tecoi.com\\\/\",\"name\":\"Tecoi.com\",\"description\":\"Sistemas Avanzados de Procesamiento de Chapa\",\"potentialAction\":[{\"@type\":\"SearchAction\",\"target\":{\"@type\":\"EntryPoint\",\"urlTemplate\":\"https:\\\/\\\/tecoi.com\\\/?s={search_term_string}\"},\"query-input\":{\"@type\":\"PropertyValueSpecification\",\"valueRequired\":true,\"valueName\":\"search_term_string\"}}],\"inLanguage\":\"fr-FR\"}]}<\/script>\n<!-- \/ Yoast SEO plugin. -->","yoast_head_json":{"title":"SAC, syst\u00e8me anticollision tridimensionnel","description":"Syst\u00e8me qui assure la s\u00e9curit\u00e9 des torches et garantit un positionnement correct apr\u00e8s des collisions non contr\u00f4l\u00e9es.","robots":{"index":"index","follow":"follow","max-snippet":"max-snippet:-1","max-image-preview":"max-image-preview:large","max-video-preview":"max-video-preview:-1"},"canonical":"https:\/\/tecoi.com\/fr\/sac\/","og_locale":"fr_FR","og_type":"article","og_title":"SAC, syst\u00e8me anticollision tridimensionnel","og_description":"Syst\u00e8me qui assure la s\u00e9curit\u00e9 des torches et garantit un positionnement correct apr\u00e8s des collisions non contr\u00f4l\u00e9es.","og_url":"https:\/\/tecoi.com\/sac\/","og_site_name":"Tecoi.com","article_modified_time":"2021-08-12T07:46:53+00:00","twitter_card":"summary_large_image","twitter_misc":{"Dur\u00e9e de lecture estim\u00e9e":"1 minute"},"schema":{"@context":"https:\/\/schema.org","@graph":[{"@type":"WebPage","@id":"https:\/\/tecoi.com\/sac\/","url":"https:\/\/tecoi.com\/sac\/","name":"SAC, syst\u00e8me anticollision tridimensionnel","isPartOf":{"@id":"https:\/\/tecoi.com\/#website"},"datePublished":"2021-04-27T08:43:29+00:00","dateModified":"2021-08-12T07:46:53+00:00","description":"Syst\u00e8me qui assure la s\u00e9curit\u00e9 des torches et garantit un positionnement correct apr\u00e8s des collisions non contr\u00f4l\u00e9es.","breadcrumb":{"@id":"https:\/\/tecoi.com\/sac\/#breadcrumb"},"inLanguage":"fr-FR","potentialAction":[{"@type":"ReadAction","target":["https:\/\/tecoi.com\/sac\/"]}]},{"@type":"BreadcrumbList","@id":"https:\/\/tecoi.com\/sac\/#breadcrumb","itemListElement":[{"@type":"ListItem","position":1,"name":"Home","item":"https:\/\/tecoi.com\/fr\/"},{"@type":"ListItem","position":2,"name":"SAC"}]},{"@type":"WebSite","@id":"https:\/\/tecoi.com\/#website","url":"https:\/\/tecoi.com\/","name":"Tecoi.com","description":"Sistemas Avanzados de Procesamiento de Chapa","potentialAction":[{"@type":"SearchAction","target":{"@type":"EntryPoint","urlTemplate":"https:\/\/tecoi.com\/?s={search_term_string}"},"query-input":{"@type":"PropertyValueSpecification","valueRequired":true,"valueName":"search_term_string"}}],"inLanguage":"fr-FR"}]}},"_links":{"self":[{"href":"https:\/\/tecoi.com\/fr\/wp-json\/wp\/v2\/pages\/30616","targetHints":{"allow":["GET"]}}],"collection":[{"href":"https:\/\/tecoi.com\/fr\/wp-json\/wp\/v2\/pages"}],"about":[{"href":"https:\/\/tecoi.com\/fr\/wp-json\/wp\/v2\/types\/page"}],"author":[{"embeddable":true,"href":"https:\/\/tecoi.com\/fr\/wp-json\/wp\/v2\/users\/1"}],"replies":[{"embeddable":true,"href":"https:\/\/tecoi.com\/fr\/wp-json\/wp\/v2\/comments?post=30616"}],"version-history":[{"count":0,"href":"https:\/\/tecoi.com\/fr\/wp-json\/wp\/v2\/pages\/30616\/revisions"}],"wp:attachment":[{"href":"https:\/\/tecoi.com\/fr\/wp-json\/wp\/v2\/media?parent=30616"}],"curies":[{"name":"wp","href":"https:\/\/api.w.org\/{rel}","templated":true}]}}