{"id":244888,"date":"2025-05-28T11:52:33","date_gmt":"2025-05-28T09:52:33","guid":{"rendered":"https:\/\/tecoi.com\/?page_id=244888"},"modified":"2025-06-11T16:44:41","modified_gmt":"2025-06-11T14:44:41","slug":"contact-form","status":"publish","type":"page","link":"https:\/\/tecoi.com\/fr\/contact-form\/","title":{"rendered":"Contactez-nous"},"content":{"rendered":"<p>[et_pb_section fb_built=&#8221;1&#8243; admin_label=&#8221;Header&#8221; _builder_version=&#8221;4.16&#8243; _module_preset=&#8221;default&#8221; background_color_gradient_direction=&#8221;90deg&#8221; custom_padding=&#8221;0px|||||&#8221; da_disable_devices=&#8221;off|off|off&#8221; global_colors_info=&#8221;{}&#8221; da_is_popup=&#8221;off&#8221; da_exit_intent=&#8221;off&#8221; da_has_close=&#8221;on&#8221; da_alt_close=&#8221;off&#8221; da_dark_close=&#8221;off&#8221; da_not_modal=&#8221;on&#8221; da_is_singular=&#8221;off&#8221; da_with_loader=&#8221;off&#8221; da_has_shadow=&#8221;on&#8221;][et_pb_row column_structure=&#8221;2_5,3_5&#8243; use_custom_gutter=&#8221;on&#8221; gutter_width=&#8221;1&#8243; make_equal=&#8221;on&#8221; _builder_version=&#8221;4.27.4&#8243; _module_preset=&#8221;default&#8221; custom_margin=&#8221;0px||||false|false&#8221; custom_margin_tablet=&#8221;&#8221; custom_margin_phone=&#8221;||||false|false&#8221; custom_margin_last_edited=&#8221;on|desktop&#8221; custom_padding=&#8221;0px||||false|false&#8221; hover_enabled=&#8221;0&#8243; box_shadow_style=&#8221;preset4&#8243; box_shadow_horizontal=&#8221;30vw&#8221; box_shadow_vertical=&#8221;0px&#8221; box_shadow_color=&#8221;#fff6ee&#8221; box_shadow_horizontal_tablet=&#8221;0vw&#8221; box_shadow_horizontal_phone=&#8221;&#8221; box_shadow_horizontal_last_edited=&#8221;on|tablet&#8221; global_colors_info=&#8221;{}&#8221; disabled_on=&#8221;on|on|off&#8221; sticky_enabled=&#8221;0&#8243;][et_pb_column type=&#8221;2_5&#8243; _builder_version=&#8221;4.16&#8243; _module_preset=&#8221;default&#8221; z_index=&#8221;11&#8243; custom_padding=&#8221;||160px|40px|false|false&#8221; custom_padding_tablet=&#8221;||40px||false|false&#8221; custom_padding_phone=&#8221;&#8221; custom_padding_last_edited=&#8221;on|tablet&#8221; border_color_all=&#8221;#063765&#8243; border_width_left=&#8221;1px&#8221; global_colors_info=&#8221;{}&#8221;][et_pb_text content_tablet=&#8221;&#8221; content_phone=&#8221;&#8221; content_last_edited=&#8221;on|phone&#8221; _builder_version=&#8221;4.27.4&#8243; _module_preset=&#8221;default&#8221; text_font_size=&#8221;18px&#8221; text_line_height=&#8221;1.8em&#8221; header_font=&#8221;Unna|700|||||||&#8221; header_font_size=&#8221;68px&#8221; header_line_height=&#8221;1.2em&#8221; width=&#8221;90%&#8221; custom_margin=&#8221;20px|-100px|||false|false&#8221; custom_margin_tablet=&#8221;0px|0px|0px|0px|true|true&#8221; custom_margin_phone=&#8221;|||0px|false|false&#8221; custom_margin_last_edited=&#8221;on|tablet&#8221; text_font_size_tablet=&#8221;16px&#8221; text_font_size_phone=&#8221;14px&#8221; text_font_size_last_edited=&#8221;on|phone&#8221; header_font_size_tablet=&#8221;48px&#8221; header_font_size_phone=&#8221;32px&#8221; header_font_size_last_edited=&#8221;on|phone&#8221; header_line_height_tablet=&#8221;&#8221; header_line_height_phone=&#8221;1.4em&#8221; header_line_height_last_edited=&#8221;on|phone&#8221; locked=&#8221;off&#8221; global_colors_info=&#8221;{}&#8221;]                  <\/p>\n<h1 style=\"font-family: Bebas Neue; font-weight: 300!important;\">\n                    <span style=\"font-size: 42pt;\">Contactez-nous<\/span><br \/>\n                  <\/h1>\n<p>Dites-nous comment nous pouvons vous aider et nous vous contacterons :<\/p>\n<script>(function() {\n\twindow.mc4wp = window.mc4wp || {\n\t\tlisteners: [],\n\t\tforms: {\n\t\t\ton: function(evt, cb) {\n\t\t\t\twindow.mc4wp.listeners.push(\n\t\t\t\t\t{\n\t\t\t\t\t\tevent   : evt,\n\t\t\t\t\t\tcallback: cb\n\t\t\t\t\t}\n\t\t\t\t);\n\t\t\t}\n\t\t}\n\t}\n})();\n<\/script><!-- Mailchimp for WordPress v4.12.2 - https:\/\/wordpress.org\/plugins\/mailchimp-for-wp\/ --><form id=\"mc4wp-form-1\" class=\"mc4wp-form mc4wp-form-244804 mc4wp-form-basic\" method=\"post\" data-id=\"244804\" data-name=\"Contacto web\" ><div class=\"mc4wp-form-fields\"><p style=\" font-size: 16px; margin-top: 12px;\">\r\n    <label style=\"display: block; \">Pr\u00e9nom<\/label>\r\n    <input style=\"width:100%;height: 30px;\" type=\"text\" name=\"FNAME\" required=\"\">\r\n<\/p>\r\n<p style=\" font-size: 16px; margin-top: 12px;\">\r\n    <label style=\"display: block; \">Nom<\/label>\r\n    <input style=\"width:100%;height: 30px;\" type=\"text\" name=\"LNAME\" required=\"\">\r\n<\/p>\r\n<p style=\" font-size: 16px; margin-top: 12px;\">\r\n    <label style=\"display: block; \">Pays<\/label>\r\n    <input style=\"width:100%;height: 30px;\" type=\"text\" name=\"PAIS\" required=\"\">\r\n<\/p>\r\n<p style=\" font-size: 16px; margin-top: 12px;\">\r\n    <label style=\"display: block; \">Entreprise<\/label>\r\n    <input style=\"width:100%;height: 30px;\" type=\"text\" name=\"EMPRESA\" required=\"\">\r\n<\/p>\r\n<p style=\" font-size: 16px; margin-top: 12px;\">\r\n    <label style=\"display: block; \">Num\u00e9ro de t\u00e9l\u00e9phone<\/label>\r\n    <input style=\"width:100%;height: 30px;\" type=\"tel\" name=\"PHONE\">\r\n<\/p>\r\n<p style=\" font-size: 16px; margin-top: 12px;\">\r\n    <label style=\"display: block; \">Adresse e-mail<\/label>\r\n    <input style=\"width:100%;height: 30px;\" type=\"email\" name=\"EMAIL\"\r\n    required=\"\">\r\n<\/p>\r\n<p style=\" font-size: 16px; margin-top: 12px;\">\r\n    <label style=\"display: block; \">Domaine d\u00b4int\u00e9r\u00eat<\/label>\r\n    <select style=\"width:100%;height: 30px;\"  name=\"INTERESADO\">\r\n        <option value=\"Plasma\" selected=\"true\">Plasma<\/option>\r\n        <option value=\"L\u00e1ser\">Laser<\/option>\r\n        <option value=\"Mecanizado\">Usinage<\/option>\r\n        <option value=\"Equipamiento\">Stockage<\/option>\r\n        <option value=\"Otros\">Autres<\/option>\r\n    <\/select>\r\n<\/p>\r\n\r\n<p style=\" font-size: 16px; margin-top: 12px;\">\r\n    <label style=\"display: block; \">Message<\/label>\r\n    <input style=\"width:100%;height: 30px;\" type=\"text\" name=\"COMENT\">\r\n<\/p>\r\n<p style=\" font-size: 12px; margin-top: 15px;\">\r\n    <label>\r\n        <input type=\"checkbox\" name=\"AGREE_TO_TERMS\" value=\"1\" required=\"\">J\u00b4ai lu et j\u00b4accepte les  <a href=\"https:\/\/tecoi.com\/fr\/politique-de-confidentialite\/\" target=\"_blank\" rel=\"noopener noreferrer\"> conditions g\u00e9n\u00e9rales <\/a><\/label>\r\n<\/p>\r\n<p>\r\n    <input style=\"width:100%;font-size: 18px ;font-family: Bebas Neue; font-weight: 300!important; background-color: #f2b735 !important; padding: 10px 30px; margin-top:15px; border:0;\" type=\"submit\" value=\"ENVOYER\">\r\n<\/p><\/div><label style=\"display: none !important;\">Laissez ce champ vide si vous \u00eates humain\u00a0: <input type=\"text\" name=\"_mc4wp_honeypot\" value=\"\" tabindex=\"-1\" autocomplete=\"off\" \/><\/label><input type=\"hidden\" name=\"_mc4wp_timestamp\" value=\"1776862338\" \/><input type=\"hidden\" name=\"_mc4wp_form_id\" value=\"244804\" \/><input type=\"hidden\" name=\"_mc4wp_form_element_id\" value=\"mc4wp-form-1\" \/><div class=\"mc4wp-response\"><\/div><\/form><!-- \/ Mailchimp for WordPress Plugin -->\n<\/p>\n<p>[\/et_pb_text][et_pb_image src=&#8221;https:\/\/tecoi.com\/wp-content\/uploads\/2021\/09\/acupuncture-84-1.png&#8221; title_text=&#8221;acupuncture-84&#8243; _builder_version=&#8221;4.16&#8243; _module_preset=&#8221;default&#8221; transform_translate=&#8221;-50%|50%&#8221; transform_translate_linked=&#8221;off&#8221; positioning=&#8221;absolute&#8221; position_origin_a=&#8221;bottom_left&#8221; global_colors_info=&#8221;{}&#8221;][\/et_pb_image][\/et_pb_column][et_pb_column type=&#8221;3_5&#8243; _builder_version=&#8221;4.16&#8243; _module_preset=&#8221;default&#8221; background_color=&#8221;#fff6ee&#8221; custom_padding=&#8221;90px|||140px|false|false&#8221; custom_padding_tablet=&#8221;40px|||40px|false|false&#8221; custom_padding_phone=&#8221;&#8221; custom_padding_last_edited=&#8221;on|tablet&#8221; box_shadow_horizontal_tablet=&#8221;120px&#8221; box_shadow_horizontal_phone=&#8221;&#8221; box_shadow_horizontal_last_edited=&#8221;on|phone&#8221; box_shadow_spread_tablet=&#8221;0px&#8221; box_shadow_spread_phone=&#8221;&#8221; box_shadow_spread_last_edited=&#8221;on|tablet&#8221; global_colors_info=&#8221;{}&#8221;][et_pb_image src=&#8221;https:\/\/tecoi.com\/wp-content\/uploads\/2021\/03\/TECOI_ENTRADA-PRINCIPAL-scaled.jpg&#8221; title_text=&#8221;TECOI_ENTRADA PRINCIPAL&#8221; _builder_version=&#8221;4.16&#8243; _module_preset=&#8221;default&#8221; max_height=&#8221;750px&#8221; custom_margin=&#8221;|-10vw|||false|false&#8221; custom_margin_tablet=&#8221;|0vw|||false|false&#8221; custom_margin_phone=&#8221;&#8221; custom_margin_last_edited=&#8221;on|tablet&#8221; global_colors_info=&#8221;{}&#8221;][\/et_pb_image][\/et_pb_column][\/et_pb_row][et_pb_row _builder_version=&#8221;4.27.4&#8243; _module_preset=&#8221;default&#8221; disabled_on=&#8221;off|off|on&#8221; hover_enabled=&#8221;0&#8243; sticky_enabled=&#8221;0&#8243;][et_pb_column _builder_version=&#8221;4.27.4&#8243; _module_preset=&#8221;default&#8221; type=&#8221;4_4&#8243;][et_pb_image src=&#8221;https:\/\/tecoi.com\/wp-content\/uploads\/2021\/03\/TECOI_ENTRADA-PRINCIPAL-scaled.jpg&#8221; title_text=&#8221;TECOI_ENTRADA PRINCIPAL&#8221; _builder_version=&#8221;4.16&#8243; _module_preset=&#8221;default&#8221; max_height=&#8221;750px&#8221; custom_margin=&#8221;|-10vw|||false|false&#8221; custom_margin_tablet=&#8221;|0vw|||false|false&#8221; custom_margin_phone=&#8221;&#8221; custom_margin_last_edited=&#8221;on|tablet&#8221; hover_enabled=&#8221;0&#8243; global_colors_info=&#8221;{}&#8221; sticky_enabled=&#8221;0&#8243;][\/et_pb_image][et_pb_text _builder_version=&#8221;4.27.4&#8243; _module_preset=&#8221;default&#8221; hover_enabled=&#8221;0&#8243; sticky_enabled=&#8221;0&#8243;]<\/p>\n<h1 style=\"font-family: Bebas Neue; font-weight: 300!important;\"><span style=\"font-size: 42pt;\">Contactez-nous<\/span><\/h1>\n<p>Dites-nous comment nous pouvons vous aider et nous vous contacterons :<\/p>\n<script>(function() {\n\twindow.mc4wp = window.mc4wp || {\n\t\tlisteners: [],\n\t\tforms: {\n\t\t\ton: function(evt, cb) {\n\t\t\t\twindow.mc4wp.listeners.push(\n\t\t\t\t\t{\n\t\t\t\t\t\tevent   : evt,\n\t\t\t\t\t\tcallback: cb\n\t\t\t\t\t}\n\t\t\t\t);\n\t\t\t}\n\t\t}\n\t}\n})();\n<\/script><!-- Mailchimp for WordPress v4.12.2 - https:\/\/wordpress.org\/plugins\/mailchimp-for-wp\/ --><form id=\"mc4wp-form-2\" class=\"mc4wp-form mc4wp-form-244804 mc4wp-form-basic\" method=\"post\" data-id=\"244804\" data-name=\"Contacto web\" ><div class=\"mc4wp-form-fields\"><p style=\" font-size: 16px; margin-top: 12px;\">\r\n    <label style=\"display: block; \">Pr\u00e9nom<\/label>\r\n    <input style=\"width:100%;height: 30px;\" type=\"text\" name=\"FNAME\" required=\"\">\r\n<\/p>\r\n<p style=\" font-size: 16px; margin-top: 12px;\">\r\n    <label style=\"display: block; \">Nom<\/label>\r\n    <input style=\"width:100%;height: 30px;\" type=\"text\" name=\"LNAME\" required=\"\">\r\n<\/p>\r\n<p style=\" font-size: 16px; margin-top: 12px;\">\r\n    <label style=\"display: block; \">Pays<\/label>\r\n    <input style=\"width:100%;height: 30px;\" type=\"text\" name=\"PAIS\" required=\"\">\r\n<\/p>\r\n<p style=\" font-size: 16px; margin-top: 12px;\">\r\n    <label style=\"display: block; \">Entreprise<\/label>\r\n    <input style=\"width:100%;height: 30px;\" type=\"text\" name=\"EMPRESA\" required=\"\">\r\n<\/p>\r\n<p style=\" font-size: 16px; margin-top: 12px;\">\r\n    <label style=\"display: block; \">Num\u00e9ro de t\u00e9l\u00e9phone<\/label>\r\n    <input style=\"width:100%;height: 30px;\" type=\"tel\" name=\"PHONE\">\r\n<\/p>\r\n<p style=\" font-size: 16px; margin-top: 12px;\">\r\n    <label style=\"display: block; \">Adresse e-mail<\/label>\r\n    <input style=\"width:100%;height: 30px;\" type=\"email\" name=\"EMAIL\"\r\n    required=\"\">\r\n<\/p>\r\n<p style=\" font-size: 16px; margin-top: 12px;\">\r\n    <label style=\"display: block; \">Domaine d\u00b4int\u00e9r\u00eat<\/label>\r\n    <select style=\"width:100%;height: 30px;\"  name=\"INTERESADO\">\r\n        <option value=\"Plasma\" selected=\"true\">Plasma<\/option>\r\n        <option value=\"L\u00e1ser\">Laser<\/option>\r\n        <option value=\"Mecanizado\">Usinage<\/option>\r\n        <option value=\"Equipamiento\">Stockage<\/option>\r\n        <option value=\"Otros\">Autres<\/option>\r\n    <\/select>\r\n<\/p>\r\n\r\n<p style=\" font-size: 16px; margin-top: 12px;\">\r\n    <label style=\"display: block; \">Message<\/label>\r\n    <input style=\"width:100%;height: 30px;\" type=\"text\" name=\"COMENT\">\r\n<\/p>\r\n<p style=\" font-size: 12px; margin-top: 15px;\">\r\n    <label>\r\n        <input type=\"checkbox\" name=\"AGREE_TO_TERMS\" value=\"1\" required=\"\">J\u00b4ai lu et j\u00b4accepte les  <a href=\"https:\/\/tecoi.com\/fr\/politique-de-confidentialite\/\" target=\"_blank\" rel=\"noopener noreferrer\"> conditions g\u00e9n\u00e9rales <\/a><\/label>\r\n<\/p>\r\n<p>\r\n    <input style=\"width:100%;font-size: 18px ;font-family: Bebas Neue; font-weight: 300!important; background-color: #f2b735 !important; padding: 10px 30px; margin-top:15px; border:0;\" type=\"submit\" value=\"ENVOYER\">\r\n<\/p><\/div><label style=\"display: none !important;\">Laissez ce champ vide si vous \u00eates humain\u00a0: <input type=\"text\" name=\"_mc4wp_honeypot\" value=\"\" tabindex=\"-1\" autocomplete=\"off\" \/><\/label><input type=\"hidden\" name=\"_mc4wp_timestamp\" value=\"1776862338\" \/><input type=\"hidden\" name=\"_mc4wp_form_id\" value=\"244804\" \/><input type=\"hidden\" name=\"_mc4wp_form_element_id\" value=\"mc4wp-form-2\" \/><div class=\"mc4wp-response\"><\/div><\/form><!-- \/ Mailchimp for WordPress Plugin -->\n<p>[\/et_pb_text][\/et_pb_column][\/et_pb_row][\/et_pb_section]<\/p>\n","protected":false},"excerpt":{"rendered":"<p>Contactez-nous Dites-nous comment nous pouvons vous aider et nous vous contacterons : <script>(function() {\n\twindow.mc4wp = window.mc4wp || {\n\t\tlisteners: [],\n\t\tforms: {\n\t\t\ton: function(evt, cb) {\n\t\t\t\twindow.mc4wp.listeners.push(\n\t\t\t\t\t{\n\t\t\t\t\t\tevent   : evt,\n\t\t\t\t\t\tcallback: cb\n\t\t\t\t\t}\n\t\t\t\t);\n\t\t\t}\n\t\t}\n\t}\n})();\n<\/script><!-- Mailchimp for WordPress v4.12.2 - https:\/\/wordpress.org\/plugins\/mailchimp-for-wp\/ --><form id=\"mc4wp-form-3\" class=\"mc4wp-form mc4wp-form-244804 mc4wp-form-basic\" method=\"post\" data-id=\"244804\" data-name=\"Contacto web\" ><div class=\"mc4wp-form-fields\"><p style=\" font-size: 16px; margin-top: 12px;\">\r\n    <label style=\"display: block; \">Pr\u00e9nom<\/label>\r\n    <input style=\"width:100%;height: 30px;\" type=\"text\" name=\"FNAME\" required=\"\">\r\n<\/p>\r\n<p style=\" font-size: 16px; margin-top: 12px;\">\r\n    <label style=\"display: block; \">Nom<\/label>\r\n    <input style=\"width:100%;height: 30px;\" type=\"text\" name=\"LNAME\" required=\"\">\r\n<\/p>\r\n<p style=\" font-size: 16px; margin-top: 12px;\">\r\n    <label style=\"display: block; \">Pays<\/label>\r\n    <input style=\"width:100%;height: 30px;\" type=\"text\" name=\"PAIS\" required=\"\">\r\n<\/p>\r\n<p style=\" font-size: 16px; margin-top: 12px;\">\r\n    <label style=\"display: block; \">Entreprise<\/label>\r\n    <input style=\"width:100%;height: 30px;\" type=\"text\" name=\"EMPRESA\" required=\"\">\r\n<\/p>\r\n<p style=\" font-size: 16px; margin-top: 12px;\">\r\n    <label style=\"display: block; \">Num\u00e9ro de t\u00e9l\u00e9phone<\/label>\r\n    <input style=\"width:100%;height: 30px;\" type=\"tel\" name=\"PHONE\">\r\n<\/p>\r\n<p style=\" font-size: 16px; margin-top: 12px;\">\r\n    <label style=\"display: block; \">Adresse e-mail<\/label>\r\n    <input style=\"width:100%;height: 30px;\" type=\"email\" name=\"EMAIL\"\r\n    required=\"\">\r\n<\/p>\r\n<p style=\" font-size: 16px; margin-top: 12px;\">\r\n    <label style=\"display: block; \">Domaine d\u00b4int\u00e9r\u00eat<\/label>\r\n    <select style=\"width:100%;height: 30px;\"  name=\"INTERESADO\">\r\n        <option value=\"Plasma\" selected=\"true\">Plasma<\/option>\r\n        <option value=\"L\u00e1ser\">Laser<\/option>\r\n        <option value=\"Mecanizado\">Usinage<\/option>\r\n        <option value=\"Equipamiento\">Stockage<\/option>\r\n        <option value=\"Otros\">Autres<\/option>\r\n    <\/select>\r\n<\/p>\r\n\r\n<p style=\" font-size: 16px; margin-top: 12px;\">\r\n    <label style=\"display: block; \">Message<\/label>\r\n    <input style=\"width:100%;height: 30px;\" type=\"text\" name=\"COMENT\">\r\n<\/p>\r\n<p style=\" font-size: 12px; margin-top: 15px;\">\r\n    <label>\r\n        <input type=\"checkbox\" name=\"AGREE_TO_TERMS\" value=\"1\" required=\"\">J\u00b4ai lu et j\u00b4accepte les  <a href=\"https:\/\/tecoi.com\/fr\/politique-de-confidentialite\/\" target=\"_blank\" rel=\"noopener noreferrer\"> conditions g\u00e9n\u00e9rales <\/a><\/label>\r\n<\/p>\r\n<p>\r\n    <input style=\"width:100%;font-size: 18px ;font-family: Bebas Neue; font-weight: 300!important; background-color: #f2b735 !important; padding: 10px 30px; margin-top:15px; border:0;\" type=\"submit\" value=\"ENVOYER\">\r\n<\/p><\/div><label style=\"display: none !important;\">Laissez ce champ vide si vous \u00eates humain\u00a0: <input type=\"text\" name=\"_mc4wp_honeypot\" value=\"\" tabindex=\"-1\" autocomplete=\"off\" \/><\/label><input type=\"hidden\" name=\"_mc4wp_timestamp\" value=\"1776862338\" \/><input type=\"hidden\" name=\"_mc4wp_form_id\" value=\"244804\" \/><input type=\"hidden\" name=\"_mc4wp_form_element_id\" value=\"mc4wp-form-3\" \/><div class=\"mc4wp-response\"><\/div><\/form><!-- \/ Mailchimp for WordPress Plugin --> Contactez-nous Dites-nous comment nous pouvons vous aider et nous vous contacterons : <script>(function() {\n\twindow.mc4wp = window.mc4wp || {\n\t\tlisteners: [],\n\t\tforms: {\n\t\t\ton: function(evt, cb) {\n\t\t\t\twindow.mc4wp.listeners.push(\n\t\t\t\t\t{\n\t\t\t\t\t\tevent   : evt,\n\t\t\t\t\t\tcallback: cb\n\t\t\t\t\t}\n\t\t\t\t);\n\t\t\t}\n\t\t}\n\t}\n})();\n<\/script><!-- Mailchimp for WordPress v4.12.2 - https:\/\/wordpress.org\/plugins\/mailchimp-for-wp\/ --><form id=\"mc4wp-form-4\" class=\"mc4wp-form mc4wp-form-244804 mc4wp-form-basic\" method=\"post\" data-id=\"244804\" data-name=\"Contacto web\" ><div class=\"mc4wp-form-fields\"><p style=\" font-size: 16px; margin-top: 12px;\">\r\n    <label style=\"display: block; \">Pr\u00e9nom<\/label>\r\n    <input style=\"width:100%;height: 30px;\" type=\"text\" name=\"FNAME\" required=\"\">\r\n<\/p>\r\n<p style=\" font-size: 16px; margin-top: 12px;\">\r\n    <label style=\"display: block; \">Nom<\/label>\r\n    <input style=\"width:100%;height: 30px;\" type=\"text\" name=\"LNAME\" required=\"\">\r\n<\/p>\r\n<p style=\" font-size: 16px; margin-top: 12px;\">\r\n    <label style=\"display: block; \">Pays<\/label>\r\n    <input style=\"width:100%;height: 30px;\" type=\"text\" name=\"PAIS\" required=\"\">\r\n<\/p>\r\n<p style=\" font-size: 16px; margin-top: 12px;\">\r\n    <label style=\"display: block; \">Entreprise<\/label>\r\n    <input style=\"width:100%;height: 30px;\" type=\"text\" name=\"EMPRESA\" required=\"\">\r\n<\/p>\r\n<p style=\" font-size: 16px; margin-top: 12px;\">\r\n    <label style=\"display: block; \">Num\u00e9ro de t\u00e9l\u00e9phone<\/label>\r\n    <input style=\"width:100%;height: 30px;\" type=\"tel\" name=\"PHONE\">\r\n<\/p>\r\n<p style=\" font-size: 16px; margin-top: 12px;\">\r\n    <label style=\"display: block; \">Adresse e-mail<\/label>\r\n    <input style=\"width:100%;height: 30px;\" type=\"email\" name=\"EMAIL\"\r\n    required=\"\">\r\n<\/p>\r\n<p style=\" font-size: 16px; margin-top: 12px;\">\r\n    <label style=\"display: block; \">Domaine d\u00b4int\u00e9r\u00eat<\/label>\r\n    <select style=\"width:100%;height: 30px;\"  name=\"INTERESADO\">\r\n        <option value=\"Plasma\" selected=\"true\">Plasma<\/option>\r\n        <option value=\"L\u00e1ser\">Laser<\/option>\r\n        <option value=\"Mecanizado\">Usinage<\/option>\r\n        <option value=\"Equipamiento\">Stockage<\/option>\r\n        <option value=\"Otros\">Autres<\/option>\r\n    <\/select>\r\n<\/p>\r\n\r\n<p style=\" font-size: 16px; margin-top: 12px;\">\r\n    <label style=\"display: block; \">Message<\/label>\r\n    <input style=\"width:100%;height: 30px;\" type=\"text\" name=\"COMENT\">\r\n<\/p>\r\n<p style=\" font-size: 12px; margin-top: 15px;\">\r\n    <label>\r\n        <input type=\"checkbox\" name=\"AGREE_TO_TERMS\" value=\"1\" required=\"\">J\u00b4ai lu et j\u00b4accepte les  <a href=\"https:\/\/tecoi.com\/fr\/politique-de-confidentialite\/\" target=\"_blank\" rel=\"noopener noreferrer\"> conditions g\u00e9n\u00e9rales <\/a><\/label>\r\n<\/p>\r\n<p>\r\n    <input style=\"width:100%;font-size: 18px ;font-family: Bebas Neue; font-weight: 300!important; background-color: #f2b735 !important; padding: 10px 30px; margin-top:15px; border:0;\" type=\"submit\" value=\"ENVOYER\">\r\n<\/p><\/div><label style=\"display: none !important;\">Laissez ce champ vide si vous \u00eates humain\u00a0: <input type=\"text\" name=\"_mc4wp_honeypot\" value=\"\" tabindex=\"-1\" autocomplete=\"off\" \/><\/label><input type=\"hidden\" name=\"_mc4wp_timestamp\" value=\"1776862338\" \/><input type=\"hidden\" name=\"_mc4wp_form_id\" value=\"244804\" \/><input type=\"hidden\" name=\"_mc4wp_form_element_id\" value=\"mc4wp-form-4\" \/><div class=\"mc4wp-response\"><\/div><\/form><!-- \/ Mailchimp for WordPress Plugin --><\/p>\n","protected":false},"author":2,"featured_media":0,"parent":0,"menu_order":0,"comment_status":"closed","ping_status":"closed","template":"","meta":{"_et_pb_use_builder":"on","_et_pb_old_content":"","_et_gb_content_width":"","inline_featured_image":false,"footnotes":""},"class_list":["post-244888","page","type-page","status-publish","hentry"],"yoast_head":"<!-- This site is optimized with the Yoast SEO plugin v27.4 - https:\/\/yoast.com\/product\/yoast-seo-wordpress\/ -->\n<title>Contactez-nous<\/title>\n<meta name=\"description\" content=\"info@tecoi.com\" \/>\n<meta name=\"robots\" content=\"index, follow, max-snippet:-1, max-image-preview:large, max-video-preview:-1\" \/>\n<link rel=\"canonical\" href=\"https:\/\/tecoi.com\/fr\/contact-form\/\" \/>\n<meta property=\"og:locale\" content=\"fr_FR\" \/>\n<meta property=\"og:type\" content=\"article\" \/>\n<meta property=\"og:title\" content=\"Contactez-nous\" \/>\n<meta property=\"og:description\" content=\"info@tecoi.com\" \/>\n<meta property=\"og:url\" content=\"https:\/\/tecoi.com\/fr\/contact-form\/\" \/>\n<meta property=\"og:site_name\" content=\"Tecoi.com\" \/>\n<meta property=\"article:modified_time\" content=\"2025-06-11T14:44:41+00:00\" \/>\n<meta name=\"twitter:card\" content=\"summary_large_image\" \/>\n<meta name=\"twitter:label1\" content=\"Dur\u00e9e de lecture estim\u00e9e\" \/>\n\t<meta name=\"twitter:data1\" content=\"2 minutes\" \/>\n<script type=\"application\/ld+json\" class=\"yoast-schema-graph\">{\"@context\":\"https:\\\/\\\/schema.org\",\"@graph\":[{\"@type\":\"WebPage\",\"@id\":\"https:\\\/\\\/tecoi.com\\\/fr\\\/contact-form\\\/\",\"url\":\"https:\\\/\\\/tecoi.com\\\/fr\\\/contact-form\\\/\",\"name\":\"Contactez-nous\",\"isPartOf\":{\"@id\":\"https:\\\/\\\/tecoi.com\\\/#website\"},\"datePublished\":\"2025-05-28T09:52:33+00:00\",\"dateModified\":\"2025-06-11T14:44:41+00:00\",\"description\":\"info@tecoi.com\",\"breadcrumb\":{\"@id\":\"https:\\\/\\\/tecoi.com\\\/fr\\\/contact-form\\\/#breadcrumb\"},\"inLanguage\":\"fr-FR\",\"potentialAction\":[{\"@type\":\"ReadAction\",\"target\":[\"https:\\\/\\\/tecoi.com\\\/fr\\\/contact-form\\\/\"]}]},{\"@type\":\"BreadcrumbList\",\"@id\":\"https:\\\/\\\/tecoi.com\\\/fr\\\/contact-form\\\/#breadcrumb\",\"itemListElement\":[{\"@type\":\"ListItem\",\"position\":1,\"name\":\"Home\",\"item\":\"https:\\\/\\\/tecoi.com\\\/fr\\\/\"},{\"@type\":\"ListItem\",\"position\":2,\"name\":\"Contactez-nous\"}]},{\"@type\":\"WebSite\",\"@id\":\"https:\\\/\\\/tecoi.com\\\/#website\",\"url\":\"https:\\\/\\\/tecoi.com\\\/\",\"name\":\"Tecoi.com\",\"description\":\"Sistemas Avanzados de Procesamiento de Chapa\",\"potentialAction\":[{\"@type\":\"SearchAction\",\"target\":{\"@type\":\"EntryPoint\",\"urlTemplate\":\"https:\\\/\\\/tecoi.com\\\/?s={search_term_string}\"},\"query-input\":{\"@type\":\"PropertyValueSpecification\",\"valueRequired\":true,\"valueName\":\"search_term_string\"}}],\"inLanguage\":\"fr-FR\"}]}<\/script>\n<!-- \/ Yoast SEO plugin. -->","yoast_head_json":{"title":"Contactez-nous","description":"info@tecoi.com","robots":{"index":"index","follow":"follow","max-snippet":"max-snippet:-1","max-image-preview":"max-image-preview:large","max-video-preview":"max-video-preview:-1"},"canonical":"https:\/\/tecoi.com\/fr\/contact-form\/","og_locale":"fr_FR","og_type":"article","og_title":"Contactez-nous","og_description":"info@tecoi.com","og_url":"https:\/\/tecoi.com\/fr\/contact-form\/","og_site_name":"Tecoi.com","article_modified_time":"2025-06-11T14:44:41+00:00","twitter_card":"summary_large_image","twitter_misc":{"Dur\u00e9e de lecture estim\u00e9e":"2 minutes"},"schema":{"@context":"https:\/\/schema.org","@graph":[{"@type":"WebPage","@id":"https:\/\/tecoi.com\/fr\/contact-form\/","url":"https:\/\/tecoi.com\/fr\/contact-form\/","name":"Contactez-nous","isPartOf":{"@id":"https:\/\/tecoi.com\/#website"},"datePublished":"2025-05-28T09:52:33+00:00","dateModified":"2025-06-11T14:44:41+00:00","description":"info@tecoi.com","breadcrumb":{"@id":"https:\/\/tecoi.com\/fr\/contact-form\/#breadcrumb"},"inLanguage":"fr-FR","potentialAction":[{"@type":"ReadAction","target":["https:\/\/tecoi.com\/fr\/contact-form\/"]}]},{"@type":"BreadcrumbList","@id":"https:\/\/tecoi.com\/fr\/contact-form\/#breadcrumb","itemListElement":[{"@type":"ListItem","position":1,"name":"Home","item":"https:\/\/tecoi.com\/fr\/"},{"@type":"ListItem","position":2,"name":"Contactez-nous"}]},{"@type":"WebSite","@id":"https:\/\/tecoi.com\/#website","url":"https:\/\/tecoi.com\/","name":"Tecoi.com","description":"Sistemas Avanzados de Procesamiento de Chapa","potentialAction":[{"@type":"SearchAction","target":{"@type":"EntryPoint","urlTemplate":"https:\/\/tecoi.com\/?s={search_term_string}"},"query-input":{"@type":"PropertyValueSpecification","valueRequired":true,"valueName":"search_term_string"}}],"inLanguage":"fr-FR"}]}},"_links":{"self":[{"href":"https:\/\/tecoi.com\/fr\/wp-json\/wp\/v2\/pages\/244888","targetHints":{"allow":["GET"]}}],"collection":[{"href":"https:\/\/tecoi.com\/fr\/wp-json\/wp\/v2\/pages"}],"about":[{"href":"https:\/\/tecoi.com\/fr\/wp-json\/wp\/v2\/types\/page"}],"author":[{"embeddable":true,"href":"https:\/\/tecoi.com\/fr\/wp-json\/wp\/v2\/users\/2"}],"replies":[{"embeddable":true,"href":"https:\/\/tecoi.com\/fr\/wp-json\/wp\/v2\/comments?post=244888"}],"version-history":[{"count":2,"href":"https:\/\/tecoi.com\/fr\/wp-json\/wp\/v2\/pages\/244888\/revisions"}],"predecessor-version":[{"id":244971,"href":"https:\/\/tecoi.com\/fr\/wp-json\/wp\/v2\/pages\/244888\/revisions\/244971"}],"wp:attachment":[{"href":"https:\/\/tecoi.com\/fr\/wp-json\/wp\/v2\/media?parent=244888"}],"curies":[{"name":"wp","href":"https:\/\/api.w.org\/{rel}","templated":true}]}}