{"id":30323,"date":"2021-04-26T14:08:42","date_gmt":"2021-04-26T14:08:42","guid":{"rendered":"http:\/\/tecoi.com:8008\/baenke\/"},"modified":"2021-09-20T14:38:58","modified_gmt":"2021-09-20T14:38:58","slug":"baenke","status":"publish","type":"page","link":"https:\/\/tecoi.com\/de\/baenke\/","title":{"rendered":"B\u00c4NKE"},"content":{"rendered":"<p>[et_pb_section fb_built=&#8221;1&#8243; admin_label=&#8221;About&#8221; _builder_version=&#8221;4.10.6&#8243; _module_preset=&#8221;default&#8221; custom_margin_tablet=&#8221;&#8221; custom_margin_phone=&#8221;|10px||10px|false|false&#8221; custom_margin_last_edited=&#8221;on|phone&#8221; custom_padding=&#8221;||||false|false&#8221; hover_enabled=&#8221;0&#8243; da_disable_devices=&#8221;off|off|off&#8221; global_colors_info=&#8221;{}&#8221; custom_margin=&#8221;|25px||25px|false|true&#8221; sticky_enabled=&#8221;0&#8243; da_is_popup=&#8221;off&#8221; da_exit_intent=&#8221;off&#8221; da_has_close=&#8221;on&#8221; da_alt_close=&#8221;off&#8221; da_dark_close=&#8221;off&#8221; da_not_modal=&#8221;on&#8221; da_is_singular=&#8221;off&#8221; da_with_loader=&#8221;off&#8221; da_has_shadow=&#8221;on&#8221;][et_pb_row _builder_version=&#8221;4.10.6&#8243; _module_preset=&#8221;default&#8221; custom_margin=&#8221;|0px||0px|false|true&#8221; hover_enabled=&#8221;0&#8243; global_colors_info=&#8221;{}&#8221; width=&#8221;100%&#8221; sticky_enabled=&#8221;0&#8243;][et_pb_column type=&#8221;4_4&#8243; _builder_version=&#8221;4.6.5&#8243; _module_preset=&#8221;default&#8221; global_colors_info=&#8221;{}&#8221;][et_pb_post_title meta=&#8221;off&#8221; featured_image=&#8221;off&#8221; _builder_version=&#8221;4.10.6&#8243; _module_preset=&#8221;default&#8221; title_level=&#8221;h2&#8243; title_font=&#8221;Bebas Neue||||||||&#8221; title_text_color=&#8221;333&#8243; title_font_size=&#8221;80px&#8221; hover_enabled=&#8221;0&#8243; custom_css_main_element=&#8221;padding-top:30px;||padding-right:30px;||margin-left:30px;||&#8221; border_width_bottom=&#8221;50px&#8221; border_color_bottom=&#8221;#f2b735&#8243; saved_tabs=&#8221;all&#8221; global_colors_info=&#8221;{}&#8221; custom_margin=&#8221;|0px||0px|false|true&#8221; sticky_enabled=&#8221;0&#8243;][\/et_pb_post_title][\/et_pb_column][\/et_pb_row][et_pb_row disabled_on=&#8221;on|on|on&#8221; _builder_version=&#8221;4.7.7&#8243; _module_preset=&#8221;default&#8221; disabled=&#8221;on&#8221; global_colors_info=&#8221;{}&#8221;][et_pb_column type=&#8221;4_4&#8243; _builder_version=&#8221;4.7.7&#8243; _module_preset=&#8221;default&#8221; global_colors_info=&#8221;{}&#8221;][et_pb_text _builder_version=&#8221;4.7.7&#8243; _module_preset=&#8221;default&#8221; global_colors_info=&#8221;{}&#8221;]<\/p>\n<div class=\"cuatro\">\n            <span class='et-tooltip'><img loading=\"lazy\" decoding=\"async\" src=\"https:\/\/tecoi.com\/wp-content\/uploads\/2021\/01\/BCC_menu.png\" width=\"300\" height=\"166\" alt=\"\" class=\"wp-image-1383 alignnone size-full\"><span class='et-tooltip-box'>BCC<span class='et-tooltip-arrow'><\/span><\/span><\/span>\n          <\/div>\n<div class=\"cuatro\">\n            <span class='et-tooltip'><img loading=\"lazy\" decoding=\"async\" src=\"https:\/\/tecoi.com\/wp-content\/uploads\/2021\/01\/BCR_menu.png\" width=\"300\" height=\"208\" alt=\"\" class=\"wp-image-1389 alignnone size-full\"><span class='et-tooltip-box'>BCR<span class='et-tooltip-arrow'><\/span><\/span><\/span>\n          <\/div>\n<div class=\"cuatro\">\n            <span class='et-tooltip'><img loading=\"lazy\" decoding=\"async\" src=\"https:\/\/tecoi.com\/wp-content\/uploads\/2021\/01\/BDI_menu.png\" width=\"300\" height=\"173\" alt=\"\" class=\"wp-image-1401 alignnone size-full\"><span class='et-tooltip-box'>BDI<span class='et-tooltip-arrow'><\/span><\/span><\/span>\n          <\/div>\n<div class=\"cuatro\">\n            <span class='et-tooltip'><img loading=\"lazy\" decoding=\"async\" src=\"https:\/\/tecoi.com\/wp-content\/uploads\/2021\/01\/BDV-MULTY_menu.png\" width=\"300\" height=\"132\" alt=\"\" class=\"wp-image-1407 alignnone size-full\"><span class='et-tooltip-box'>BDV MULTY<span class='et-tooltip-arrow'><\/span><\/span><\/span>\n          <\/div>\n<p>[\/et_pb_text][\/et_pb_column][\/et_pb_row][et_pb_row column_structure=&#8221;1_2,1_2&#8243; disabled_on=&#8221;off|off|off&#8221; _builder_version=&#8221;4.10.6&#8243; _module_preset=&#8221;default&#8221; hover_enabled=&#8221;0&#8243; global_colors_info=&#8221;{}&#8221; width=&#8221;100%&#8221; sticky_enabled=&#8221;0&#8243;][et_pb_column type=&#8221;1_2&#8243; _builder_version=&#8221;4.7.7&#8243; _module_preset=&#8221;default&#8221; global_colors_info=&#8221;{}&#8221;][et_pb_text _builder_version=&#8221;4.8.0&#8243; _module_preset=&#8221;default&#8221; background_color=&#8221;#f2b73580&#8243; link_option_url=&#8221;https:\/\/tecoi.com\/de\/bcc\/&#8221; global_colors_info=&#8221;{}&#8221;]<\/p>\n<h2 style=\"text-align: left; padding-left: 20px; padding-top: 10px;\">\n            <strong>BCC<\/strong><br \/>\n          <\/h2>\n<p>[\/et_pb_text][et_pb_image src=&#8221;https:\/\/tecoi.com\/wp-content\/uploads\/2021\/01\/BCC.png&#8221; title_text=&#8221;BCC&#8221; url=&#8221;https:\/\/tecoi.com\/de\/bcc\/&#8221; align=&#8221;center&#8221; force_fullwidth=&#8221;on&#8221; _builder_version=&#8221;4.9.0&#8243; _module_preset=&#8221;default&#8221; global_colors_info=&#8221;{}&#8221;][\/et_pb_image][et_pb_text _builder_version=&#8221;4.8.2&#8243; _module_preset=&#8221;default&#8221; global_colors_info=&#8221;{}&#8221;]<\/p>\n<p>Das BCC-Bettsystem bildet mit dem Schneidrost einen Block, es verf\u00fcgt \u00fcber unabh\u00e4ngige Beh\u00e4lterschubladen und ein Hakensystem, um sie zum Entleeren aus der Anlage zu heben und zu transportieren. Es handelt sich um eine robuste <strong>Konstruktion zum Schneiden<\/strong> von Materialien mit gro\u00dfen Dicken, bei <strong>denen ein gro\u00dfes Volumen an Schlacke anf\u00e4llt.<\/strong><\/p>\n<p>Der Austausch von Schubladen kann schnell durchgef\u00fchrt werden und erm\u00f6glicht es, einen Vorrat an Ersatzschubladen zu haben, mit denen gedreht werden kann und Abfall zu beseitigen. Die Rauchabsaugung erfolgt \u00fcber unabh\u00e4ngige Kan\u00e4le, die auf beiden Seiten der Schublade im Boden verankert und vom Schneidbereich vollst\u00e4ndig isoliert sind.<\/p>\n<p>[\/et_pb_text][\/et_pb_column][et_pb_column type=&#8221;1_2&#8243; _builder_version=&#8221;4.7.7&#8243; _module_preset=&#8221;default&#8221; global_colors_info=&#8221;{}&#8221;][et_pb_text _builder_version=&#8221;4.8.0&#8243; _module_preset=&#8221;default&#8221; background_color=&#8221;#f2b73580&#8243; link_option_url=&#8221;https:\/\/tecoi.com\/de\/bcr\/&#8221; global_colors_info=&#8221;{}&#8221;]<\/p>\n<h2 style=\"text-align: left; padding-left: 20px; padding-top: 10px;\">\n            <strong>BCR<\/strong><br \/>\n          <\/h2>\n<p>[\/et_pb_text][et_pb_image src=&#8221;https:\/\/tecoi.com\/wp-content\/uploads\/2021\/01\/BCR.jpg&#8221; title_text=&#8221;BCR&#8221; url=&#8221;https:\/\/tecoi.com\/de\/bcr\/&#8221; align=&#8221;center&#8221; force_fullwidth=&#8221;on&#8221; _builder_version=&#8221;4.9.0&#8243; _module_preset=&#8221;default&#8221; global_colors_info=&#8221;{}&#8221;][\/et_pb_image][et_pb_text _builder_version=&#8221;4.8.2&#8243; _module_preset=&#8221;default&#8221; global_colors_info=&#8221;{}&#8221;]<\/p>\n<p>Verst\u00e4rkter Innentisch zur <strong>Unterst\u00fctzung von kombinierten<\/strong> Plasma-\/Sauerstoffoperationen oder nur Autogenoperationen mit hohen Anforderungen <strong>(Dicke bis zu 250 mm).<\/strong> Der BCR kann mit einem Gitterrost f\u00fcr thermisches Schneiden oder mit einem Gitterrost mit Messingstiften konfiguriert werden, um Maschinen mit DRILTEC-Spindelstock oder f\u00fcr das Modell THOR mit Bearbeitungszentrum auszur\u00fcsten.<\/p>\n<p>[\/et_pb_text][\/et_pb_column][\/et_pb_row][et_pb_row column_structure=&#8221;1_2,1_2&#8243; _builder_version=&#8221;4.7.7&#8243; _module_preset=&#8221;default&#8221; global_colors_info=&#8221;{}&#8221; disabled_on=&#8221;off|off|off&#8221; width=&#8221;100%&#8221;][et_pb_column type=&#8221;1_2&#8243; _builder_version=&#8221;4.7.7&#8243; _module_preset=&#8221;default&#8221; global_colors_info=&#8221;{}&#8221;][et_pb_text _builder_version=&#8221;4.8.0&#8243; _module_preset=&#8221;default&#8221; background_color=&#8221;#f2b73580&#8243; link_option_url=&#8221;https:\/\/tecoi.com\/de\/bdi\/&#8221; global_colors_info=&#8221;{}&#8221;]<\/p>\n<h2 style=\"text-align: left; padding-left: 20px; padding-top: 10px;\">\n            <strong>BDI<\/strong><br \/>\n          <\/h2>\n<p>[\/et_pb_text][et_pb_image src=&#8221;https:\/\/tecoi.com\/wp-content\/uploads\/2021\/01\/BDI.png&#8221; title_text=&#8221;BDI&#8221; url=&#8221;https:\/\/tecoi.com\/de\/bdi\/&#8221; align=&#8221;center&#8221; force_fullwidth=&#8221;on&#8221; _builder_version=&#8221;4.9.0&#8243; _module_preset=&#8221;default&#8221; global_colors_info=&#8221;{}&#8221;][\/et_pb_image][et_pb_text _builder_version=&#8221;4.9.7&#8243; _module_preset=&#8221;default&#8221; global_colors_info=&#8221;{}&#8221;]<\/p>\n<p>Innentisch v\u00f6llig unabh\u00e4ngig vom F\u00fchrungsbett. Er besteht aus einem selbsttragenden Hubrahmen, der die <strong>Reinigung der Maschine erleichtert,<\/strong> und einem <strong>Unterbau mit Schotten<\/strong> und Strukturprofilen zur optimalen Lastverteilung.<\/p>\n<p>Die BDI ist ein modulares System, das f\u00fcr <strong>verschiedene Schnitth\u00f6hen hergestellt<\/strong> wird, je nach Leistung des ausger\u00fcsteten Plasmas, um den Betrieb und die Haltbarkeit zu gew\u00e4hrleisten, mit St\u00fctzen und Nivellierung in jedem der Module.<\/p>\n<p>Der Grill kann mit <strong>verschiedenen Plattentypen <\/strong>(gerade, gezackt, flach, S-f\u00f6rmig, C-f\u00f6rmig, diagonal, mit Messingstiften) konfiguriert werden, um der Art der auszuf\u00fchrenden Arbeit zu entsprechen. Die Absaugung der D\u00e4mpfe erfolgt \u00fcber einen Doppelkanal mit pneumatisch bet\u00e4tigten Klappen, die von der CNC der Maschine aus gesteuert werden und ein robustes, wartungsfreies System bilden.<\/p>\n<p>[\/et_pb_text][\/et_pb_column][et_pb_column type=&#8221;1_2&#8243; _builder_version=&#8221;4.7.7&#8243; _module_preset=&#8221;default&#8221; global_colors_info=&#8221;{}&#8221;][et_pb_text _builder_version=&#8221;4.9.0&#8243; _module_preset=&#8221;default&#8221; background_color=&#8221;#f2b73580&#8243; link_option_url=&#8221;https:\/\/tecoi.com\/de\/bdv-multy\/&#8221; global_colors_info=&#8221;{}&#8221;]<\/p>\n<h2 style=\"text-align: left; padding-left: 20px; padding-top: 10px;\">\n            <strong>BDV<\/strong><br \/>\n          <\/h2>\n<p>[\/et_pb_text][et_pb_image src=&#8221;https:\/\/tecoi.com\/wp-content\/uploads\/2021\/01\/BDV-MULTY.png&#8221; title_text=&#8221;BDV MULTY&#8221; url=&#8221;https:\/\/tecoi.com\/de\/bdv-multy\/&#8221; align=&#8221;center&#8221; force_fullwidth=&#8221;on&#8221; _builder_version=&#8221;4.9.0&#8243; _module_preset=&#8221;default&#8221; global_colors_info=&#8221;{}&#8221;][\/et_pb_image][et_pb_text _builder_version=&#8221;4.8.2&#8243; _module_preset=&#8221;default&#8221; global_colors_info=&#8221;{}&#8221;]<\/p>\n<p>Innentisch v\u00f6llig unabh\u00e4ngig vom F\u00fchrungsbett. Er besteht aus einem selbsttragenden Hubrahmen, der <strong>die Reinigung der Maschine erleichtert<\/strong>, und einem Unterbau mit Schotten und Strukturprofilen zur optimalen Lastverteilung.<\/p>\n<p>Das BDV ist ein modulares System, das auf folgende Arten hergestellt wird <strong>f\u00fcr unterschiedliche Schnitth\u00f6hen<\/strong>, abh\u00e4ngig von der Leistung des best\u00fcckten Plasmas, um den Betrieb und die Haltbarkeit zu gew\u00e4hrleisten, mit St\u00fctzen und Nivellierung in jedem der Module, au\u00dfen und in der Mitte, f\u00fcr maximale Tragf\u00e4higkeit. <strong>Das VIBRATEC-System ist im Lieferumfang enthalten.<\/strong> Der Grill kann mit <strong>verschiedenen Plattentypen <\/strong>(gerade, gezackt, flach, S-f\u00f6rmig, C-f\u00f6rmig, diagonal, mit Messingstiften) konfiguriert werden, um der Art der auszuf\u00fchrenden Arbeit zu entsprechen.<\/p>\n<p>Die Absaugung der D\u00e4mpfe erfolgt \u00fcber einen Doppelkanal mit pneumatisch bet\u00e4tigten Klappen. Diese Automatisierung und die \u00dcberlappung der \u00d6ffnungen wird \u00fcber den Datenbus von der CNC der Maschine aus konfiguriert und verwaltet und bildet ein robustes System, das keine Wartung erfordert. <strong>Das Saugmanagement ist spezifisch f\u00fcr jede Maschinenkonfiguration.<\/strong> Das BDV kann mit einem Gitterrost f\u00fcr das thermische Schneiden oder mit einem Gitterrost mit Messingstiften konfiguriert werden, um Maschinen mit DRILTEC-Spindelstock oder f\u00fcr das Modell THOR mit Bearbeitungszentrum auszur\u00fcsten.<\/p>\n<p>[\/et_pb_text][\/et_pb_column][\/et_pb_row][et_pb_row column_structure=&#8221;1_2,1_2&#8243; disabled_on=&#8221;off|off|off&#8221; _builder_version=&#8221;4.7.7&#8243; _module_preset=&#8221;default&#8221; global_colors_info=&#8221;{}&#8221; width=&#8221;100%&#8221;][et_pb_column type=&#8221;1_2&#8243; _builder_version=&#8221;4.7.7&#8243; _module_preset=&#8221;default&#8221; global_colors_info=&#8221;{}&#8221;][et_pb_text _builder_version=&#8221;4.8.1&#8243; _module_preset=&#8221;default&#8221; background_color=&#8221;#f2b73580&#8243; link_option_url=&#8221;https:\/\/tecoi.com\/de\/bdi\/&#8221; global_colors_info=&#8221;{}&#8221;]<\/p>\n<h2 style=\"text-align: left; padding-left: 20px; padding-top: 10px;\">\n            <strong>MAR<\/strong><br \/>\n          <\/h2>\n<p>[\/et_pb_text][et_pb_image src=&#8221;https:\/\/tecoi.com\/wp-content\/uploads\/2021\/01\/MAR.png&#8221; title_text=&#8221;MAR&#8221; url=&#8221;https:\/\/tecoi.com\/de\/bdi\/&#8221; align=&#8221;center&#8221; force_fullwidth=&#8221;on&#8221; _builder_version=&#8221;4.8.2&#8243; _module_preset=&#8221;default&#8221; global_colors_info=&#8221;{}&#8221;][\/et_pb_image][et_pb_text _builder_version=&#8221;4.8.2&#8243; _module_preset=&#8221;default&#8221; global_colors_info=&#8221;{}&#8221;]<\/p>\n<p>Rollensystem f\u00fcr die <strong>Entnahme von Platten<\/strong> aus dem Bett in den Wartebereich. Inklusive Bedienkonsole f\u00fcr das Materialein- und -auslasssystem und vollautomatischer Hydraulikeinheit.<\/p>\n<p>[\/et_pb_text][\/et_pb_column][et_pb_column type=&#8221;1_2&#8243; _builder_version=&#8221;4.7.7&#8243; _module_preset=&#8221;default&#8221; global_colors_info=&#8221;{}&#8221;][\/et_pb_column][\/et_pb_row][et_pb_row _builder_version=&#8221;4.8.2&#8243; _module_preset=&#8221;default&#8221; global_colors_info=&#8221;{}&#8221;][et_pb_column type=&#8221;4_4&#8243; _builder_version=&#8221;4.8.2&#8243; _module_preset=&#8221;default&#8221; global_colors_info=&#8221;{}&#8221;][et_pb_text _builder_version=&#8221;4.10.6&#8243; _module_preset=&#8221;default&#8221; hover_enabled=&#8221;0&#8243; global_colors_info=&#8221;{}&#8221; sticky_enabled=&#8221;0&#8243;]<\/p>\n<h3 style=\"text-align: center;\"><strong>Die Grundplatten werden komplett von TECOI entwickelt und hergestellt und sind mit jeder anderen Maschine auf dem Markt kompatibel.<\/strong><\/h3>\n<p>[\/et_pb_text][\/et_pb_column][\/et_pb_row][\/et_pb_section]<\/p>\n","protected":false},"excerpt":{"rendered":"<p><span class='et-tooltip'><span class='et-tooltip-box'>BCC<span class='et-tooltip-arrow'><\/span><\/span><\/span> <span class='et-tooltip'><span class='et-tooltip-box'>BCR<span class='et-tooltip-arrow'><\/span><\/span><\/span> <span class='et-tooltip'><span class='et-tooltip-box'>BDI<span class='et-tooltip-arrow'><\/span><\/span><\/span> <span class='et-tooltip'><span class='et-tooltip-box'>BDV MULTY<span class='et-tooltip-arrow'><\/span><\/span><\/span> BCC Das BCC-Bettsystem bildet mit dem Schneidrost einen Block, es verf\u00fcgt \u00fcber unabh\u00e4ngige Beh\u00e4lterschubladen und ein Hakensystem, um sie zum Entleeren aus der Anlage zu heben und zu transportieren. Es handelt sich um eine robuste Konstruktion zum Schneiden von Materialien mit gro\u00dfen [&hellip;]<\/p>\n","protected":false},"author":1,"featured_media":0,"parent":0,"menu_order":0,"comment_status":"closed","ping_status":"closed","template":"","meta":{"_et_pb_use_builder":"on","_et_pb_old_content":"","_et_gb_content_width":"","inline_featured_image":false,"footnotes":""},"class_list":["post-30323","page","type-page","status-publish","hentry"],"yoast_head":"<!-- This site is optimized with the Yoast SEO plugin v27.4 - https:\/\/yoast.com\/product\/yoast-seo-wordpress\/ -->\n<title>B\u00e4nke<\/title>\n<meta name=\"description\" content=\"Verst\u00e4rkter Innentisch.\" \/>\n<meta name=\"robots\" content=\"index, follow, max-snippet:-1, max-image-preview:large, max-video-preview:-1\" \/>\n<link rel=\"canonical\" href=\"https:\/\/tecoi.com\/de\/bancadas\/\" \/>\n<meta property=\"og:locale\" content=\"de_DE\" \/>\n<meta property=\"og:type\" content=\"article\" \/>\n<meta property=\"og:title\" content=\"B\u00e4nke\" \/>\n<meta property=\"og:description\" content=\"Verst\u00e4rkter Innentisch.\" \/>\n<meta property=\"og:url\" content=\"https:\/\/tecoi.com\/bancadas\/\" \/>\n<meta property=\"og:site_name\" content=\"Tecoi.com\" \/>\n<meta property=\"article:modified_time\" content=\"2021-09-20T14:38:58+00:00\" \/>\n<meta property=\"og:image\" content=\"https:\/\/tecoi.com\/wp-content\/uploads\/2021\/01\/BCC_menu.png\" \/>\n<meta name=\"twitter:card\" content=\"summary_large_image\" \/>\n<meta name=\"twitter:label1\" content=\"Gesch\u00e4tzte Lesezeit\" \/>\n\t<meta name=\"twitter:data1\" content=\"7\u00a0Minuten\" \/>\n<script type=\"application\/ld+json\" class=\"yoast-schema-graph\">{\"@context\":\"https:\\\/\\\/schema.org\",\"@graph\":[{\"@type\":\"WebPage\",\"@id\":\"https:\\\/\\\/tecoi.com\\\/bancadas\\\/\",\"url\":\"https:\\\/\\\/tecoi.com\\\/bancadas\\\/\",\"name\":\"B\u00e4nke\",\"isPartOf\":{\"@id\":\"https:\\\/\\\/tecoi.com\\\/#website\"},\"primaryImageOfPage\":{\"@id\":\"https:\\\/\\\/tecoi.com\\\/bancadas\\\/#primaryimage\"},\"image\":{\"@id\":\"https:\\\/\\\/tecoi.com\\\/bancadas\\\/#primaryimage\"},\"thumbnailUrl\":\"https:\\\/\\\/tecoi.com\\\/wp-content\\\/uploads\\\/2021\\\/01\\\/BCC_menu.png\",\"datePublished\":\"2021-04-26T14:08:42+00:00\",\"dateModified\":\"2021-09-20T14:38:58+00:00\",\"description\":\"Verst\u00e4rkter Innentisch.\",\"breadcrumb\":{\"@id\":\"https:\\\/\\\/tecoi.com\\\/bancadas\\\/#breadcrumb\"},\"inLanguage\":\"de\",\"potentialAction\":[{\"@type\":\"ReadAction\",\"target\":[\"https:\\\/\\\/tecoi.com\\\/bancadas\\\/\"]}]},{\"@type\":\"ImageObject\",\"inLanguage\":\"de\",\"@id\":\"https:\\\/\\\/tecoi.com\\\/bancadas\\\/#primaryimage\",\"url\":\"https:\\\/\\\/tecoi.com\\\/wp-content\\\/uploads\\\/2021\\\/01\\\/BCC_menu.png\",\"contentUrl\":\"https:\\\/\\\/tecoi.com\\\/wp-content\\\/uploads\\\/2021\\\/01\\\/BCC_menu.png\"},{\"@type\":\"BreadcrumbList\",\"@id\":\"https:\\\/\\\/tecoi.com\\\/bancadas\\\/#breadcrumb\",\"itemListElement\":[{\"@type\":\"ListItem\",\"position\":1,\"name\":\"Home\",\"item\":\"https:\\\/\\\/tecoi.com\\\/de\\\/\"},{\"@type\":\"ListItem\",\"position\":2,\"name\":\"B\u00c4NKE\"}]},{\"@type\":\"WebSite\",\"@id\":\"https:\\\/\\\/tecoi.com\\\/#website\",\"url\":\"https:\\\/\\\/tecoi.com\\\/\",\"name\":\"Tecoi.com\",\"description\":\"Sistemas Avanzados de Procesamiento de Chapa\",\"potentialAction\":[{\"@type\":\"SearchAction\",\"target\":{\"@type\":\"EntryPoint\",\"urlTemplate\":\"https:\\\/\\\/tecoi.com\\\/?s={search_term_string}\"},\"query-input\":{\"@type\":\"PropertyValueSpecification\",\"valueRequired\":true,\"valueName\":\"search_term_string\"}}],\"inLanguage\":\"de\"}]}<\/script>\n<!-- \/ Yoast SEO plugin. -->","yoast_head_json":{"title":"B\u00e4nke","description":"Verst\u00e4rkter Innentisch.","robots":{"index":"index","follow":"follow","max-snippet":"max-snippet:-1","max-image-preview":"max-image-preview:large","max-video-preview":"max-video-preview:-1"},"canonical":"https:\/\/tecoi.com\/de\/bancadas\/","og_locale":"de_DE","og_type":"article","og_title":"B\u00e4nke","og_description":"Verst\u00e4rkter Innentisch.","og_url":"https:\/\/tecoi.com\/bancadas\/","og_site_name":"Tecoi.com","article_modified_time":"2021-09-20T14:38:58+00:00","og_image":[{"url":"https:\/\/tecoi.com\/wp-content\/uploads\/2021\/01\/BCC_menu.png","type":"","width":"","height":""}],"twitter_card":"summary_large_image","twitter_misc":{"Gesch\u00e4tzte Lesezeit":"7\u00a0Minuten"},"schema":{"@context":"https:\/\/schema.org","@graph":[{"@type":"WebPage","@id":"https:\/\/tecoi.com\/bancadas\/","url":"https:\/\/tecoi.com\/bancadas\/","name":"B\u00e4nke","isPartOf":{"@id":"https:\/\/tecoi.com\/#website"},"primaryImageOfPage":{"@id":"https:\/\/tecoi.com\/bancadas\/#primaryimage"},"image":{"@id":"https:\/\/tecoi.com\/bancadas\/#primaryimage"},"thumbnailUrl":"https:\/\/tecoi.com\/wp-content\/uploads\/2021\/01\/BCC_menu.png","datePublished":"2021-04-26T14:08:42+00:00","dateModified":"2021-09-20T14:38:58+00:00","description":"Verst\u00e4rkter Innentisch.","breadcrumb":{"@id":"https:\/\/tecoi.com\/bancadas\/#breadcrumb"},"inLanguage":"de","potentialAction":[{"@type":"ReadAction","target":["https:\/\/tecoi.com\/bancadas\/"]}]},{"@type":"ImageObject","inLanguage":"de","@id":"https:\/\/tecoi.com\/bancadas\/#primaryimage","url":"https:\/\/tecoi.com\/wp-content\/uploads\/2021\/01\/BCC_menu.png","contentUrl":"https:\/\/tecoi.com\/wp-content\/uploads\/2021\/01\/BCC_menu.png"},{"@type":"BreadcrumbList","@id":"https:\/\/tecoi.com\/bancadas\/#breadcrumb","itemListElement":[{"@type":"ListItem","position":1,"name":"Home","item":"https:\/\/tecoi.com\/de\/"},{"@type":"ListItem","position":2,"name":"B\u00c4NKE"}]},{"@type":"WebSite","@id":"https:\/\/tecoi.com\/#website","url":"https:\/\/tecoi.com\/","name":"Tecoi.com","description":"Sistemas Avanzados de Procesamiento de Chapa","potentialAction":[{"@type":"SearchAction","target":{"@type":"EntryPoint","urlTemplate":"https:\/\/tecoi.com\/?s={search_term_string}"},"query-input":{"@type":"PropertyValueSpecification","valueRequired":true,"valueName":"search_term_string"}}],"inLanguage":"de"}]}},"_links":{"self":[{"href":"https:\/\/tecoi.com\/de\/wp-json\/wp\/v2\/pages\/30323","targetHints":{"allow":["GET"]}}],"collection":[{"href":"https:\/\/tecoi.com\/de\/wp-json\/wp\/v2\/pages"}],"about":[{"href":"https:\/\/tecoi.com\/de\/wp-json\/wp\/v2\/types\/page"}],"author":[{"embeddable":true,"href":"https:\/\/tecoi.com\/de\/wp-json\/wp\/v2\/users\/1"}],"replies":[{"embeddable":true,"href":"https:\/\/tecoi.com\/de\/wp-json\/wp\/v2\/comments?post=30323"}],"version-history":[{"count":0,"href":"https:\/\/tecoi.com\/de\/wp-json\/wp\/v2\/pages\/30323\/revisions"}],"wp:attachment":[{"href":"https:\/\/tecoi.com\/de\/wp-json\/wp\/v2\/media?parent=30323"}],"curies":[{"name":"wp","href":"https:\/\/api.w.org\/{rel}","templated":true}]}}