{"id":26593,"date":"2021-03-17T09:41:18","date_gmt":"2021-03-17T09:41:18","guid":{"rendered":"http:\/\/tecoi.com:8008\/absauganlagen-foerderbaender\/"},"modified":"2021-08-12T08:46:21","modified_gmt":"2021-08-12T08:46:21","slug":"absauganlagen-foerderbaender","status":"publish","type":"page","link":"https:\/\/tecoi.com\/de\/absauganlagen-foerderbaender\/","title":{"rendered":"ABSAUGB\u00c4NDER"},"content":{"rendered":"<p>[et_pb_section fb_built=&#8221;1&#8243; admin_label=&#8221;About&#8221; _builder_version=&#8221;4.6.6&#8243; _module_preset=&#8221;default&#8221; custom_padding=&#8221;||||false|false&#8221; da_disable_devices=&#8221;off|off|off&#8221; da_is_popup=&#8221;off&#8221; da_exit_intent=&#8221;off&#8221; da_has_close=&#8221;on&#8221; da_alt_close=&#8221;off&#8221; da_dark_close=&#8221;off&#8221; da_not_modal=&#8221;on&#8221; da_is_singular=&#8221;off&#8221; da_with_loader=&#8221;off&#8221; da_has_shadow=&#8221;on&#8221;][et_pb_row column_structure=&#8221;1_2,1_2&#8243; _builder_version=&#8221;4.6.6&#8243; _module_preset=&#8221;default&#8221; custom_margin=&#8221;||||false|false&#8221;][et_pb_column type=&#8221;1_2&#8243; _builder_version=&#8221;4.6.5&#8243; _module_preset=&#8221;default&#8221;][et_pb_image src=&#8221;https:\/\/tecoi.com\/wp-content\/uploads\/2021\/01\/CINTAS-DE-EXTRACCION.png&#8221; title_text=&#8221;ABSAUGANLAGEN &#038; F\u00d6RDERB\u00c4NDER&#8221; _builder_version=&#8221;4.9.0&#8243; _module_preset=&#8221;default&#8221;][\/et_pb_image][\/et_pb_column][et_pb_column type=&#8221;1_2&#8243; _builder_version=&#8221;4.6.5&#8243; _module_preset=&#8221;default&#8221;][et_pb_post_title meta=&#8221;off&#8221; featured_image=&#8221;off&#8221; _builder_version=&#8221;4.9.0&#8243; _module_preset=&#8221;default&#8221; title_level=&#8221;h2&#8243; title_font=&#8221;Bebas Neue||||||||&#8221; title_text_color=&#8221;333&#8243; title_font_size=&#8221;80px&#8221; custom_css_main_element=&#8221;padding-top:30px;||padding-right:30px;||margin-left:30px;||&#8221; border_width_bottom=&#8221;50px&#8221; border_color_bottom=&#8221;#f2b735&#8243; saved_tabs=&#8221;all&#8221;][\/et_pb_post_title][et_pb_text _builder_version=&#8221;4.9.7&#8243; _module_preset=&#8221;default&#8221; text_font_size=&#8221;16px&#8221; text_line_height=&#8221;1.8em&#8221; text_font_size_tablet=&#8221;&#8221; text_font_size_phone=&#8221;14px&#8221; text_font_size_last_edited=&#8221;on|phone&#8221;]<\/p>\n<p>TECOI baut als Option in seine Maschinen ein, <strong>Absauganlagen mit Absaugb\u00e4ndern<\/strong> zum Sammeln von St\u00fccken oder Sp\u00e4nen, die bei der Bearbeitung anfallen, auch f\u00fcr die Bewegung der Schlacke, die mit dem System aus der Maschine abgesaugt wird. <strong>VIBRATEC,<\/strong> die au\u00dferhalb der Anlage in einem gro\u00dfen Container deponiert wird. Das System kann in die Anlage integriert werden und wird entsprechend den Bed\u00fcrfnissen der jeweiligen Anwendung programmiert. Die Mechanismen werden f\u00fcr jedes Projekt berechnet, um die jeweils besten Ergebnisse <strong>hinsichtlich<\/strong> Haltbarkeit und Leistung zu erzielen.<\/p>\n<p>[\/et_pb_text][\/et_pb_column][\/et_pb_row][\/et_pb_section]<\/p>\n","protected":false},"excerpt":{"rendered":"<p>TECOI baut als Option in seine Maschinen ein, Absauganlagen mit Absaugb\u00e4ndern zum Sammeln von St\u00fccken oder Sp\u00e4nen, die bei der Bearbeitung anfallen, auch f\u00fcr die Bewegung der Schlacke, die mit dem System aus der Maschine abgesaugt wird. VIBRATEC, die au\u00dferhalb der Anlage in einem gro\u00dfen Container deponiert wird. Das System kann in die Anlage integriert [&hellip;]<\/p>\n","protected":false},"author":1,"featured_media":0,"parent":0,"menu_order":0,"comment_status":"closed","ping_status":"closed","template":"","meta":{"_et_pb_use_builder":"on","_et_pb_old_content":"","_et_gb_content_width":"","inline_featured_image":false,"footnotes":""},"class_list":["post-26593","page","type-page","status-publish","hentry"],"yoast_head":"<!-- This site is optimized with the Yoast SEO plugin v27.4 - https:\/\/yoast.com\/product\/yoast-seo-wordpress\/ -->\n<title>ABSAUGANLAGEN &amp; F\u00d6RDERB\u00c4NDER<\/title>\n<meta name=\"description\" content=\"TECOI integriert als Option in seine Maschinen Absaugsysteme mit F\u00f6rderb\u00e4ndern.\" \/>\n<meta name=\"robots\" content=\"index, follow, max-snippet:-1, max-image-preview:large, max-video-preview:-1\" \/>\n<link rel=\"canonical\" href=\"https:\/\/tecoi.com\/de\/absauganlagen-foerderbaender\/\" \/>\n<meta property=\"og:locale\" content=\"de_DE\" \/>\n<meta property=\"og:type\" content=\"article\" \/>\n<meta property=\"og:title\" content=\"ABSAUGANLAGEN &amp; F\u00d6RDERB\u00c4NDER\" \/>\n<meta property=\"og:description\" content=\"TECOI integriert als Option in seine Maschinen Absaugsysteme mit F\u00f6rderb\u00e4ndern.\" \/>\n<meta property=\"og:url\" content=\"https:\/\/tecoi.com\/de\/absauganlagen-foerderbaender\/\" \/>\n<meta property=\"og:site_name\" content=\"Tecoi.com\" \/>\n<meta property=\"article:modified_time\" content=\"2021-08-12T08:46:21+00:00\" \/>\n<meta name=\"twitter:card\" content=\"summary_large_image\" \/>\n<meta name=\"twitter:label1\" content=\"Gesch\u00e4tzte Lesezeit\" \/>\n\t<meta name=\"twitter:data1\" content=\"2\u00a0Minuten\" \/>\n<script type=\"application\/ld+json\" class=\"yoast-schema-graph\">{\"@context\":\"https:\\\/\\\/schema.org\",\"@graph\":[{\"@type\":\"WebPage\",\"@id\":\"https:\\\/\\\/tecoi.com\\\/de\\\/absauganlagen-foerderbaender\\\/\",\"url\":\"https:\\\/\\\/tecoi.com\\\/de\\\/absauganlagen-foerderbaender\\\/\",\"name\":\"ABSAUGANLAGEN & F\u00d6RDERB\u00c4NDER\",\"isPartOf\":{\"@id\":\"https:\\\/\\\/tecoi.com\\\/#website\"},\"datePublished\":\"2021-03-17T09:41:18+00:00\",\"dateModified\":\"2021-08-12T08:46:21+00:00\",\"description\":\"TECOI integriert als Option in seine Maschinen Absaugsysteme mit F\u00f6rderb\u00e4ndern.\",\"breadcrumb\":{\"@id\":\"https:\\\/\\\/tecoi.com\\\/de\\\/absauganlagen-foerderbaender\\\/#breadcrumb\"},\"inLanguage\":\"de\",\"potentialAction\":[{\"@type\":\"ReadAction\",\"target\":[\"https:\\\/\\\/tecoi.com\\\/de\\\/absauganlagen-foerderbaender\\\/\"]}]},{\"@type\":\"BreadcrumbList\",\"@id\":\"https:\\\/\\\/tecoi.com\\\/de\\\/absauganlagen-foerderbaender\\\/#breadcrumb\",\"itemListElement\":[{\"@type\":\"ListItem\",\"position\":1,\"name\":\"Home\",\"item\":\"https:\\\/\\\/tecoi.com\\\/de\\\/\"},{\"@type\":\"ListItem\",\"position\":2,\"name\":\"ABSAUGB\u00c4NDER\"}]},{\"@type\":\"WebSite\",\"@id\":\"https:\\\/\\\/tecoi.com\\\/#website\",\"url\":\"https:\\\/\\\/tecoi.com\\\/\",\"name\":\"Tecoi.com\",\"description\":\"Sistemas Avanzados de Procesamiento de Chapa\",\"potentialAction\":[{\"@type\":\"SearchAction\",\"target\":{\"@type\":\"EntryPoint\",\"urlTemplate\":\"https:\\\/\\\/tecoi.com\\\/?s={search_term_string}\"},\"query-input\":{\"@type\":\"PropertyValueSpecification\",\"valueRequired\":true,\"valueName\":\"search_term_string\"}}],\"inLanguage\":\"de\"}]}<\/script>\n<!-- \/ Yoast SEO plugin. -->","yoast_head_json":{"title":"ABSAUGANLAGEN & F\u00d6RDERB\u00c4NDER","description":"TECOI integriert als Option in seine Maschinen Absaugsysteme mit F\u00f6rderb\u00e4ndern.","robots":{"index":"index","follow":"follow","max-snippet":"max-snippet:-1","max-image-preview":"max-image-preview:large","max-video-preview":"max-video-preview:-1"},"canonical":"https:\/\/tecoi.com\/de\/absauganlagen-foerderbaender\/","og_locale":"de_DE","og_type":"article","og_title":"ABSAUGANLAGEN & F\u00d6RDERB\u00c4NDER","og_description":"TECOI integriert als Option in seine Maschinen Absaugsysteme mit F\u00f6rderb\u00e4ndern.","og_url":"https:\/\/tecoi.com\/de\/absauganlagen-foerderbaender\/","og_site_name":"Tecoi.com","article_modified_time":"2021-08-12T08:46:21+00:00","twitter_card":"summary_large_image","twitter_misc":{"Gesch\u00e4tzte Lesezeit":"2\u00a0Minuten"},"schema":{"@context":"https:\/\/schema.org","@graph":[{"@type":"WebPage","@id":"https:\/\/tecoi.com\/de\/absauganlagen-foerderbaender\/","url":"https:\/\/tecoi.com\/de\/absauganlagen-foerderbaender\/","name":"ABSAUGANLAGEN & F\u00d6RDERB\u00c4NDER","isPartOf":{"@id":"https:\/\/tecoi.com\/#website"},"datePublished":"2021-03-17T09:41:18+00:00","dateModified":"2021-08-12T08:46:21+00:00","description":"TECOI integriert als Option in seine Maschinen Absaugsysteme mit F\u00f6rderb\u00e4ndern.","breadcrumb":{"@id":"https:\/\/tecoi.com\/de\/absauganlagen-foerderbaender\/#breadcrumb"},"inLanguage":"de","potentialAction":[{"@type":"ReadAction","target":["https:\/\/tecoi.com\/de\/absauganlagen-foerderbaender\/"]}]},{"@type":"BreadcrumbList","@id":"https:\/\/tecoi.com\/de\/absauganlagen-foerderbaender\/#breadcrumb","itemListElement":[{"@type":"ListItem","position":1,"name":"Home","item":"https:\/\/tecoi.com\/de\/"},{"@type":"ListItem","position":2,"name":"ABSAUGB\u00c4NDER"}]},{"@type":"WebSite","@id":"https:\/\/tecoi.com\/#website","url":"https:\/\/tecoi.com\/","name":"Tecoi.com","description":"Sistemas Avanzados de Procesamiento de Chapa","potentialAction":[{"@type":"SearchAction","target":{"@type":"EntryPoint","urlTemplate":"https:\/\/tecoi.com\/?s={search_term_string}"},"query-input":{"@type":"PropertyValueSpecification","valueRequired":true,"valueName":"search_term_string"}}],"inLanguage":"de"}]}},"_links":{"self":[{"href":"https:\/\/tecoi.com\/de\/wp-json\/wp\/v2\/pages\/26593","targetHints":{"allow":["GET"]}}],"collection":[{"href":"https:\/\/tecoi.com\/de\/wp-json\/wp\/v2\/pages"}],"about":[{"href":"https:\/\/tecoi.com\/de\/wp-json\/wp\/v2\/types\/page"}],"author":[{"embeddable":true,"href":"https:\/\/tecoi.com\/de\/wp-json\/wp\/v2\/users\/1"}],"replies":[{"embeddable":true,"href":"https:\/\/tecoi.com\/de\/wp-json\/wp\/v2\/comments?post=26593"}],"version-history":[{"count":0,"href":"https:\/\/tecoi.com\/de\/wp-json\/wp\/v2\/pages\/26593\/revisions"}],"wp:attachment":[{"href":"https:\/\/tecoi.com\/de\/wp-json\/wp\/v2\/media?parent=26593"}],"curies":[{"name":"wp","href":"https:\/\/api.w.org\/{rel}","templated":true}]}}