{"id":26482,"date":"2021-03-16T16:21:03","date_gmt":"2021-03-16T16:21:03","guid":{"rendered":"http:\/\/tecoi.com:8008\/bevel-arc\/"},"modified":"2021-08-12T08:52:53","modified_gmt":"2021-08-12T08:52:53","slug":"bevel-arc","status":"publish","type":"page","link":"https:\/\/tecoi.com\/de\/bevel-arc\/","title":{"rendered":"BEVEL ARC"},"content":{"rendered":"<p>[et_pb_section fb_built=&#8221;1&#8243; admin_label=&#8221;About&#8221; _builder_version=&#8221;4.6.6&#8243; _module_preset=&#8221;default&#8221; custom_padding=&#8221;||||false|false&#8221; da_disable_devices=&#8221;off|off|off&#8221; da_is_popup=&#8221;off&#8221; da_exit_intent=&#8221;off&#8221; da_has_close=&#8221;on&#8221; da_alt_close=&#8221;off&#8221; da_dark_close=&#8221;off&#8221; da_not_modal=&#8221;on&#8221; da_is_singular=&#8221;off&#8221; da_with_loader=&#8221;off&#8221; da_has_shadow=&#8221;on&#8221;][et_pb_row column_structure=&#8221;1_2,1_2&#8243; _builder_version=&#8221;4.6.6&#8243; _module_preset=&#8221;default&#8221; custom_margin=&#8221;||||false|false&#8221;][et_pb_column type=&#8221;1_2&#8243; _builder_version=&#8221;4.6.5&#8243; _module_preset=&#8221;default&#8221;][et_pb_image src=&#8221;https:\/\/tecoi.com\/wp-content\/uploads\/2021\/01\/BEVEL-ARC-PLASMA.png&#8221; title_text=&#8221;BEVEL-ARC&#8221; _builder_version=&#8221;4.9.0&#8243; _module_preset=&#8221;default&#8221;][\/et_pb_image][\/et_pb_column][et_pb_column type=&#8221;1_2&#8243; _builder_version=&#8221;4.6.5&#8243; _module_preset=&#8221;default&#8221;][et_pb_post_title meta=&#8221;off&#8221; featured_image=&#8221;off&#8221; _builder_version=&#8221;4.9.0&#8243; _module_preset=&#8221;default&#8221; title_level=&#8221;h2&#8243; title_font=&#8221;Bebas Neue||||||||&#8221; title_text_color=&#8221;333&#8243; title_font_size=&#8221;80px&#8221; custom_css_main_element=&#8221;padding-top:30px;||padding-right:30px;||margin-left:30px;||&#8221; border_width_bottom=&#8221;50px&#8221; border_color_bottom=&#8221;#f2b735&#8243; saved_tabs=&#8221;all&#8221;][\/et_pb_post_title][et_pb_text _builder_version=&#8221;4.8.0&#8243; _module_preset=&#8221;default&#8221; text_font_size=&#8221;16px&#8221; text_line_height=&#8221;1.8em&#8221; text_font_size_tablet=&#8221;&#8221; text_font_size_phone=&#8221;14px&#8221; text_font_size_last_edited=&#8221;on|phone&#8221;]<\/p>\n<p>Kontinuierliche Anfasung durch Schwenken ohne unn\u00f6tiges Kippen des Brenners, wodurch eine <strong>Besch\u00e4digung der internen<\/strong>Komponenten vermieden wird. Aufgrund seiner <strong>Konstruktion und Funktionalit\u00e4t<\/strong> ist es nicht notwendig, Schleifen zu machen, um seine Position wiederherzustellen. Das System erm\u00f6glicht sowohl das Trocken- als auch das <strong>Unterwasserschneiden und kann<\/strong> an alle TECOI-Modelle angepasst werden. Au\u00dfergew\u00f6hnlicher Neigungswinkel und<strong>gro\u00dfe Geschwindigkeit<\/strong>: von &#8211; 50\u00ba bis + 50\u00ba in 1,2 Sekunden und maximale freie H\u00f6he bei <strong>abgesenktem Brenner<\/strong>, wodurch m\u00f6gliche Kollisionen oder \u00dcberhitzung vermieden werden. <\/p>\n<p>[\/et_pb_text][\/et_pb_column][\/et_pb_row][\/et_pb_section]<\/p>\n","protected":false},"excerpt":{"rendered":"<p>Kontinuierliche Anfasung durch Schwenken ohne unn\u00f6tiges Kippen des Brenners, wodurch eine Besch\u00e4digung der internenKomponenten vermieden wird. Aufgrund seiner Konstruktion und Funktionalit\u00e4t ist es nicht notwendig, Schleifen zu machen, um seine Position wiederherzustellen. Das System erm\u00f6glicht sowohl das Trocken- als auch das Unterwasserschneiden und kann an alle TECOI-Modelle angepasst werden. Au\u00dfergew\u00f6hnlicher Neigungswinkel undgro\u00dfe Geschwindigkeit: von &#8211; [&hellip;]<\/p>\n","protected":false},"author":1,"featured_media":0,"parent":0,"menu_order":0,"comment_status":"closed","ping_status":"closed","template":"","meta":{"_et_pb_use_builder":"on","_et_pb_old_content":"","_et_gb_content_width":"","inline_featured_image":false,"footnotes":""},"class_list":["post-26482","page","type-page","status-publish","hentry"],"yoast_head":"<!-- This site is optimized with the Yoast SEO plugin v27.5 - https:\/\/yoast.com\/product\/yoast-seo-wordpress\/ -->\n<title>Bevel Arc<\/title>\n<meta name=\"description\" content=\"Kontinuierliche Anfasung durch Schwenken ohne unn\u00f6tiges Kippen des Brenners.\" \/>\n<meta name=\"robots\" content=\"index, follow, max-snippet:-1, max-image-preview:large, max-video-preview:-1\" \/>\n<link rel=\"canonical\" href=\"https:\/\/tecoi.com\/de\/bevel-arc\/\" \/>\n<meta property=\"og:locale\" content=\"de_DE\" \/>\n<meta property=\"og:type\" content=\"article\" \/>\n<meta property=\"og:title\" content=\"Bevel Arc\" \/>\n<meta property=\"og:description\" content=\"Kontinuierliche Anfasung durch Schwenken ohne unn\u00f6tiges Kippen des Brenners.\" \/>\n<meta property=\"og:url\" content=\"https:\/\/tecoi.com\/bevel-arc\/\" \/>\n<meta property=\"og:site_name\" content=\"Tecoi.com\" \/>\n<meta property=\"article:modified_time\" content=\"2021-08-12T08:52:53+00:00\" \/>\n<meta name=\"twitter:card\" content=\"summary_large_image\" \/>\n<meta name=\"twitter:label1\" content=\"Gesch\u00e4tzte Lesezeit\" \/>\n\t<meta name=\"twitter:data1\" content=\"1\u00a0Minute\" \/>\n<script type=\"application\/ld+json\" class=\"yoast-schema-graph\">{\"@context\":\"https:\\\/\\\/schema.org\",\"@graph\":[{\"@type\":\"WebPage\",\"@id\":\"https:\\\/\\\/tecoi.com\\\/bevel-arc\\\/\",\"url\":\"https:\\\/\\\/tecoi.com\\\/bevel-arc\\\/\",\"name\":\"Bevel Arc\",\"isPartOf\":{\"@id\":\"https:\\\/\\\/tecoi.com\\\/#website\"},\"datePublished\":\"2021-03-16T16:21:03+00:00\",\"dateModified\":\"2021-08-12T08:52:53+00:00\",\"description\":\"Kontinuierliche Anfasung durch Schwenken ohne unn\u00f6tiges Kippen des Brenners.\",\"breadcrumb\":{\"@id\":\"https:\\\/\\\/tecoi.com\\\/bevel-arc\\\/#breadcrumb\"},\"inLanguage\":\"de\",\"potentialAction\":[{\"@type\":\"ReadAction\",\"target\":[\"https:\\\/\\\/tecoi.com\\\/bevel-arc\\\/\"]}]},{\"@type\":\"BreadcrumbList\",\"@id\":\"https:\\\/\\\/tecoi.com\\\/bevel-arc\\\/#breadcrumb\",\"itemListElement\":[{\"@type\":\"ListItem\",\"position\":1,\"name\":\"Home\",\"item\":\"https:\\\/\\\/tecoi.com\\\/de\\\/\"},{\"@type\":\"ListItem\",\"position\":2,\"name\":\"BEVEL ARC\"}]},{\"@type\":\"WebSite\",\"@id\":\"https:\\\/\\\/tecoi.com\\\/#website\",\"url\":\"https:\\\/\\\/tecoi.com\\\/\",\"name\":\"Tecoi.com\",\"description\":\"Sistemas Avanzados de Procesamiento de Chapa\",\"potentialAction\":[{\"@type\":\"SearchAction\",\"target\":{\"@type\":\"EntryPoint\",\"urlTemplate\":\"https:\\\/\\\/tecoi.com\\\/?s={search_term_string}\"},\"query-input\":{\"@type\":\"PropertyValueSpecification\",\"valueRequired\":true,\"valueName\":\"search_term_string\"}}],\"inLanguage\":\"de\"}]}<\/script>\n<!-- \/ Yoast SEO plugin. -->","yoast_head_json":{"title":"Bevel Arc","description":"Kontinuierliche Anfasung durch Schwenken ohne unn\u00f6tiges Kippen des Brenners.","robots":{"index":"index","follow":"follow","max-snippet":"max-snippet:-1","max-image-preview":"max-image-preview:large","max-video-preview":"max-video-preview:-1"},"canonical":"https:\/\/tecoi.com\/de\/bevel-arc\/","og_locale":"de_DE","og_type":"article","og_title":"Bevel Arc","og_description":"Kontinuierliche Anfasung durch Schwenken ohne unn\u00f6tiges Kippen des Brenners.","og_url":"https:\/\/tecoi.com\/bevel-arc\/","og_site_name":"Tecoi.com","article_modified_time":"2021-08-12T08:52:53+00:00","twitter_card":"summary_large_image","twitter_misc":{"Gesch\u00e4tzte Lesezeit":"1\u00a0Minute"},"schema":{"@context":"https:\/\/schema.org","@graph":[{"@type":"WebPage","@id":"https:\/\/tecoi.com\/bevel-arc\/","url":"https:\/\/tecoi.com\/bevel-arc\/","name":"Bevel Arc","isPartOf":{"@id":"https:\/\/tecoi.com\/#website"},"datePublished":"2021-03-16T16:21:03+00:00","dateModified":"2021-08-12T08:52:53+00:00","description":"Kontinuierliche Anfasung durch Schwenken ohne unn\u00f6tiges Kippen des Brenners.","breadcrumb":{"@id":"https:\/\/tecoi.com\/bevel-arc\/#breadcrumb"},"inLanguage":"de","potentialAction":[{"@type":"ReadAction","target":["https:\/\/tecoi.com\/bevel-arc\/"]}]},{"@type":"BreadcrumbList","@id":"https:\/\/tecoi.com\/bevel-arc\/#breadcrumb","itemListElement":[{"@type":"ListItem","position":1,"name":"Home","item":"https:\/\/tecoi.com\/de\/"},{"@type":"ListItem","position":2,"name":"BEVEL ARC"}]},{"@type":"WebSite","@id":"https:\/\/tecoi.com\/#website","url":"https:\/\/tecoi.com\/","name":"Tecoi.com","description":"Sistemas Avanzados de Procesamiento de Chapa","potentialAction":[{"@type":"SearchAction","target":{"@type":"EntryPoint","urlTemplate":"https:\/\/tecoi.com\/?s={search_term_string}"},"query-input":{"@type":"PropertyValueSpecification","valueRequired":true,"valueName":"search_term_string"}}],"inLanguage":"de"}]}},"_links":{"self":[{"href":"https:\/\/tecoi.com\/de\/wp-json\/wp\/v2\/pages\/26482","targetHints":{"allow":["GET"]}}],"collection":[{"href":"https:\/\/tecoi.com\/de\/wp-json\/wp\/v2\/pages"}],"about":[{"href":"https:\/\/tecoi.com\/de\/wp-json\/wp\/v2\/types\/page"}],"author":[{"embeddable":true,"href":"https:\/\/tecoi.com\/de\/wp-json\/wp\/v2\/users\/1"}],"replies":[{"embeddable":true,"href":"https:\/\/tecoi.com\/de\/wp-json\/wp\/v2\/comments?post=26482"}],"version-history":[{"count":0,"href":"https:\/\/tecoi.com\/de\/wp-json\/wp\/v2\/pages\/26482\/revisions"}],"wp:attachment":[{"href":"https:\/\/tecoi.com\/de\/wp-json\/wp\/v2\/media?parent=26482"}],"curies":[{"name":"wp","href":"https:\/\/api.w.org\/{rel}","templated":true}]}}