{"id":26467,"date":"2021-03-16T16:12:54","date_gmt":"2021-03-16T16:12:54","guid":{"rendered":"http:\/\/tecoi.com:8008\/ciscad\/"},"modified":"2021-08-12T08:54:47","modified_gmt":"2021-08-12T08:54:47","slug":"ciscad","status":"publish","type":"page","link":"https:\/\/tecoi.com\/de\/ciscad\/","title":{"rendered":"CISCAD"},"content":{"rendered":"<p>[et_pb_section fb_built=&#8221;1&#8243; admin_label=&#8221;About&#8221; _builder_version=&#8221;4.9.0&#8243; _module_preset=&#8221;default&#8221; custom_margin=&#8221;0px|0px|0px|0px|false|false&#8221; custom_padding=&#8221;0px|0px|0px|0px|false|false&#8221; da_disable_devices=&#8221;off|off|off&#8221; da_is_popup=&#8221;off&#8221; da_exit_intent=&#8221;off&#8221; da_has_close=&#8221;on&#8221; da_alt_close=&#8221;off&#8221; da_dark_close=&#8221;off&#8221; da_not_modal=&#8221;on&#8221; da_is_singular=&#8221;off&#8221; da_with_loader=&#8221;off&#8221; da_has_shadow=&#8221;on&#8221;][et_pb_row column_structure=&#8221;1_2,1_2&#8243; _builder_version=&#8221;4.6.6&#8243; _module_preset=&#8221;default&#8221; custom_margin=&#8221;||||false|false&#8221;][et_pb_column type=&#8221;1_2&#8243; _builder_version=&#8221;4.6.5&#8243; _module_preset=&#8221;default&#8221;][et_pb_image src=&#8221;https:\/\/tecoi.com\/wp-content\/uploads\/2021\/01\/CISCAD.png&#8221; title_text=&#8221;CISCAD&#8221; _builder_version=&#8221;4.9.0&#8243; _module_preset=&#8221;default&#8221;][\/et_pb_image][\/et_pb_column][et_pb_column type=&#8221;1_2&#8243; _builder_version=&#8221;4.6.5&#8243; _module_preset=&#8221;default&#8221;][et_pb_post_title meta=&#8221;off&#8221; featured_image=&#8221;off&#8221; _builder_version=&#8221;4.9.0&#8243; _module_preset=&#8221;default&#8221; title_level=&#8221;h2&#8243; title_font=&#8221;Bebas Neue||||||||&#8221; title_text_color=&#8221;333&#8243; title_font_size=&#8221;80px&#8221; custom_css_main_element=&#8221;padding-top:30px;||padding-right:30px;||margin-left:30px;||&#8221; border_width_bottom=&#8221;50px&#8221; border_color_bottom=&#8221;#f2b735&#8243; saved_tabs=&#8221;all&#8221;][\/et_pb_post_title][et_pb_text _builder_version=&#8221;4.9.7&#8243; _module_preset=&#8221;default&#8221; text_font_size=&#8221;16px&#8221; text_line_height=&#8221;1.8em&#8221; text_font_size_tablet=&#8221;&#8221; text_font_size_phone=&#8221;14px&#8221; text_font_size_last_edited=&#8221;on|phone&#8221;]<\/p>\n<p>Vollst\u00e4ndig von TECOI entwickelte Schneidesoftware. Sein <strong>Hauptmerkmal ist die F\u00e4higkeit<\/strong>, mit unterschiedlichen Schnittqualit\u00e4ten zu arbeiten, je nach der zu erledigenden Arbeit. Damit k\u00f6nnen Sie L\u00f6cher mit unterschiedlichen Geschwindigkeiten schneiden und die H\u00f6he der Konturen steuern, sowie Bohren, Kanten- und Fasenbearbeitung in einem Durchgang, Rohrschneiden, Schleifen usw.<\/p>\n<p>CISCAD<sup>\u00ae<\/sup> ist darauf vorbereitet, mit verschiedenen Schneidtechnologien (Plasma, Autogen und Laser) <strong>zu arbeiten und weist dem Werkzeug automatisch die Schneidleistung zu, die das Teil erfordert.<\/strong> Unser fortschrittliches Softwaresystem integriert die virtuelle Steuerung f\u00fcr die automatischen Gaskonsolen der modernsten Plasmageneratoren sowie alle unsere eigenen<a href=\"http:\/\/www.tecoi.com\/idi\">innovativen L\u00f6sungen.<\/a><\/p>\n<p>Die Software verf\u00fcgt \u00fcber sehr n\u00fctzliche Funktionen f\u00fcr die Ausf\u00fchrung und <strong>\u00dcberwachung von laufenden oder bereits abgeschlossenen<\/strong> Arbeiten: Stundenz\u00e4hler, reale Schneidzeit, Anzahl der Z\u00fcndungen, Dauer der D\u00fcsen, Makros, die entwickelt werden k\u00f6nnen, usw.<\/p>\n<p>Dar\u00fcber hinaus entwickelt unser <strong>Software-Team st\u00e4ndig<\/strong> weiter, so dass alle unsere Maschinen beispielsweise mit den verschiedenen CAD\/CAM-Softwarel\u00f6sungen und deren Postprozessoren kompatibel sind, <a href=\"https:\/\/www.lantek.com\/\" target=\"_blank\" rel=\"noopener\">LANTEK<sup>TM<\/sup><\/a>, <a href=\"https:\/\/www.almacam.com\/\" target=\"_blank\" rel=\"noopener\">Almacam<\/a>, <a href=\"https:\/\/www.pronest.no\/es\/\" target=\"_blank\" rel=\"noopener\">Pronest<\/a>, <a href=\"https:\/\/hexagonppm.com\/es-es\/offerings\/products\/intergraph-smart-production-powered-by-nestix\" target=\"_blank\" rel=\"noopener\">Nestix<\/a> y <a href=\"https:\/\/www.sigmanest.com\/es\/\" target=\"_blank\" rel=\"noopener\">Sigmanest<\/a> .<\/p>\n<\/p>\n<p>\n            <a style=\"padding: 12px; background-color: #f2b735; color: #000; border-radius: 12px; font-size: 14px!important;\" href=\"https:\/\/tecoi.com\/de\/kontakt\/\"><u>Kontaktieren Sie uns unverbindlich<\/u> <\/a>\n          <\/p>\n<p>[\/et_pb_text][\/et_pb_column][\/et_pb_row][\/et_pb_section]<\/p>\n","protected":false},"excerpt":{"rendered":"<p>Vollst\u00e4ndig von TECOI entwickelte Schneidesoftware. Sein Hauptmerkmal ist die F\u00e4higkeit, mit unterschiedlichen Schnittqualit\u00e4ten zu arbeiten, je nach der zu erledigenden Arbeit. Damit k\u00f6nnen Sie L\u00f6cher mit unterschiedlichen Geschwindigkeiten schneiden und die H\u00f6he der Konturen steuern, sowie Bohren, Kanten- und Fasenbearbeitung in einem Durchgang, Rohrschneiden, Schleifen usw. CISCAD\u00ae ist darauf vorbereitet, mit verschiedenen Schneidtechnologien (Plasma, Autogen [&hellip;]<\/p>\n","protected":false},"author":1,"featured_media":0,"parent":0,"menu_order":0,"comment_status":"closed","ping_status":"closed","template":"","meta":{"_et_pb_use_builder":"on","_et_pb_old_content":"","_et_gb_content_width":"","inline_featured_image":false,"footnotes":""},"class_list":["post-26467","page","type-page","status-publish","hentry"],"yoast_head":"<!-- This site is optimized with the Yoast SEO plugin v27.4 - https:\/\/yoast.com\/product\/yoast-seo-wordpress\/ -->\n<title>Vollst\u00e4ndig von TECOI entwickelte Schneidesoftware<\/title>\n<meta name=\"description\" content=\"CISCAD\u00ae ist darauf vorbereitet, mit verschiedenen Schneidtechnologien (Plasma, Autogen und Laser).\" \/>\n<meta name=\"robots\" content=\"index, follow, max-snippet:-1, max-image-preview:large, max-video-preview:-1\" \/>\n<link rel=\"canonical\" href=\"https:\/\/tecoi.com\/de\/ciscad\/\" \/>\n<meta property=\"og:locale\" content=\"de_DE\" \/>\n<meta property=\"og:type\" content=\"article\" \/>\n<meta property=\"og:title\" content=\"Vollst\u00e4ndig von TECOI entwickelte Schneidesoftware\" \/>\n<meta property=\"og:description\" content=\"CISCAD\u00ae ist darauf vorbereitet, mit verschiedenen Schneidtechnologien (Plasma, Autogen und Laser).\" \/>\n<meta property=\"og:url\" content=\"https:\/\/tecoi.com\/de\/ciscad\/\" \/>\n<meta property=\"og:site_name\" content=\"Tecoi.com\" \/>\n<meta property=\"article:modified_time\" content=\"2021-08-12T08:54:47+00:00\" \/>\n<meta name=\"twitter:card\" content=\"summary_large_image\" \/>\n<meta name=\"twitter:label1\" content=\"Gesch\u00e4tzte Lesezeit\" \/>\n\t<meta name=\"twitter:data1\" content=\"2\u00a0Minuten\" \/>\n<script type=\"application\/ld+json\" class=\"yoast-schema-graph\">{\"@context\":\"https:\\\/\\\/schema.org\",\"@graph\":[{\"@type\":\"WebPage\",\"@id\":\"https:\\\/\\\/tecoi.com\\\/de\\\/ciscad\\\/\",\"url\":\"https:\\\/\\\/tecoi.com\\\/de\\\/ciscad\\\/\",\"name\":\"Vollst\u00e4ndig von TECOI entwickelte Schneidesoftware\",\"isPartOf\":{\"@id\":\"https:\\\/\\\/tecoi.com\\\/#website\"},\"datePublished\":\"2021-03-16T16:12:54+00:00\",\"dateModified\":\"2021-08-12T08:54:47+00:00\",\"description\":\"CISCAD\u00ae ist darauf vorbereitet, mit verschiedenen Schneidtechnologien (Plasma, Autogen und Laser).\",\"breadcrumb\":{\"@id\":\"https:\\\/\\\/tecoi.com\\\/de\\\/ciscad\\\/#breadcrumb\"},\"inLanguage\":\"de\",\"potentialAction\":[{\"@type\":\"ReadAction\",\"target\":[\"https:\\\/\\\/tecoi.com\\\/de\\\/ciscad\\\/\"]}]},{\"@type\":\"BreadcrumbList\",\"@id\":\"https:\\\/\\\/tecoi.com\\\/de\\\/ciscad\\\/#breadcrumb\",\"itemListElement\":[{\"@type\":\"ListItem\",\"position\":1,\"name\":\"Home\",\"item\":\"https:\\\/\\\/tecoi.com\\\/de\\\/\"},{\"@type\":\"ListItem\",\"position\":2,\"name\":\"CISCAD\"}]},{\"@type\":\"WebSite\",\"@id\":\"https:\\\/\\\/tecoi.com\\\/#website\",\"url\":\"https:\\\/\\\/tecoi.com\\\/\",\"name\":\"Tecoi.com\",\"description\":\"Sistemas Avanzados de Procesamiento de Chapa\",\"potentialAction\":[{\"@type\":\"SearchAction\",\"target\":{\"@type\":\"EntryPoint\",\"urlTemplate\":\"https:\\\/\\\/tecoi.com\\\/?s={search_term_string}\"},\"query-input\":{\"@type\":\"PropertyValueSpecification\",\"valueRequired\":true,\"valueName\":\"search_term_string\"}}],\"inLanguage\":\"de\"}]}<\/script>\n<!-- \/ Yoast SEO plugin. -->","yoast_head_json":{"title":"Vollst\u00e4ndig von TECOI entwickelte Schneidesoftware","description":"CISCAD\u00ae ist darauf vorbereitet, mit verschiedenen Schneidtechnologien (Plasma, Autogen und Laser).","robots":{"index":"index","follow":"follow","max-snippet":"max-snippet:-1","max-image-preview":"max-image-preview:large","max-video-preview":"max-video-preview:-1"},"canonical":"https:\/\/tecoi.com\/de\/ciscad\/","og_locale":"de_DE","og_type":"article","og_title":"Vollst\u00e4ndig von TECOI entwickelte Schneidesoftware","og_description":"CISCAD\u00ae ist darauf vorbereitet, mit verschiedenen Schneidtechnologien (Plasma, Autogen und Laser).","og_url":"https:\/\/tecoi.com\/de\/ciscad\/","og_site_name":"Tecoi.com","article_modified_time":"2021-08-12T08:54:47+00:00","twitter_card":"summary_large_image","twitter_misc":{"Gesch\u00e4tzte Lesezeit":"2\u00a0Minuten"},"schema":{"@context":"https:\/\/schema.org","@graph":[{"@type":"WebPage","@id":"https:\/\/tecoi.com\/de\/ciscad\/","url":"https:\/\/tecoi.com\/de\/ciscad\/","name":"Vollst\u00e4ndig von TECOI entwickelte Schneidesoftware","isPartOf":{"@id":"https:\/\/tecoi.com\/#website"},"datePublished":"2021-03-16T16:12:54+00:00","dateModified":"2021-08-12T08:54:47+00:00","description":"CISCAD\u00ae ist darauf vorbereitet, mit verschiedenen Schneidtechnologien (Plasma, Autogen und Laser).","breadcrumb":{"@id":"https:\/\/tecoi.com\/de\/ciscad\/#breadcrumb"},"inLanguage":"de","potentialAction":[{"@type":"ReadAction","target":["https:\/\/tecoi.com\/de\/ciscad\/"]}]},{"@type":"BreadcrumbList","@id":"https:\/\/tecoi.com\/de\/ciscad\/#breadcrumb","itemListElement":[{"@type":"ListItem","position":1,"name":"Home","item":"https:\/\/tecoi.com\/de\/"},{"@type":"ListItem","position":2,"name":"CISCAD"}]},{"@type":"WebSite","@id":"https:\/\/tecoi.com\/#website","url":"https:\/\/tecoi.com\/","name":"Tecoi.com","description":"Sistemas Avanzados de Procesamiento de Chapa","potentialAction":[{"@type":"SearchAction","target":{"@type":"EntryPoint","urlTemplate":"https:\/\/tecoi.com\/?s={search_term_string}"},"query-input":{"@type":"PropertyValueSpecification","valueRequired":true,"valueName":"search_term_string"}}],"inLanguage":"de"}]}},"_links":{"self":[{"href":"https:\/\/tecoi.com\/de\/wp-json\/wp\/v2\/pages\/26467","targetHints":{"allow":["GET"]}}],"collection":[{"href":"https:\/\/tecoi.com\/de\/wp-json\/wp\/v2\/pages"}],"about":[{"href":"https:\/\/tecoi.com\/de\/wp-json\/wp\/v2\/types\/page"}],"author":[{"embeddable":true,"href":"https:\/\/tecoi.com\/de\/wp-json\/wp\/v2\/users\/1"}],"replies":[{"embeddable":true,"href":"https:\/\/tecoi.com\/de\/wp-json\/wp\/v2\/comments?post=26467"}],"version-history":[{"count":0,"href":"https:\/\/tecoi.com\/de\/wp-json\/wp\/v2\/pages\/26467\/revisions"}],"wp:attachment":[{"href":"https:\/\/tecoi.com\/de\/wp-json\/wp\/v2\/media?parent=26467"}],"curies":[{"name":"wp","href":"https:\/\/api.w.org\/{rel}","templated":true}]}}